{"id":19851,"date":"2025-03-19T14:56:05","date_gmt":"2025-03-19T13:56:05","guid":{"rendered":"https:\/\/limage-et-le-livre.com\/shop\/uncategorized\/traite-elementaire-du-jeu-des-echecs-avec-cent-parties-des-joueurs-les-plus-celebres-precede-de-melanges-historiques-anecdotiques-et-litteraires\/"},"modified":"2025-03-20T14:25:47","modified_gmt":"2025-03-20T13:25:47","slug":"traite-elementaire-du-jeu-des-echecs-avec-cent-parties-des-joueurs-les-plus-celebres-precede-de-melanges-historiques-anecdotiques-et-litteraires","status":"publish","type":"product","link":"https:\/\/limage-et-le-livre.com\/en\/books\/art-of-living\/traite-elementaire-du-jeu-des-echecs-avec-cent-parties-des-joueurs-les-plus-celebres-precede-de-melanges-historiques-anecdotiques-et-litteraires\/","title":{"rendered":"Traite Elementaire Du Jeu Des Echecs..."},"content":{"rendered":"<p>Paris, Allouard, 1863; in-8 (217x145mm), 507 pp. frontispiece. Black half-chagrin, titled spine, black title page. Second edition of this work dedicated to chess, which &#8220;is sold at the Caf\u00e9 de la R\u00e9gence&#8221;, a famous Parisian caf\u00e9 frequented by many chess players, including Deschapelles, Philidor and Alfred de Musset. Stain on lower cover, corners slightly dulled, fold at top corner of first two pages.   <\/p>\n<div id=\"gtx-trans\" style=\"position: absolute; left: -67px; top: -10px;\">\n<div class=\"gtx-trans-icon\"><\/div>\n<\/div>\n","protected":false},"excerpt":{"rendered":"<p>Paris, Allouard, 1863; in-8 (217x145mm), 507 pp. frontispiece. Black half-chagrin, titled spine, black title page. Second edition of this work<\/p>\n","protected":false},"featured_media":11619,"template":"","meta":[],"product_brand":[],"product_cat":[5354,5342],"product_tag":[],"class_list":{"0":"post-19851","1":"product","2":"type-product","3":"status-publish","4":"has-post-thumbnail","6":"product_cat-art-of-living","7":"product_cat-books","8":"pa_annee-de-publication-1863-en","9":"pa_dimension-in-8-en","10":"pa_editeur-allouard-en","11":"pa_etat-de-conservation-good","12":"pa_langue-french","13":"pa_lieu-de-publication-paris-en","14":"pa_type-couverture-hard-cover","16":"first","17":"outofstock","18":"purchasable","19":"product-type-simple"},"_links":{"self":[{"href":"https:\/\/limage-et-le-livre.com\/en\/wp-json\/wp\/v2\/product\/19851","targetHints":{"allow":["GET"]}}],"collection":[{"href":"https:\/\/limage-et-le-livre.com\/en\/wp-json\/wp\/v2\/product"}],"about":[{"href":"https:\/\/limage-et-le-livre.com\/en\/wp-json\/wp\/v2\/types\/product"}],"version-history":[{"count":0,"href":"https:\/\/limage-et-le-livre.com\/en\/wp-json\/wp\/v2\/product\/19851\/revisions"}],"wp:featuredmedia":[{"embeddable":true,"href":"https:\/\/limage-et-le-livre.com\/en\/wp-json\/wp\/v2\/media\/11619"}],"wp:attachment":[{"href":"https:\/\/limage-et-le-livre.com\/en\/wp-json\/wp\/v2\/media?parent=19851"}],"wp:term":[{"taxonomy":"product_brand","embeddable":true,"href":"https:\/\/limage-et-le-livre.com\/en\/wp-json\/wp\/v2\/product_brand?post=19851"},{"taxonomy":"product_cat","embeddable":true,"href":"https:\/\/limage-et-le-livre.com\/en\/wp-json\/wp\/v2\/product_cat?post=19851"},{"taxonomy":"product_tag","embeddable":true,"href":"https:\/\/limage-et-le-livre.com\/en\/wp-json\/wp\/v2\/product_tag?post=19851"}],"curies":[{"name":"wp","href":"https:\/\/api.w.org\/{rel}","templated":true}]}}