{"id":19878,"date":"2025-03-19T14:56:18","date_gmt":"2025-03-19T13:56:18","guid":{"rendered":"https:\/\/limage-et-le-livre.com\/shop\/uncategorized\/recueil-de-10-pieces-concernant-les-jesuites-dont-bref-de-n-s-p-le-pape-clement-xiv-en-date-du-xxi-juillet-1773-portant-suppression-de-lordre-regulier-dit-societe-de-jesus\/"},"modified":"2025-03-20T17:49:23","modified_gmt":"2025-03-20T16:49:23","slug":"recueil-de-10-pieces-concernant-les-jesuites-dont-bref-de-n-s-p-le-pape-clement-xiv-en-date-du-xxi-juillet-1773-portant-suppression-de-lordre-regulier-dit-societe-de-jesus","status":"publish","type":"product","link":"https:\/\/limage-et-le-livre.com\/en\/books\/religion-en\/recueil-de-10-pieces-concernant-les-jesuites-dont-bref-de-n-s-p-le-pape-clement-xiv-en-date-du-xxi-juillet-1773-portant-suppression-de-lordre-regulier-dit-societe-de-jesus\/","title":{"rendered":"Recueil De 10 Pi\u00e8ces Concernant Les..."},"content":{"rendered":"<p>Collection of 10 pieces concerning the Jesuits. BREF DE N. S. P. LE PAPE CLEMENT XIV, En date du XXI Juillet 1773, Portant Suppression de l&#8217;Ordre r\u00e9gulier dit SOCIETE DE JESUS. Followed by : AFFAIRES PRESENTES DU PARLEMENT D&#8217;AIX, CONCERNANT LES JESUITES. Followed by: MOTIFS DES ARRETS ET ARRETES DU Parlement de Provence des 5, 19 et 30 Juin, 2, 4, 6 et 7 Octobre, concernant l&#8217;affaire des soi-disant J\u00e9suites. Followed by : ARREST DE LA COUR DU PARLEMENT, DE PROVENCE. May 30, 1767. Aix, chez la veuve de J. David et E. David, 1767. Followed by : ARRET DU PARLEMENT DE TOULOUSE (&#8230;) du 16 f\u00e9vrier 1763. A Toulouse, chez la Veuve Lecamus. Followed by: DISCOURS, ARRETES ET ARRET DU PARLEMENT DE NORMANDIE, Concernant les ci-devant soi-disans J\u00e9suites. May 14 &amp; 19, 1767. Pr\u00e8s la Rougemare, de l&#8217;imprimerie de Richard Lallemant, 1767 Suivi de : EXTRAIT des Registres des D\u00e9lib\u00e9rations de la Cour Souveraine de Lorraine et Barrois. August 5, 1766. Followed by : LA FRANCE AU PARLEMENT. POET. Followed by : ADVIS SECRETS DE LA SOCIETE DE JESUS. A Paderborn (Paris), 1661. Followed by: XIIme SUITE DU RECUEIL DES PIECES CONCERNANT LES JESUITES D&#8217;ESPAGNE ET DE PORTUGAL. A Barcelone et \u00e0 Lisbonne, Paris, Antoine Boudet, 1770. In-12 (169x103mm), 69 pp. and 1 f.n.ch., 18 pp. and 1 f.n.ch., 77 pp. and 23 pp. and 1 f.n.ch., 20 pp. and 44 pp and 33 pp. and 47 pp. and 71 pp. and 104 pp. Contemporary full marbled calf, smooth spine titled and decorated. Lower corners slightly dulled, marginal stains on about 30 pages.<\/p>\n<div id=\"gtx-trans\" style=\"position: absolute; left: -67px; top: -10px;\">\n<div class=\"gtx-trans-icon\"><\/div>\n<\/div>\n","protected":false},"excerpt":{"rendered":"<p>Collection of 10 pieces concerning the Jesuits. BREF DE N. S. P. LE PAPE CLEMENT XIV, En date du XXI<\/p>\n","protected":false},"featured_media":11708,"template":"","meta":[],"product_brand":[],"product_cat":[5342,5362],"product_tag":[5560,5615],"class_list":{"0":"post-19878","1":"product","2":"type-product","3":"status-publish","4":"has-post-thumbnail","6":"product_cat-books","7":"product_cat-religion-en","8":"product_tag-history","9":"product_tag-religion-en","10":"pa_dimension-in-12-en","11":"pa_etat-de-conservation-good","12":"pa_langue-french","13":"pa_type-couverture-hard-cover","14":"pa_volume-1-en","16":"first","17":"instock","18":"purchasable","19":"product-type-simple"},"_links":{"self":[{"href":"https:\/\/limage-et-le-livre.com\/en\/wp-json\/wp\/v2\/product\/19878","targetHints":{"allow":["GET"]}}],"collection":[{"href":"https:\/\/limage-et-le-livre.com\/en\/wp-json\/wp\/v2\/product"}],"about":[{"href":"https:\/\/limage-et-le-livre.com\/en\/wp-json\/wp\/v2\/types\/product"}],"version-history":[{"count":0,"href":"https:\/\/limage-et-le-livre.com\/en\/wp-json\/wp\/v2\/product\/19878\/revisions"}],"wp:featuredmedia":[{"embeddable":true,"href":"https:\/\/limage-et-le-livre.com\/en\/wp-json\/wp\/v2\/media\/11708"}],"wp:attachment":[{"href":"https:\/\/limage-et-le-livre.com\/en\/wp-json\/wp\/v2\/media?parent=19878"}],"wp:term":[{"taxonomy":"product_brand","embeddable":true,"href":"https:\/\/limage-et-le-livre.com\/en\/wp-json\/wp\/v2\/product_brand?post=19878"},{"taxonomy":"product_cat","embeddable":true,"href":"https:\/\/limage-et-le-livre.com\/en\/wp-json\/wp\/v2\/product_cat?post=19878"},{"taxonomy":"product_tag","embeddable":true,"href":"https:\/\/limage-et-le-livre.com\/en\/wp-json\/wp\/v2\/product_tag?post=19878"}],"curies":[{"name":"wp","href":"https:\/\/api.w.org\/{rel}","templated":true}]}}