{"id":19899,"date":"2025-03-19T14:56:25","date_gmt":"2025-03-19T13:56:25","guid":{"rendered":"https:\/\/limage-et-le-livre.com\/shop\/uncategorized\/map-of-new-england-new-york-and-pensilvania\/"},"modified":"2025-03-20T17:49:32","modified_gmt":"2025-03-20T16:49:32","slug":"map-of-new-england-new-york-and-pensilvania","status":"publish","type":"product","link":"https:\/\/limage-et-le-livre.com\/en\/prints-and-engravings\/prints\/cartography-and-travel\/america\/united-states\/map-of-new-england-new-york-and-pensilvania\/","title":{"rendered":"Map Of New England, New York..."},"content":{"rendered":"<p>CARTE DE LA NOUVELLE ANGLETERRE, NOUVELLE YORK ET PENSILVANIE Pour servir \u00e0 l&#8217;Histoire G\u00e9n\u00e9rale des Voyages. Jacques-Nicolas Bellin (1703, Paris &#8211; 1772, Versailles) 1757 Copper engraving Sheet size: 252 x 362 mm Plate size: 217 x 314 mm Hand-colored. Fine condition.  <\/p>\n<div id=\"gtx-trans\" style=\"position: absolute; left: -67px; top: -10px;\">\n<div class=\"gtx-trans-icon\"><\/div>\n<\/div>\n","protected":false},"excerpt":{"rendered":"<p>CARTE DE LA NOUVELLE ANGLETERRE, NOUVELLE YORK ET PENSILVANIE Pour servir \u00e0 l&#8217;Histoire G\u00e9n\u00e9rale des Voyages. Jacques-Nicolas Bellin (1703, Paris<\/p>\n","protected":false},"featured_media":11751,"template":"","meta":[],"product_brand":[],"product_cat":[5389,5342,5388,5387,5386,5390],"product_tag":[],"class_list":{"0":"post-19899","1":"product","2":"type-product","3":"status-publish","4":"has-post-thumbnail","6":"product_cat-america","7":"product_cat-books","8":"product_cat-cartography-and-travel","9":"product_cat-prints","10":"product_cat-prints-and-engravings","11":"product_cat-united-states","12":"pa_annee-de-publication-1757-en","13":"pa_etat-de-conservation-good","14":"pa_langue-french","15":"pa_type-couverture-no-cover","17":"first","18":"outofstock","19":"purchasable","20":"product-type-simple"},"_links":{"self":[{"href":"https:\/\/limage-et-le-livre.com\/en\/wp-json\/wp\/v2\/product\/19899","targetHints":{"allow":["GET"]}}],"collection":[{"href":"https:\/\/limage-et-le-livre.com\/en\/wp-json\/wp\/v2\/product"}],"about":[{"href":"https:\/\/limage-et-le-livre.com\/en\/wp-json\/wp\/v2\/types\/product"}],"version-history":[{"count":0,"href":"https:\/\/limage-et-le-livre.com\/en\/wp-json\/wp\/v2\/product\/19899\/revisions"}],"wp:featuredmedia":[{"embeddable":true,"href":"https:\/\/limage-et-le-livre.com\/en\/wp-json\/wp\/v2\/media\/11751"}],"wp:attachment":[{"href":"https:\/\/limage-et-le-livre.com\/en\/wp-json\/wp\/v2\/media?parent=19899"}],"wp:term":[{"taxonomy":"product_brand","embeddable":true,"href":"https:\/\/limage-et-le-livre.com\/en\/wp-json\/wp\/v2\/product_brand?post=19899"},{"taxonomy":"product_cat","embeddable":true,"href":"https:\/\/limage-et-le-livre.com\/en\/wp-json\/wp\/v2\/product_cat?post=19899"},{"taxonomy":"product_tag","embeddable":true,"href":"https:\/\/limage-et-le-livre.com\/en\/wp-json\/wp\/v2\/product_tag?post=19899"}],"curies":[{"name":"wp","href":"https:\/\/api.w.org\/{rel}","templated":true}]}}