{"id":21039,"date":"2025-03-24T12:06:39","date_gmt":"2025-03-24T11:06:39","guid":{"rendered":"https:\/\/limage-et-le-livre.com\/?post_type=product&#038;p=21039"},"modified":"2026-03-12T16:09:09","modified_gmt":"2026-03-12T15:09:09","slug":"recherches-historiques-sur-les-anabaptistes-de-lancienne-principaute-de-montbeliard-dalsace-et-des-regions-voisines","status":"publish","type":"product","link":"https:\/\/limage-et-le-livre.com\/en\/gravures-et-estampes\/estampes\/cartographie-et-voyage\/france-cartographie-et-voyage\/franche-comte\/recherches-historiques-sur-les-anabaptistes-de-lancienne-principaute-de-montbeliard-dalsace-et-des-regions-voisines\/","title":{"rendered":"Recherches historiques sur les Anabaptistes de..."},"content":{"rendered":"<p>Belfort, Editions de la Mission int\u00e9rieure, 1922 ; in-12 de 148 pp.+ (6) ff. d&#8217;annexe et de table. Demi-veau glac\u00e9 moderne, dos \u00e0 nerfs, titre et auteur dor\u00e9s entre deux filets dor\u00e9s. Tableau des principales familles \u00ab Anabaptistes \u00bb entr\u00e9es dans la Principaut\u00e9 de Montb\u00e9liard en annexe. Couverture d\u2019origines conserv\u00e9es. Envoi de l&#8217;auteur sur la page de couverture. Tampons d\u2019ex-libris de P. Grispoux. Bel exemplaire bien reli\u00e9<\/p>\n<p>;<\/p>\n","protected":false},"excerpt":{"rendered":"<p>Recherches historiques sur les Anabaptistes de l&#8217;Ancienne Principaut\u00e9 de Montb\u00e9liard, d\u2019Alsace et des r\u00e9gions voisines. MATHIOT (Charles). 1922.<\/p>\n","protected":false},"featured_media":21029,"template":"","meta":[],"product_brand":[],"product_cat":[10345,5121,8375,5120,10346,5114],"product_tag":[877,870,8270,8390,8391,8389,5573],"class_list":{"0":"post-21039","1":"product","2":"type-product","3":"status-publish","4":"has-post-thumbnail","6":"product_cat-alsatique","7":"product_cat-france","8":"product_cat-franche-comte","9":"product_cat-geographie-et-voyages","10":"product_cat-histoire","11":"product_cat-livres","12":"product_tag-alsace","13":"product_tag-alsatique","14":"product_tag-anabaptiste","15":"product_tag-france-comte","16":"product_tag-mennonites","17":"product_tag-montbeliard","18":"product_tag-reforme","19":"product_shipping_class-cat-livraison-2","20":"pa_annee-de-publication-3722","21":"pa_dimension-in-12","22":"pa_editeur-editions-de-la-mission-interieure","23":"pa_etat-de-conservation-tres-bon","24":"pa_langue-francais","25":"pa_lieu-de-publication-belfort","26":"pa_signature-dedicace-par-lauteur","27":"pa_type-couverture-couverture-rigide","29":"first","30":"instock","31":"shipping-taxable","32":"purchasable","33":"product-type-simple"},"_links":{"self":[{"href":"https:\/\/limage-et-le-livre.com\/en\/wp-json\/wp\/v2\/product\/21039","targetHints":{"allow":["GET"]}}],"collection":[{"href":"https:\/\/limage-et-le-livre.com\/en\/wp-json\/wp\/v2\/product"}],"about":[{"href":"https:\/\/limage-et-le-livre.com\/en\/wp-json\/wp\/v2\/types\/product"}],"version-history":[{"count":0,"href":"https:\/\/limage-et-le-livre.com\/en\/wp-json\/wp\/v2\/product\/21039\/revisions"}],"wp:featuredmedia":[{"embeddable":true,"href":"https:\/\/limage-et-le-livre.com\/en\/wp-json\/wp\/v2\/media\/21029"}],"wp:attachment":[{"href":"https:\/\/limage-et-le-livre.com\/en\/wp-json\/wp\/v2\/media?parent=21039"}],"wp:term":[{"taxonomy":"product_brand","embeddable":true,"href":"https:\/\/limage-et-le-livre.com\/en\/wp-json\/wp\/v2\/product_brand?post=21039"},{"taxonomy":"product_cat","embeddable":true,"href":"https:\/\/limage-et-le-livre.com\/en\/wp-json\/wp\/v2\/product_cat?post=21039"},{"taxonomy":"product_tag","embeddable":true,"href":"https:\/\/limage-et-le-livre.com\/en\/wp-json\/wp\/v2\/product_tag?post=21039"}],"curies":[{"name":"wp","href":"https:\/\/api.w.org\/{rel}","templated":true}]}}