{"id":21077,"date":"2025-03-24T12:15:03","date_gmt":"2025-03-24T11:15:03","guid":{"rendered":"https:\/\/limage-et-le-livre.com\/?post_type=product&#038;p=21077"},"modified":"2026-03-12T16:09:09","modified_gmt":"2026-03-12T15:09:09","slug":"traite-elementaire-et-pratique-darboriculture-taille-et-conduite-des-arbres-fruitiers","status":"publish","type":"product","link":"https:\/\/limage-et-le-livre.com\/en\/books\/science-and-technology\/natural-history-and-botany\/traite-elementaire-et-pratique-darboriculture-taille-et-conduite-des-arbres-fruitiers\/","title":{"rendered":"Trait\u00e9 \u00e9l\u00e9mentaire et pratique d&#8217;arboriculture :..."},"content":{"rendered":"<p>Colmar, Imprimerie et lithographie de Camille Decker, 1863 ; in-8 de 77 pp + 17 planches. Demi-chagrin moderne, dos \u00e0 nerfs, auteur, titre, fleuron et filets dor\u00e9s. Rousseurs sur les planches. Edition originale, bien compl\u00e8te des 17 planches. Couverture sup\u00e9rieure conserv\u00e9e. Louis Menet \u00e9tait jardinier en chef chez Georges Steinbach, industriel de Mulhouse. Le jardin de sa demeure est l\u2019actuel parc Steinbach.<\/p>\n","protected":false},"excerpt":{"rendered":"<p>Trait\u00e9 \u00e9l\u00e9mentaire et pratique d&#8217;arboriculture : taille et conduite des arbres fruitiers. MENET (Louis). 1863.<\/p>\n","protected":false},"featured_media":21037,"template":"","meta":[],"product_brand":[],"product_cat":[5153,5114,5115],"product_tag":[877,870,8392,5603,8393],"class_list":{"0":"post-21077","1":"product","2":"type-product","3":"status-publish","4":"has-post-thumbnail","6":"product_cat-histoire-naturelle-et-botanique","7":"product_cat-livres","8":"product_cat-sciences-et-techniques","9":"product_tag-alsace","10":"product_tag-alsatique","11":"product_tag-arboriculture","12":"product_tag-botanique","13":"product_tag-fruitiers","14":"product_shipping_class-cat-livraison-2","15":"pa_annee-de-publication-319","16":"pa_dimension-in-8","17":"pa_editeur-imprimerie-et-lithographie-de-camille-decker","18":"pa_etat-de-conservation-bon","19":"pa_langue-francais","20":"pa_lieu-de-publication-colmar","22":"first","23":"instock","24":"shipping-taxable","25":"purchasable","26":"product-type-simple"},"_links":{"self":[{"href":"https:\/\/limage-et-le-livre.com\/en\/wp-json\/wp\/v2\/product\/21077","targetHints":{"allow":["GET"]}}],"collection":[{"href":"https:\/\/limage-et-le-livre.com\/en\/wp-json\/wp\/v2\/product"}],"about":[{"href":"https:\/\/limage-et-le-livre.com\/en\/wp-json\/wp\/v2\/types\/product"}],"version-history":[{"count":0,"href":"https:\/\/limage-et-le-livre.com\/en\/wp-json\/wp\/v2\/product\/21077\/revisions"}],"wp:featuredmedia":[{"embeddable":true,"href":"https:\/\/limage-et-le-livre.com\/en\/wp-json\/wp\/v2\/media\/21037"}],"wp:attachment":[{"href":"https:\/\/limage-et-le-livre.com\/en\/wp-json\/wp\/v2\/media?parent=21077"}],"wp:term":[{"taxonomy":"product_brand","embeddable":true,"href":"https:\/\/limage-et-le-livre.com\/en\/wp-json\/wp\/v2\/product_brand?post=21077"},{"taxonomy":"product_cat","embeddable":true,"href":"https:\/\/limage-et-le-livre.com\/en\/wp-json\/wp\/v2\/product_cat?post=21077"},{"taxonomy":"product_tag","embeddable":true,"href":"https:\/\/limage-et-le-livre.com\/en\/wp-json\/wp\/v2\/product_tag?post=21077"}],"curies":[{"name":"wp","href":"https:\/\/api.w.org\/{rel}","templated":true}]}}