{"id":21097,"date":"2025-03-26T17:52:20","date_gmt":"2025-03-26T16:52:20","guid":{"rendered":"https:\/\/limage-et-le-livre.com\/?post_type=product&#038;p=21097"},"modified":"2026-03-12T16:09:08","modified_gmt":"2026-03-12T15:09:08","slug":"carte-du-groenland","status":"publish","type":"product","link":"https:\/\/limage-et-le-livre.com\/en\/gravures-et-estampes\/estampes\/cartographie-et-voyage\/europe-cartographie-et-voyage\/scandinavie\/danemark\/carte-du-groenland\/","title":{"rendered":"Carte du Groenland"},"content":{"rendered":"<p>Carte du Groenland. Gravure sur cuivre de Laurent. XVIIIe si\u00e8cle. Coloris main. L\u00e9g\u00e8res rousseurs marginales. Dimension du feuillet : 246 x 346 mm. Dimension du sujet : 215 x 265 mm.<\/p>\n","protected":false},"excerpt":{"rendered":"<p>Carte du Groenland. Gravure sur cuivre de Laurent. XVIIIe si\u00e8cle.<\/p>\n","protected":false},"featured_media":21095,"template":"","meta":[],"product_brand":[],"product_cat":[5311,5160,5159,5135,5158,5210],"product_tag":[3262,3261,9786],"class_list":{"0":"post-21097","1":"product","2":"type-product","3":"status-publish","4":"has-post-thumbnail","6":"product_cat-danemark","7":"product_cat-cartographie-et-voyage","8":"product_cat-estampes","9":"product_cat-europe","10":"product_cat-gravures-et-estampes","11":"product_cat-scandinavie","12":"product_tag-carte-ancienne","13":"product_tag-carte-geographique","14":"product_tag-groenland","15":"product_shipping_class-cat-livraison-2","16":"pa_etat-de-conservation-tres-bon","17":"pa_langue-francais","19":"first","20":"instock","21":"shipping-taxable","22":"purchasable","23":"product-type-simple"},"_links":{"self":[{"href":"https:\/\/limage-et-le-livre.com\/en\/wp-json\/wp\/v2\/product\/21097","targetHints":{"allow":["GET"]}}],"collection":[{"href":"https:\/\/limage-et-le-livre.com\/en\/wp-json\/wp\/v2\/product"}],"about":[{"href":"https:\/\/limage-et-le-livre.com\/en\/wp-json\/wp\/v2\/types\/product"}],"version-history":[{"count":0,"href":"https:\/\/limage-et-le-livre.com\/en\/wp-json\/wp\/v2\/product\/21097\/revisions"}],"wp:featuredmedia":[{"embeddable":true,"href":"https:\/\/limage-et-le-livre.com\/en\/wp-json\/wp\/v2\/media\/21095"}],"wp:attachment":[{"href":"https:\/\/limage-et-le-livre.com\/en\/wp-json\/wp\/v2\/media?parent=21097"}],"wp:term":[{"taxonomy":"product_brand","embeddable":true,"href":"https:\/\/limage-et-le-livre.com\/en\/wp-json\/wp\/v2\/product_brand?post=21097"},{"taxonomy":"product_cat","embeddable":true,"href":"https:\/\/limage-et-le-livre.com\/en\/wp-json\/wp\/v2\/product_cat?post=21097"},{"taxonomy":"product_tag","embeddable":true,"href":"https:\/\/limage-et-le-livre.com\/en\/wp-json\/wp\/v2\/product_tag?post=21097"}],"curies":[{"name":"wp","href":"https:\/\/api.w.org\/{rel}","templated":true}]}}