{"id":21099,"date":"2025-03-26T18:04:19","date_gmt":"2025-03-26T17:04:19","guid":{"rendered":"https:\/\/limage-et-le-livre.com\/?post_type=product&#038;p=21099"},"modified":"2026-03-12T16:07:56","modified_gmt":"2026-03-12T15:07:56","slug":"place-de-leglise-de-st-marc-et-la-grande-place-terminee-par-leglise-de-st-geminien-a-venise","status":"publish","type":"product","link":"https:\/\/limage-et-le-livre.com\/en\/books\/geography-and-travel\/europe-en\/italy\/place-de-leglise-de-st-marc-et-la-grande-place-terminee-par-leglise-de-st-geminien-a-venise\/","title":{"rendered":"Place de l&#8217;Eglise de St Marc..."},"content":{"rendered":"<p>Place de l&#8217;Eglise de St Marc et la grande Place termin\u00e9e par l&#8217;Eglise de St Geminien \u00e0 Venise. Vue d&#8217;optique. Gravure sur cuivre. Coloris d&#8217;\u00e9poque. XVIIIe si\u00e8cle. Edit\u00e9 par Jacques-Fran\u00e7ois Chereau (1742-1794) \u00e0 Paris, rue Saint-Jacques. Quelques salissures dans le ciel en haut \u00e0 gauche et dans la cuvette. Dimension du feuillet : 341 x 490 mm. Dimension au coup de planche : 285 x 418 mm.<\/p>\n","protected":false},"excerpt":{"rendered":"<p>Place de l&#8217;Eglise de St Marc et la grande Place termin\u00e9e par l&#8217;Eglise de St Geminien \u00e0 Venise. Vue d&#8217;optique. Gravure sur cuivre. XVIIIe si\u00e8cle.<\/p>\n","protected":false},"featured_media":21093,"template":"","meta":[],"product_brand":[],"product_cat":[5160,5159,5135,5158,5155],"product_tag":[10024,901,9483,10025,1162,1161],"class_list":{"0":"post-21099","1":"product","2":"type-product","3":"status-publish","4":"has-post-thumbnail","6":"product_cat-cartographie-et-voyage","7":"product_cat-estampes","8":"product_cat-europe","9":"product_cat-gravures-et-estampes","10":"product_cat-italie","11":"product_tag-basilique-saint-marc","12":"product_tag-italie","13":"product_tag-place-saint-marc","14":"product_tag-san-geminiano","15":"product_tag-venise","16":"product_tag-vue-doptique","17":"product_shipping_class-cat-livraison-3","18":"pa_editeur-jacques-francois-chereau","19":"pa_etat-de-conservation-bon","20":"pa_lieu-de-publication-paris","22":"first","23":"instock","24":"shipping-taxable","25":"purchasable","26":"product-type-simple"},"_links":{"self":[{"href":"https:\/\/limage-et-le-livre.com\/en\/wp-json\/wp\/v2\/product\/21099","targetHints":{"allow":["GET"]}}],"collection":[{"href":"https:\/\/limage-et-le-livre.com\/en\/wp-json\/wp\/v2\/product"}],"about":[{"href":"https:\/\/limage-et-le-livre.com\/en\/wp-json\/wp\/v2\/types\/product"}],"version-history":[{"count":0,"href":"https:\/\/limage-et-le-livre.com\/en\/wp-json\/wp\/v2\/product\/21099\/revisions"}],"wp:featuredmedia":[{"embeddable":true,"href":"https:\/\/limage-et-le-livre.com\/en\/wp-json\/wp\/v2\/media\/21093"}],"wp:attachment":[{"href":"https:\/\/limage-et-le-livre.com\/en\/wp-json\/wp\/v2\/media?parent=21099"}],"wp:term":[{"taxonomy":"product_brand","embeddable":true,"href":"https:\/\/limage-et-le-livre.com\/en\/wp-json\/wp\/v2\/product_brand?post=21099"},{"taxonomy":"product_cat","embeddable":true,"href":"https:\/\/limage-et-le-livre.com\/en\/wp-json\/wp\/v2\/product_cat?post=21099"},{"taxonomy":"product_tag","embeddable":true,"href":"https:\/\/limage-et-le-livre.com\/en\/wp-json\/wp\/v2\/product_tag?post=21099"}],"curies":[{"name":"wp","href":"https:\/\/api.w.org\/{rel}","templated":true}]}}