{"id":21107,"date":"2025-04-04T11:35:54","date_gmt":"2025-04-04T09:35:54","guid":{"rendered":"https:\/\/limage-et-le-livre.com\/?post_type=product&#038;p=21107"},"modified":"2026-03-12T16:07:54","modified_gmt":"2026-03-12T15:07:54","slug":"civilisation","status":"publish","type":"product","link":"https:\/\/limage-et-le-livre.com\/en\/livres\/litterature\/civilisation\/","title":{"rendered":"Civilisation"},"content":{"rendered":"<p>Paris, Les Arts et le Livre, 1927 ; in-4 de 246 pp. Demi-chagrin \u00e0 coins, dos \u00e0 3 nerfs, auteur et titre dor\u00e9s, filets d&#8217;encadrement dor\u00e9s. Le premier plat de la couverture imprim\u00e9e est conserv\u00e9. Tirage limit\u00e9 \u00e0 890 exemplaires num\u00e9rot\u00e9s, un des 90 exemplaires sur papier d&#8217;Annam (ici le n\u00b040). Une lithographie de Berthold Mahn en frontispice illuste cet ouvrage publi\u00e9 dans la Collection des prix litt\u00e9raires (Prix Goncourt de 1918).<\/p>\n","protected":false},"excerpt":{"rendered":"<p>Civilisation. DUHAMEL (Georges). Frontispice de Berthold Mahn. 1927.<\/p>\n","protected":false},"featured_media":21132,"template":"","meta":[],"product_brand":[],"product_cat":[5123,5114],"product_tag":[9772,9566,1302],"class_list":{"0":"post-21107","1":"product","2":"type-product","3":"status-publish","4":"has-post-thumbnail","6":"product_cat-litterature","7":"product_cat-livres","8":"product_tag-berthold-mahn","9":"product_tag-litterature-francaise","10":"product_tag-prix-goncourt","11":"product_shipping_class-cat-livraison-3","12":"pa_annee-de-publication-1145","13":"pa_dimension-in-8","14":"pa_editeur-les-arts-et-le-livre","15":"pa_etat-de-conservation-tres-bon","16":"pa_illustrateur-berthold-mahn","17":"pa_langue-francais","18":"pa_lieu-de-publication-paris","20":"first","21":"instock","22":"shipping-taxable","23":"purchasable","24":"product-type-simple"},"_links":{"self":[{"href":"https:\/\/limage-et-le-livre.com\/en\/wp-json\/wp\/v2\/product\/21107","targetHints":{"allow":["GET"]}}],"collection":[{"href":"https:\/\/limage-et-le-livre.com\/en\/wp-json\/wp\/v2\/product"}],"about":[{"href":"https:\/\/limage-et-le-livre.com\/en\/wp-json\/wp\/v2\/types\/product"}],"version-history":[{"count":0,"href":"https:\/\/limage-et-le-livre.com\/en\/wp-json\/wp\/v2\/product\/21107\/revisions"}],"wp:featuredmedia":[{"embeddable":true,"href":"https:\/\/limage-et-le-livre.com\/en\/wp-json\/wp\/v2\/media\/21132"}],"wp:attachment":[{"href":"https:\/\/limage-et-le-livre.com\/en\/wp-json\/wp\/v2\/media?parent=21107"}],"wp:term":[{"taxonomy":"product_brand","embeddable":true,"href":"https:\/\/limage-et-le-livre.com\/en\/wp-json\/wp\/v2\/product_brand?post=21107"},{"taxonomy":"product_cat","embeddable":true,"href":"https:\/\/limage-et-le-livre.com\/en\/wp-json\/wp\/v2\/product_cat?post=21107"},{"taxonomy":"product_tag","embeddable":true,"href":"https:\/\/limage-et-le-livre.com\/en\/wp-json\/wp\/v2\/product_tag?post=21107"}],"curies":[{"name":"wp","href":"https:\/\/api.w.org\/{rel}","templated":true}]}}