{"id":21138,"date":"2025-04-04T14:23:08","date_gmt":"2025-04-04T12:23:08","guid":{"rendered":"https:\/\/limage-et-le-livre.com\/?post_type=product&#038;p=21138"},"modified":"2026-03-12T16:08:47","modified_gmt":"2026-03-12T15:08:47","slug":"recherches-sur-lhistoire-de-la-ville-de-ribeauville","status":"publish","type":"product","link":"https:\/\/limage-et-le-livre.com\/en\/alsatique\/recherches-sur-lhistoire-de-la-ville-de-ribeauville\/","title":{"rendered":"Recherches sur l&#8217;histoire de la Ville..."},"content":{"rendered":"<p>Colmar, Eug\u00e8ne Barth, libraire-\u00e9diteur, 1888 ; in-8 de XIV + (1) ff. + 384 pp. Demi-chagrin \u00e0 coins, dos \u00e0 nerfs, auteur et titre dor\u00e9s, filets et fleurons dor\u00e9s. Dos l\u00e9g\u00e8rement insol\u00e9, quelques frottements et rousseurs sinon bel exemplaire. Marque d&#8217;appartenance sur le 1er feuillet et la page de faux-titre. Monographie sur la ville de Ribeauvill\u00e9 bien compl\u00e8te du portrait-frontispice de l&#8217;auteur et des 8 hors-texte. Notices in-fine sur l&#8217;ancien p\u00e8lerinage de Notre-Dame de Dusenbach et sur la confr\u00e9rie des joueurs d&#8217;instruments d&#8217;Alsace.<\/p>\n","protected":false},"excerpt":{"rendered":"<p>Recherches sur l&#8217;histoire de la Ville de Ribeauvill\u00e9. BERNHARD (Bernard). 1888.<\/p>\n","protected":false},"featured_media":21110,"template":"","meta":[],"product_brand":[],"product_cat":[10345,10346,5114],"product_tag":[877,870,10032,10035,10034,8551,8574,10031],"class_list":{"0":"post-21138","1":"product","2":"type-product","3":"status-publish","4":"has-post-thumbnail","6":"product_cat-alsatique","7":"product_cat-histoire","8":"product_cat-livres","9":"product_tag-alsace","10":"product_tag-alsatique","11":"product_tag-dusenbach","12":"product_tag-girsberg","13":"product_tag-guirsberg","14":"product_tag-mossmann","15":"product_tag-ribeaupierre","16":"product_tag-ribeauville","17":"product_shipping_class-cat-livraison-3","18":"pa_annee-de-publication-490","19":"pa_dimension-in-8","20":"pa_editeur-eugene-barth","21":"pa_etat-de-conservation-bon","22":"pa_langue-francais","23":"pa_lieu-de-publication-colmar","25":"first","26":"outofstock","27":"shipping-taxable","28":"purchasable","29":"product-type-simple"},"_links":{"self":[{"href":"https:\/\/limage-et-le-livre.com\/en\/wp-json\/wp\/v2\/product\/21138","targetHints":{"allow":["GET"]}}],"collection":[{"href":"https:\/\/limage-et-le-livre.com\/en\/wp-json\/wp\/v2\/product"}],"about":[{"href":"https:\/\/limage-et-le-livre.com\/en\/wp-json\/wp\/v2\/types\/product"}],"version-history":[{"count":1,"href":"https:\/\/limage-et-le-livre.com\/en\/wp-json\/wp\/v2\/product\/21138\/revisions"}],"predecessor-version":[{"id":21627,"href":"https:\/\/limage-et-le-livre.com\/en\/wp-json\/wp\/v2\/product\/21138\/revisions\/21627"}],"wp:featuredmedia":[{"embeddable":true,"href":"https:\/\/limage-et-le-livre.com\/en\/wp-json\/wp\/v2\/media\/21110"}],"wp:attachment":[{"href":"https:\/\/limage-et-le-livre.com\/en\/wp-json\/wp\/v2\/media?parent=21138"}],"wp:term":[{"taxonomy":"product_brand","embeddable":true,"href":"https:\/\/limage-et-le-livre.com\/en\/wp-json\/wp\/v2\/product_brand?post=21138"},{"taxonomy":"product_cat","embeddable":true,"href":"https:\/\/limage-et-le-livre.com\/en\/wp-json\/wp\/v2\/product_cat?post=21138"},{"taxonomy":"product_tag","embeddable":true,"href":"https:\/\/limage-et-le-livre.com\/en\/wp-json\/wp\/v2\/product_tag?post=21138"}],"curies":[{"name":"wp","href":"https:\/\/api.w.org\/{rel}","templated":true}]}}