{"id":21141,"date":"2025-04-04T14:40:27","date_gmt":"2025-04-04T12:40:27","guid":{"rendered":"https:\/\/limage-et-le-livre.com\/?post_type=product&#038;p=21141"},"modified":"2026-03-12T16:07:10","modified_gmt":"2026-03-12T15:07:10","slug":"essay-de-recueil-darrets-notables-du-conseil-souverain-dalsace-note-darrets-notables-du-conseil-souverain-dalsace-arret-notable-sur-une-question-daubaine","status":"publish","type":"product","link":"https:\/\/limage-et-le-livre.com\/en\/alsatique\/essay-de-recueil-darrets-notables-du-conseil-souverain-dalsace-note-darrets-notables-du-conseil-souverain-dalsace-arret-notable-sur-une-question-daubaine\/","title":{"rendered":"Essay de recueil d\u2019arr\u00eats notables du..."},"content":{"rendered":"<p>Colmar, Chez Jean Henry Decker puis Chez la Veuve de Jean Henry Decker, 1740 \u2013 1743. Trois volumes in-12 de 473+7 pp.n.ch.+416+14pp.n.ch.+360+7pp.n.ch. Plein veau marbr\u00e9 d\u2019\u00e9poque, dos \u00e0 nerfs, pi\u00e8ces de titre rouge et de tomaison verte. Coiffes restaur\u00e9es. Quelques feuillets jaunis, ancienne restauration p. 271-272 du 3e tome avec manque de texte sur 7 lignes sinon bel exemplaire. Nicolas de Corberon (1689 \u2013 1764) occupa, \u00e0 la suite de son p\u00e8re, la charge de Premier Pr\u00e9sident au Conseil Souverain d&#8217;Alsace, chambre d\u2019enregistrement des \u00e9dits royaux et tribunal supr\u00eame de la province. \u00abSource essentielle, non seulement de l&#8217;histoire de l&#8217;Alsace, mais aussi de l&#8217;histoire \u00e9conomique et sociale de cette province\u00bb (Saffroy). Contient des arr\u00eats sur l\u2019emphyt\u00e9ose de biens de l\u2019Ordre de Malte.<\/p>\n","protected":false},"excerpt":{"rendered":"<p>Essay de recueil d\u2019arr\u00eats notables du Conseil souverain d\u2019Alsace. Note d\u2019arr\u00eats notables du Conseil souverain d\u2019Alsace. Arr\u00eat notable sur une question d\u2019aubaine. CORBERON (Nicolas de). 1740 &#8211; 1743.<\/p>\n","protected":false},"featured_media":21116,"template":"","meta":[],"product_brand":[],"product_cat":[10345,10346,5114],"product_tag":[877,870,10039,814,10040],"class_list":{"0":"post-21141","1":"product","2":"type-product","3":"status-publish","4":"has-post-thumbnail","6":"product_cat-alsatique","7":"product_cat-histoire","8":"product_cat-livres","9":"product_tag-alsace","10":"product_tag-alsatique","11":"product_tag-conseil-souverain-dalsace","12":"product_tag-droit","13":"product_tag-ordre-de-malte","14":"product_shipping_class-cat-livraison-3","15":"pa_annee-de-publication-1740-1743","16":"pa_dimension-in-12","17":"pa_editeur-chez-jean-henry-decker","18":"pa_etat-de-conservation-bon","19":"pa_langue-francais","20":"pa_lieu-de-publication-colmar","21":"pa_type-couverture-couverture-rigide","22":"pa_volume-618","24":"first","25":"instock","26":"shipping-taxable","27":"purchasable","28":"product-type-simple"},"_links":{"self":[{"href":"https:\/\/limage-et-le-livre.com\/en\/wp-json\/wp\/v2\/product\/21141","targetHints":{"allow":["GET"]}}],"collection":[{"href":"https:\/\/limage-et-le-livre.com\/en\/wp-json\/wp\/v2\/product"}],"about":[{"href":"https:\/\/limage-et-le-livre.com\/en\/wp-json\/wp\/v2\/types\/product"}],"version-history":[{"count":0,"href":"https:\/\/limage-et-le-livre.com\/en\/wp-json\/wp\/v2\/product\/21141\/revisions"}],"wp:featuredmedia":[{"embeddable":true,"href":"https:\/\/limage-et-le-livre.com\/en\/wp-json\/wp\/v2\/media\/21116"}],"wp:attachment":[{"href":"https:\/\/limage-et-le-livre.com\/en\/wp-json\/wp\/v2\/media?parent=21141"}],"wp:term":[{"taxonomy":"product_brand","embeddable":true,"href":"https:\/\/limage-et-le-livre.com\/en\/wp-json\/wp\/v2\/product_brand?post=21141"},{"taxonomy":"product_cat","embeddable":true,"href":"https:\/\/limage-et-le-livre.com\/en\/wp-json\/wp\/v2\/product_cat?post=21141"},{"taxonomy":"product_tag","embeddable":true,"href":"https:\/\/limage-et-le-livre.com\/en\/wp-json\/wp\/v2\/product_tag?post=21141"}],"curies":[{"name":"wp","href":"https:\/\/api.w.org\/{rel}","templated":true}]}}