{"id":21149,"date":"2025-04-09T11:16:11","date_gmt":"2025-04-09T09:16:11","guid":{"rendered":"https:\/\/limage-et-le-livre.com\/?post_type=product&#038;p=21149"},"modified":"2026-01-23T14:59:07","modified_gmt":"2026-01-23T13:59:07","slug":"la-cathedrale-de-strasbourg-2","status":"publish","type":"product","link":"https:\/\/limage-et-le-livre.com\/en\/livres\/alsatique\/la-cathedrale-de-strasbourg-2\/","title":{"rendered":"La Cath\u00e9drale de Strasbourg"},"content":{"rendered":"<p>Strasbourg, Imprimerie alsacienne anciennement Fischbach, 1900 ; grand in-folio de XII + 132 pages et 66 planches hors-texte. Demi-veau glac\u00e9 rouge \u00e0 coins, dos \u00e0 5 nerfs, titre dor\u00e9, filet et fleurons \u00e0 froid. Quelques frottements et \u00e9pidermures aux coins et aux mors, rousseurs \u00e9parses. Bien complet des 66 planches de phototypies (nombreux num\u00e9ros bis, la planche 27 n&#8217;existant pas).<\/p>\n","protected":false},"excerpt":{"rendered":"<p>La Cath\u00e9drale de Strasbourg. Dacheux (L\u00e9on, Abb\u00e9). 1900.<\/p>\n","protected":false},"featured_media":21152,"template":"","meta":[],"product_brand":[],"product_cat":[5147,5241],"product_tag":[877,870,829,8431,880,652,10043,2350],"class_list":{"0":"post-21149","1":"product","2":"type-product","3":"status-publish","4":"has-post-thumbnail","6":"product_cat-alsatique","7":"product_cat-architecture","8":"product_tag-alsace","9":"product_tag-alsatique","10":"product_tag-architecture","11":"product_tag-architecture-religieuse","12":"product_tag-cathedrale","13":"product_tag-histoire","14":"product_tag-phototypie","15":"product_tag-strasbourg","16":"product_shipping_class-cat-livraison-5","17":"pa_annee-de-publication-483","18":"pa_dimension-in-folio","19":"pa_editeur-imprimerie-alsacienne-anciennement-fischbach","20":"pa_etat-de-conservation-bon","21":"pa_langue-francais","22":"pa_lieu-de-publication-strasbourg","23":"pa_type-couverture-couverture-rigide","25":"first","26":"outofstock","27":"shipping-taxable","28":"purchasable","29":"product-type-simple"},"_links":{"self":[{"href":"https:\/\/limage-et-le-livre.com\/en\/wp-json\/wp\/v2\/product\/21149","targetHints":{"allow":["GET"]}}],"collection":[{"href":"https:\/\/limage-et-le-livre.com\/en\/wp-json\/wp\/v2\/product"}],"about":[{"href":"https:\/\/limage-et-le-livre.com\/en\/wp-json\/wp\/v2\/types\/product"}],"version-history":[{"count":1,"href":"https:\/\/limage-et-le-livre.com\/en\/wp-json\/wp\/v2\/product\/21149\/revisions"}],"predecessor-version":[{"id":22204,"href":"https:\/\/limage-et-le-livre.com\/en\/wp-json\/wp\/v2\/product\/21149\/revisions\/22204"}],"wp:featuredmedia":[{"embeddable":true,"href":"https:\/\/limage-et-le-livre.com\/en\/wp-json\/wp\/v2\/media\/21152"}],"wp:attachment":[{"href":"https:\/\/limage-et-le-livre.com\/en\/wp-json\/wp\/v2\/media?parent=21149"}],"wp:term":[{"taxonomy":"product_brand","embeddable":true,"href":"https:\/\/limage-et-le-livre.com\/en\/wp-json\/wp\/v2\/product_brand?post=21149"},{"taxonomy":"product_cat","embeddable":true,"href":"https:\/\/limage-et-le-livre.com\/en\/wp-json\/wp\/v2\/product_cat?post=21149"},{"taxonomy":"product_tag","embeddable":true,"href":"https:\/\/limage-et-le-livre.com\/en\/wp-json\/wp\/v2\/product_tag?post=21149"}],"curies":[{"name":"wp","href":"https:\/\/api.w.org\/{rel}","templated":true}]}}