{"id":21180,"date":"2025-04-11T15:49:02","date_gmt":"2025-04-11T13:49:02","guid":{"rendered":"https:\/\/limage-et-le-livre.com\/?post_type=product&#038;p=21180"},"modified":"2026-03-12T16:09:10","modified_gmt":"2026-03-12T15:09:10","slug":"grammaire-arabe-vulgaire-pour-les-dialectes-dorient-et-de-barbarie","status":"publish","type":"product","link":"https:\/\/limage-et-le-livre.com\/en\/livres\/geographie-et-voyages\/afrique\/grammaire-arabe-vulgaire-pour-les-dialectes-dorient-et-de-barbarie\/","title":{"rendered":"Grammaire arabe vulgaire, pour les dialectes..."},"content":{"rendered":"<p>Paris, Librairie Orientale de Mme Ve Dondey-Dupr\u00e9, 1843 ; in-8 de XV + 172 pp. + 6 f.. Demi-veau glac\u00e9, dos lisse, titre dor\u00e9, filets et entrelacs v\u00e9g\u00e9taux dor\u00e9s. L\u00e9gers frottements, ex-libris \u00e0 froid sur la page de titre. Troisi\u00e8me \u00e9dition de cette grammaire arabe pour les dialectes d&#8217;Orient et de Barbarie. Phrases d&#8217;usage pour la conversation et deux anecdotes en arabe et leur traduction in fine.<\/p>\n","protected":false},"excerpt":{"rendered":"<p style=\"text-align: left;\">Grammaire arabe vulgaire, pour les dialectes d&#8217;Orient et de Barbarie. CAUSSIN DE PERCEVAL (Amand-Pierre). 1843.<\/p>\n","protected":false},"featured_media":21174,"template":"","meta":[],"product_brand":[],"product_cat":[5191,5165,5120,5114],"product_tag":[10046,10047,8947],"class_list":{"0":"post-21180","1":"product","2":"type-product","3":"status-publish","4":"has-post-thumbnail","6":"product_cat-afrique","7":"product_cat-asie","8":"product_cat-geographie-et-voyages","9":"product_cat-livres","10":"product_tag-barbarie","11":"product_tag-langue-arabe","12":"product_tag-moyen-orient","13":"product_shipping_class-cat-livraison-2","14":"pa_annee-de-publication-2661","15":"pa_dimension-in-8","16":"pa_editeur-dondey-dupre","17":"pa_etat-de-conservation-bon","18":"pa_langue-francais","19":"pa_lieu-de-publication-paris","20":"pa_type-couverture-couverture-rigide","22":"first","23":"instock","24":"shipping-taxable","25":"purchasable","26":"product-type-simple"},"_links":{"self":[{"href":"https:\/\/limage-et-le-livre.com\/en\/wp-json\/wp\/v2\/product\/21180","targetHints":{"allow":["GET"]}}],"collection":[{"href":"https:\/\/limage-et-le-livre.com\/en\/wp-json\/wp\/v2\/product"}],"about":[{"href":"https:\/\/limage-et-le-livre.com\/en\/wp-json\/wp\/v2\/types\/product"}],"version-history":[{"count":0,"href":"https:\/\/limage-et-le-livre.com\/en\/wp-json\/wp\/v2\/product\/21180\/revisions"}],"wp:featuredmedia":[{"embeddable":true,"href":"https:\/\/limage-et-le-livre.com\/en\/wp-json\/wp\/v2\/media\/21174"}],"wp:attachment":[{"href":"https:\/\/limage-et-le-livre.com\/en\/wp-json\/wp\/v2\/media?parent=21180"}],"wp:term":[{"taxonomy":"product_brand","embeddable":true,"href":"https:\/\/limage-et-le-livre.com\/en\/wp-json\/wp\/v2\/product_brand?post=21180"},{"taxonomy":"product_cat","embeddable":true,"href":"https:\/\/limage-et-le-livre.com\/en\/wp-json\/wp\/v2\/product_cat?post=21180"},{"taxonomy":"product_tag","embeddable":true,"href":"https:\/\/limage-et-le-livre.com\/en\/wp-json\/wp\/v2\/product_tag?post=21180"}],"curies":[{"name":"wp","href":"https:\/\/api.w.org\/{rel}","templated":true}]}}