{"id":21183,"date":"2025-04-11T15:55:40","date_gmt":"2025-04-11T13:55:40","guid":{"rendered":"https:\/\/limage-et-le-livre.com\/?post_type=product&#038;p=21183"},"modified":"2026-03-12T16:07:41","modified_gmt":"2026-03-12T15:07:41","slug":"les-poemes-dores","status":"publish","type":"product","link":"https:\/\/limage-et-le-livre.com\/en\/livres\/poesie\/les-poemes-dores\/","title":{"rendered":"Les Po\u00ebmes dor\u00e9s"},"content":{"rendered":"<p>Paris, Alphonse Lemerre, 1873 ; in-12 de 146 pp. Demi-chagrin, dos \u00e0 nerfs, auteur et titre dor\u00e9s. Couvertures originales conserv\u00e9es, brunies, deux perforations sur le plat inf\u00e9rieur. Edition originale du premier ouvrage d&#8217;Anatole France.<\/p>\n","protected":false},"excerpt":{"rendered":"<p>Les Po\u00ebmes dor\u00e9s. FRANCE (Anatole). 1873. Edition originale.<\/p>\n","protected":false},"featured_media":21168,"template":"","meta":[],"product_brand":[],"product_cat":[5139,5123,5114],"product_tag":[9568,768,699],"class_list":{"0":"post-21183","1":"product","2":"type-product","3":"status-publish","4":"has-post-thumbnail","6":"product_cat-poesie","7":"product_cat-litterature","8":"product_cat-livres","9":"product_tag-anatole-france","10":"product_tag-edition-originale","11":"product_tag-poesie","12":"product_shipping_class-cat-livraison-2","13":"pa_annee-de-publication-1101","14":"pa_dimension-in-12","15":"pa_editeur-alphonse-lemerre","16":"pa_etat-de-conservation-bon","17":"pa_langue-francais","18":"pa_lieu-de-publication-paris","19":"pa_type-couverture-couverture-rigide","21":"first","22":"instock","23":"shipping-taxable","24":"purchasable","25":"product-type-simple"},"_links":{"self":[{"href":"https:\/\/limage-et-le-livre.com\/en\/wp-json\/wp\/v2\/product\/21183","targetHints":{"allow":["GET"]}}],"collection":[{"href":"https:\/\/limage-et-le-livre.com\/en\/wp-json\/wp\/v2\/product"}],"about":[{"href":"https:\/\/limage-et-le-livre.com\/en\/wp-json\/wp\/v2\/types\/product"}],"version-history":[{"count":0,"href":"https:\/\/limage-et-le-livre.com\/en\/wp-json\/wp\/v2\/product\/21183\/revisions"}],"wp:featuredmedia":[{"embeddable":true,"href":"https:\/\/limage-et-le-livre.com\/en\/wp-json\/wp\/v2\/media\/21168"}],"wp:attachment":[{"href":"https:\/\/limage-et-le-livre.com\/en\/wp-json\/wp\/v2\/media?parent=21183"}],"wp:term":[{"taxonomy":"product_brand","embeddable":true,"href":"https:\/\/limage-et-le-livre.com\/en\/wp-json\/wp\/v2\/product_brand?post=21183"},{"taxonomy":"product_cat","embeddable":true,"href":"https:\/\/limage-et-le-livre.com\/en\/wp-json\/wp\/v2\/product_cat?post=21183"},{"taxonomy":"product_tag","embeddable":true,"href":"https:\/\/limage-et-le-livre.com\/en\/wp-json\/wp\/v2\/product_tag?post=21183"}],"curies":[{"name":"wp","href":"https:\/\/api.w.org\/{rel}","templated":true}]}}