{"id":21186,"date":"2025-04-17T15:43:06","date_gmt":"2025-04-17T13:43:06","guid":{"rendered":"https:\/\/limage-et-le-livre.com\/?post_type=product&#038;p=21186"},"modified":"2026-03-12T16:08:52","modified_gmt":"2026-03-12T15:08:52","slug":"histoire-dalsace-selon-schoepflin","status":"publish","type":"product","link":"https:\/\/limage-et-le-livre.com\/en\/alsatique\/histoire-dalsace-selon-schoepflin\/","title":{"rendered":"Histoire d&#8217;Alsace. Selon Schoepflin"},"content":{"rendered":"<p>Colmar &#8211; Strasbourg, J. H. Decker &#8211; Ve Silbermann, 1825 &#8211; 1829 ; 4 volumes in-12 de IV + 310 + (1) ff. + XXIII + 337 + (1) ff. + 354 + (1) ff. + 287 pp. Demi-toile, auteur, titre et tomaison dor\u00e9s. Rousseurs, feuillets jaunis, quelques annotations marginales. Edition originale en fran\u00e7ais de cette traduction abr\u00e9g\u00e9e de l&#8217;Histoire d&#8217;Alsace de Jean-Daniel Schoepflin.<\/p>\n","protected":false},"excerpt":{"rendered":"<p>Histoire d&#8217;Alsace. Selon Schoepflin. CHAUFFOUR (El\u00e9onore-Christophe-Jean-Baptiste-Antoine). 1825 &#8211; 1829.<\/p>\n","protected":false},"featured_media":21205,"template":"","meta":[],"product_brand":[],"product_cat":[10345,10346,5114],"product_tag":[877,870,8654,652,884,8749],"class_list":{"0":"post-21186","1":"product","2":"type-product","3":"status-publish","4":"has-post-thumbnail","6":"product_cat-alsatique","7":"product_cat-histoire","8":"product_cat-livres","9":"product_tag-alsace","10":"product_tag-alsatique","11":"product_tag-decapole","12":"product_tag-histoire","13":"product_tag-noblesse","14":"product_tag-schoepflin","15":"product_shipping_class-cat-livraison-3","16":"pa_annee-de-publication-2976","17":"pa_annee-de-publication-4144","18":"pa_dimension-in-12","19":"pa_editeur-chez-jean-henry-decker","20":"pa_editeur-me-ve-silbermann","21":"pa_etat-de-conservation-assez-bon","22":"pa_langue-francais","23":"pa_lieu-de-publication-colmar","24":"pa_lieu-de-publication-strasbourg","25":"pa_type-couverture-couverture-rigide","26":"pa_volume-621","28":"first","29":"instock","30":"shipping-taxable","31":"purchasable","32":"product-type-simple"},"_links":{"self":[{"href":"https:\/\/limage-et-le-livre.com\/en\/wp-json\/wp\/v2\/product\/21186","targetHints":{"allow":["GET"]}}],"collection":[{"href":"https:\/\/limage-et-le-livre.com\/en\/wp-json\/wp\/v2\/product"}],"about":[{"href":"https:\/\/limage-et-le-livre.com\/en\/wp-json\/wp\/v2\/types\/product"}],"version-history":[{"count":0,"href":"https:\/\/limage-et-le-livre.com\/en\/wp-json\/wp\/v2\/product\/21186\/revisions"}],"wp:featuredmedia":[{"embeddable":true,"href":"https:\/\/limage-et-le-livre.com\/en\/wp-json\/wp\/v2\/media\/21205"}],"wp:attachment":[{"href":"https:\/\/limage-et-le-livre.com\/en\/wp-json\/wp\/v2\/media?parent=21186"}],"wp:term":[{"taxonomy":"product_brand","embeddable":true,"href":"https:\/\/limage-et-le-livre.com\/en\/wp-json\/wp\/v2\/product_brand?post=21186"},{"taxonomy":"product_cat","embeddable":true,"href":"https:\/\/limage-et-le-livre.com\/en\/wp-json\/wp\/v2\/product_cat?post=21186"},{"taxonomy":"product_tag","embeddable":true,"href":"https:\/\/limage-et-le-livre.com\/en\/wp-json\/wp\/v2\/product_tag?post=21186"}],"curies":[{"name":"wp","href":"https:\/\/api.w.org\/{rel}","templated":true}]}}