{"id":21213,"date":"2025-04-17T15:55:45","date_gmt":"2025-04-17T13:55:45","guid":{"rendered":"https:\/\/limage-et-le-livre.com\/?post_type=product&#038;p=21213"},"modified":"2025-04-17T15:55:46","modified_gmt":"2025-04-17T13:55:46","slug":"les-quatre-piliers-de-la-sagesse","status":"publish","type":"product","link":"https:\/\/limage-et-le-livre.com\/en\/livres\/litterature\/illustres\/les-quatre-piliers-de-la-sagesse\/","title":{"rendered":"Les Quatre Piliers de la Sagesse"},"content":{"rendered":"<p>Nice, Le Chant des Sph\u00e8res, Reliure d&#8217;Art Sefer, Edition de Prestige, 1988-1989, 2 volumes in-folio en feuilles sous chemise cartonn\u00e9e et emboitage de l\u2019\u00e9diteur recouvert de velours noir. Adaptation de Joseph Pardo. Edition agr\u00e9ment\u00e9e d&#8217;un foisonnement d&#8217;illustations de Jean Gradassi : encadrements de textes, illustrations en pleine page, doubles pages. Tirage limit\u00e9 \u00e0 1280 exemplaires num\u00e9rot\u00e9s. Un des 750 exemplaires sur velin d\u2019Arches, n\u00b01045. Complet des certificats sign\u00e9s par Gradassi et l&#8217;\u00e9diteur. Edition de prestige en tr\u00e8s bel \u00e9tat.<\/p>\n","protected":false},"excerpt":{"rendered":"<p>Les Quatre Piliers de la Sagesse. CONFUCIUS (KONG FOU TSEU). Illustrations de Gradassi. 1988 &#8211; 1989.<\/p>\n","protected":false},"featured_media":21191,"template":"","meta":[],"product_brand":[],"product_cat":[5178],"product_tag":[10054,942,10055],"class_list":{"0":"post-21213","1":"product","2":"type-product","3":"status-publish","4":"has-post-thumbnail","6":"product_cat-illustres","7":"product_tag-confucius","8":"product_tag-gradassi","9":"product_tag-miniaturiste","10":"product_shipping_class-cat-livraison-5","11":"pa_annee-de-publication-10050","12":"pa_annee-de-publication-10051","13":"pa_dimension-in-folio","14":"pa_editeur-le-chant-des-spheres","15":"pa_etat-de-conservation-tres-bon","16":"pa_illustrateur-gradassi-jean","17":"pa_langue-francais","18":"pa_lieu-de-publication-nice","19":"pa_type-couverture-couverture-rigide","20":"pa_volume-620","22":"first","23":"instock","24":"shipping-taxable","25":"purchasable","26":"product-type-simple"},"_links":{"self":[{"href":"https:\/\/limage-et-le-livre.com\/en\/wp-json\/wp\/v2\/product\/21213","targetHints":{"allow":["GET"]}}],"collection":[{"href":"https:\/\/limage-et-le-livre.com\/en\/wp-json\/wp\/v2\/product"}],"about":[{"href":"https:\/\/limage-et-le-livre.com\/en\/wp-json\/wp\/v2\/types\/product"}],"version-history":[{"count":0,"href":"https:\/\/limage-et-le-livre.com\/en\/wp-json\/wp\/v2\/product\/21213\/revisions"}],"wp:featuredmedia":[{"embeddable":true,"href":"https:\/\/limage-et-le-livre.com\/en\/wp-json\/wp\/v2\/media\/21191"}],"wp:attachment":[{"href":"https:\/\/limage-et-le-livre.com\/en\/wp-json\/wp\/v2\/media?parent=21213"}],"wp:term":[{"taxonomy":"product_brand","embeddable":true,"href":"https:\/\/limage-et-le-livre.com\/en\/wp-json\/wp\/v2\/product_brand?post=21213"},{"taxonomy":"product_cat","embeddable":true,"href":"https:\/\/limage-et-le-livre.com\/en\/wp-json\/wp\/v2\/product_cat?post=21213"},{"taxonomy":"product_tag","embeddable":true,"href":"https:\/\/limage-et-le-livre.com\/en\/wp-json\/wp\/v2\/product_tag?post=21213"}],"curies":[{"name":"wp","href":"https:\/\/api.w.org\/{rel}","templated":true}]}}