{"id":21232,"date":"2025-04-24T14:32:44","date_gmt":"2025-04-24T12:32:44","guid":{"rendered":"https:\/\/limage-et-le-livre.com\/?post_type=product&#038;p=21232"},"modified":"2025-04-24T14:32:45","modified_gmt":"2025-04-24T12:32:45","slug":"manuscrit-jaufre-und-melisande-eine-troubadourgeschichte-von-paul-ernst","status":"publish","type":"product","link":"https:\/\/limage-et-le-livre.com\/en\/manuscrits\/manuscrit-jaufre-und-melisande-eine-troubadourgeschichte-von-paul-ernst\/","title":{"rendered":"[Manuscrit] Jaufr\u00e9 und M\u00e9lisande. Eine Troubadourgeschichte..."},"content":{"rendered":"<p>[Manuscrit] Jaufr\u00e9 und M\u00e9lisande. Eine Troubadourgeschichte von Paul Ernst. Sn, sl, sd. In-4, 5 ff.n.ch.. Pleine toile beige, dos muet. Livre enti\u00e8rement manuscrit et aquarell\u00e9 racontant l\u2019histoire de Jaufr\u00e9 Rudel, po\u00e8te et prince de Blaye, troubadour qui parti en croisade pour M\u00e9lisande, princesse de Tripoli. Les 4 feuillets de texte manuscrit en allemand sont enlumin\u00e9s de lettrine et d\u2019encadrements floraux, g\u00e9om\u00e9triques et histori\u00e9s.<\/p>\n","protected":false},"excerpt":{"rendered":"<p>[Manuscrit] Jaufr\u00e9 und M\u00e9lisande. Eine Troubadourgeschichte von Paul Ernst. XXe si\u00e8cle.<\/p>\n","protected":false},"featured_media":21224,"template":"","meta":[],"product_brand":[],"product_cat":[5151],"product_tag":[10058,10059,10057,9618,10061,1112,10060,10056],"class_list":{"0":"post-21232","1":"product","2":"type-product","3":"status-publish","4":"has-post-thumbnail","6":"product_cat-manuscrits","7":"product_tag-amour-courtois","8":"product_tag-blaye","9":"product_tag-chanson-courtoise","10":"product_tag-enluminure","11":"product_tag-jaufre-rudel","12":"product_tag-manuscrit","13":"product_tag-melisande-de-tripoli","14":"product_tag-troubadour","15":"product_shipping_class-cat-livraison-2","16":"pa_dimension-in-4","17":"pa_etat-de-conservation-bon","18":"pa_langue-allemand","19":"pa_type-couverture-couverture-rigide","21":"first","22":"instock","23":"shipping-taxable","24":"purchasable","25":"product-type-simple"},"_links":{"self":[{"href":"https:\/\/limage-et-le-livre.com\/en\/wp-json\/wp\/v2\/product\/21232","targetHints":{"allow":["GET"]}}],"collection":[{"href":"https:\/\/limage-et-le-livre.com\/en\/wp-json\/wp\/v2\/product"}],"about":[{"href":"https:\/\/limage-et-le-livre.com\/en\/wp-json\/wp\/v2\/types\/product"}],"version-history":[{"count":0,"href":"https:\/\/limage-et-le-livre.com\/en\/wp-json\/wp\/v2\/product\/21232\/revisions"}],"wp:featuredmedia":[{"embeddable":true,"href":"https:\/\/limage-et-le-livre.com\/en\/wp-json\/wp\/v2\/media\/21224"}],"wp:attachment":[{"href":"https:\/\/limage-et-le-livre.com\/en\/wp-json\/wp\/v2\/media?parent=21232"}],"wp:term":[{"taxonomy":"product_brand","embeddable":true,"href":"https:\/\/limage-et-le-livre.com\/en\/wp-json\/wp\/v2\/product_brand?post=21232"},{"taxonomy":"product_cat","embeddable":true,"href":"https:\/\/limage-et-le-livre.com\/en\/wp-json\/wp\/v2\/product_cat?post=21232"},{"taxonomy":"product_tag","embeddable":true,"href":"https:\/\/limage-et-le-livre.com\/en\/wp-json\/wp\/v2\/product_tag?post=21232"}],"curies":[{"name":"wp","href":"https:\/\/api.w.org\/{rel}","templated":true}]}}