{"id":21237,"date":"2025-04-24T14:44:04","date_gmt":"2025-04-24T12:44:04","guid":{"rendered":"https:\/\/limage-et-le-livre.com\/?post_type=product&#038;p=21237"},"modified":"2025-04-29T16:09:06","modified_gmt":"2025-04-29T14:09:06","slug":"ursprung-und-entwickelung-der-stadt-hagenau-nebst-anhang-hauser-und-gassennamen-2","status":"publish","type":"product","link":"https:\/\/limage-et-le-livre.com\/en\/livres\/alsatique\/ursprung-und-entwickelung-der-stadt-hagenau-nebst-anhang-hauser-und-gassennamen-2\/","title":{"rendered":"Ursprung und Entwickelung der Stadt Hagenau..."},"content":{"rendered":"<p>Haguenau, Imprimerie de Haguenau, 1921 ; grand in-8 de V + 133 pp.. Demi-toile rouge \u00e0 la Bradel, dos lisse avec auteur et titre dor\u00e9s. Tampon d&#8217;appartenance sur la page de titre. Exemplaire bien complet du plan de la ville in fine.<\/p>\n","protected":false},"excerpt":{"rendered":"<p>Ursprung und Entwickelung der Stadt Hagenau nebst Anhang : H\u00e4user und Gassennamen. Kl\u00e9l\u00e9 (Joseph). 1921.<\/p>\n","protected":false},"featured_media":21218,"template":"","meta":[],"product_brand":[],"product_cat":[5147],"product_tag":[877,870,964,652],"class_list":{"0":"post-21237","1":"product","2":"type-product","3":"status-publish","4":"has-post-thumbnail","6":"product_cat-alsatique","7":"product_tag-alsace","8":"product_tag-alsatique","9":"product_tag-haguenau","10":"product_tag-histoire","11":"product_shipping_class-cat-livraison-2","12":"pa_annee-de-publication-605","13":"pa_dimension-in-8","14":"pa_editeur-imprimerie-de-haguenau","15":"pa_etat-de-conservation-bon","16":"pa_langue-allemand","17":"pa_lieu-de-publication-haguenau","18":"pa_type-couverture-couverture-rigide","20":"first","21":"instock","22":"shipping-taxable","23":"purchasable","24":"product-type-simple"},"_links":{"self":[{"href":"https:\/\/limage-et-le-livre.com\/en\/wp-json\/wp\/v2\/product\/21237","targetHints":{"allow":["GET"]}}],"collection":[{"href":"https:\/\/limage-et-le-livre.com\/en\/wp-json\/wp\/v2\/product"}],"about":[{"href":"https:\/\/limage-et-le-livre.com\/en\/wp-json\/wp\/v2\/types\/product"}],"version-history":[{"count":0,"href":"https:\/\/limage-et-le-livre.com\/en\/wp-json\/wp\/v2\/product\/21237\/revisions"}],"wp:featuredmedia":[{"embeddable":true,"href":"https:\/\/limage-et-le-livre.com\/en\/wp-json\/wp\/v2\/media\/21218"}],"wp:attachment":[{"href":"https:\/\/limage-et-le-livre.com\/en\/wp-json\/wp\/v2\/media?parent=21237"}],"wp:term":[{"taxonomy":"product_brand","embeddable":true,"href":"https:\/\/limage-et-le-livre.com\/en\/wp-json\/wp\/v2\/product_brand?post=21237"},{"taxonomy":"product_cat","embeddable":true,"href":"https:\/\/limage-et-le-livre.com\/en\/wp-json\/wp\/v2\/product_cat?post=21237"},{"taxonomy":"product_tag","embeddable":true,"href":"https:\/\/limage-et-le-livre.com\/en\/wp-json\/wp\/v2\/product_tag?post=21237"}],"curies":[{"name":"wp","href":"https:\/\/api.w.org\/{rel}","templated":true}]}}