{"id":21300,"date":"2025-05-02T17:44:28","date_gmt":"2025-05-02T15:44:28","guid":{"rendered":"https:\/\/limage-et-le-livre.com\/?post_type=product&#038;p=21300"},"modified":"2026-03-12T16:08:30","modified_gmt":"2026-03-12T15:08:30","slug":"contrafactur-der-statt-zurich-anno-1595","status":"publish","type":"product","link":"https:\/\/limage-et-le-livre.com\/en\/gravures-et-estampes\/estampes\/cartographie-et-voyage\/europe-cartographie-et-voyage\/suisse\/contrafactur-der-statt-zurich-anno-1595\/","title":{"rendered":"Contrafactur der Statt Z\u00fcrich Anno 1595"},"content":{"rendered":"<p>Contrafactur der Statt Z\u00fcrich Anno 1595. Gravure sur bois de Ludwig Fryg et Christoph Murer. XVIe si\u00e8cle. Coloris main. Dimension du feuillet : 310 x 406 mm ; Dimension du sujet : 184 x 390 mm. Carte issue de la Cosmographie de Sebastian Munster.<\/p>\n","protected":false},"excerpt":{"rendered":"<p>Contrafactur der Statt Z\u00fcrich Anno 1595. Gravure sur bois de Ludwig Fryg et Christoph Murer. Sebastian Munster. XVIe si\u00e8cle.<\/p>\n","protected":false},"featured_media":21305,"template":"","meta":[],"product_brand":[],"product_cat":[5322,5160,5159,5135,5158],"product_tag":[10067,8407,10066,10065,904,963,10064],"class_list":{"0":"post-21300","1":"product","2":"type-product","3":"status-publish","4":"has-post-thumbnail","6":"product_cat-suisse","7":"product_cat-cartographie-et-voyage","8":"product_cat-estampes","9":"product_cat-europe","10":"product_cat-gravures-et-estampes","11":"product_tag-christoph-murer","12":"product_tag-cosmographie","13":"product_tag-ludwig-fryg","14":"product_tag-sebastien-munster","15":"product_tag-suisse","16":"product_tag-vue-de-ville","17":"product_tag-zurich","18":"product_shipping_class-cat-livraison-3","19":"pa_etat-de-conservation-bon","20":"pa_illustrateur-christoph-murer","21":"pa_illustrateur-ludwig-fryg","22":"pa_langue-allemand","24":"first","25":"instock","26":"shipping-taxable","27":"purchasable","28":"product-type-simple"},"_links":{"self":[{"href":"https:\/\/limage-et-le-livre.com\/en\/wp-json\/wp\/v2\/product\/21300","targetHints":{"allow":["GET"]}}],"collection":[{"href":"https:\/\/limage-et-le-livre.com\/en\/wp-json\/wp\/v2\/product"}],"about":[{"href":"https:\/\/limage-et-le-livre.com\/en\/wp-json\/wp\/v2\/types\/product"}],"version-history":[{"count":0,"href":"https:\/\/limage-et-le-livre.com\/en\/wp-json\/wp\/v2\/product\/21300\/revisions"}],"wp:featuredmedia":[{"embeddable":true,"href":"https:\/\/limage-et-le-livre.com\/en\/wp-json\/wp\/v2\/media\/21305"}],"wp:attachment":[{"href":"https:\/\/limage-et-le-livre.com\/en\/wp-json\/wp\/v2\/media?parent=21300"}],"wp:term":[{"taxonomy":"product_brand","embeddable":true,"href":"https:\/\/limage-et-le-livre.com\/en\/wp-json\/wp\/v2\/product_brand?post=21300"},{"taxonomy":"product_cat","embeddable":true,"href":"https:\/\/limage-et-le-livre.com\/en\/wp-json\/wp\/v2\/product_cat?post=21300"},{"taxonomy":"product_tag","embeddable":true,"href":"https:\/\/limage-et-le-livre.com\/en\/wp-json\/wp\/v2\/product_tag?post=21300"}],"curies":[{"name":"wp","href":"https:\/\/api.w.org\/{rel}","templated":true}]}}