{"id":21315,"date":"2025-05-02T17:53:22","date_gmt":"2025-05-02T15:53:22","guid":{"rendered":"https:\/\/limage-et-le-livre.com\/?post_type=product&#038;p=21315"},"modified":"2026-04-08T14:37:03","modified_gmt":"2026-04-08T12:37:03","slug":"rene-hetzeljean-sebastien-bachpassion-selon-saint-mathieu","status":"publish","type":"product","link":"https:\/\/limage-et-le-livre.com\/en\/books\/rene-hetzeljean-sebastien-bachpassion-selon-saint-mathieu\/","title":{"rendered":"Ren\u00e9 Hetzel,Jean-S\u00e9bastien Bach,Passion selon Saint-Mathieu"},"content":{"rendered":"<p><strong>Strasbourg, 1952<\/strong><\/p>\n<p><p>Strasbourg, sn, 1952 ; in folio en feuilles sous chemise imprim\u00e9e et illustr\u00e9e d&#8217;une eau-forte. Quelques salissures et frottements sur la chemise. Portfolio bien complet des 6 eaux-fortes originales de Ren\u00e9 Hetzel (1902, Strasbourg &#8211; 1972, Strasbourg). Tirage \u00e0 250 exemplaires, 1 des 225 sur Rives de cette deuxi\u00e8me s\u00e9rie, \u00e9dit\u00e9e un an apr\u00e8s la 1\u00e8re. Les eaux-fortes ont \u00e9t\u00e9 tir\u00e9es par Padovani \u00e0 Montrouge et le texte \u00e0 l&#8217;imprimerie des Derni\u00e8res Nouvelles de Strasbourg.<\/p>\n<\/p>\n<p><small>Le prix du port est calcule selon la destination et le poids du colis.<\/small><\/p>\n","protected":false},"excerpt":{"rendered":"<p>Six eaux-fortes pour la Passion selon Saint-Matthieu. D\u00a0\u00bbapr\u00e8s le texte de Jean-S\u00e9bastien Bach. Ren\u00e9 Hetzel. 1952.<\/p>\n","protected":false},"featured_media":23953,"template":"","meta":[],"product_brand":[],"product_cat":[5114],"product_tag":[877,870,10069,10070],"class_list":{"0":"post-21315","1":"product","2":"type-product","3":"status-publish","4":"has-post-thumbnail","6":"product_cat-livres","7":"product_tag-alsace","8":"product_tag-alsatique","9":"product_tag-jean-sebastien-bach","10":"product_tag-rene-hetzel","11":"product_shipping_class-cat-livraison-2","12":"pa_annee-de-publication-585","13":"pa_etat-de-conservation-bon","14":"pa_langue-francais","15":"pa_lieu-de-publication-strasbourg","16":"pa_type-couverture-couverture-souple","18":"first","19":"instock","20":"shipping-taxable","21":"purchasable","22":"product-type-simple"},"_links":{"self":[{"href":"https:\/\/limage-et-le-livre.com\/en\/wp-json\/wp\/v2\/product\/21315","targetHints":{"allow":["GET"]}}],"collection":[{"href":"https:\/\/limage-et-le-livre.com\/en\/wp-json\/wp\/v2\/product"}],"about":[{"href":"https:\/\/limage-et-le-livre.com\/en\/wp-json\/wp\/v2\/types\/product"}],"version-history":[{"count":2,"href":"https:\/\/limage-et-le-livre.com\/en\/wp-json\/wp\/v2\/product\/21315\/revisions"}],"predecessor-version":[{"id":23924,"href":"https:\/\/limage-et-le-livre.com\/en\/wp-json\/wp\/v2\/product\/21315\/revisions\/23924"}],"wp:featuredmedia":[{"embeddable":true,"href":"https:\/\/limage-et-le-livre.com\/en\/wp-json\/wp\/v2\/media\/23953"}],"wp:attachment":[{"href":"https:\/\/limage-et-le-livre.com\/en\/wp-json\/wp\/v2\/media?parent=21315"}],"wp:term":[{"taxonomy":"product_brand","embeddable":true,"href":"https:\/\/limage-et-le-livre.com\/en\/wp-json\/wp\/v2\/product_brand?post=21315"},{"taxonomy":"product_cat","embeddable":true,"href":"https:\/\/limage-et-le-livre.com\/en\/wp-json\/wp\/v2\/product_cat?post=21315"},{"taxonomy":"product_tag","embeddable":true,"href":"https:\/\/limage-et-le-livre.com\/en\/wp-json\/wp\/v2\/product_tag?post=21315"}],"curies":[{"name":"wp","href":"https:\/\/api.w.org\/{rel}","templated":true}]}}