{"id":21318,"date":"2025-05-07T16:31:03","date_gmt":"2025-05-07T14:31:03","guid":{"rendered":"https:\/\/limage-et-le-livre.com\/?post_type=product&#038;p=21318"},"modified":"2026-03-12T16:08:30","modified_gmt":"2026-03-12T15:08:30","slug":"concorde-essais-et-batailles","status":"publish","type":"product","link":"https:\/\/limage-et-le-livre.com\/en\/livres\/sciences-et-techniques\/concorde-essais-et-batailles\/","title":{"rendered":"Concorde, essais et batailles"},"content":{"rendered":"<p>Stock, 1977 ; in-8 de 403 pp. Plein veau, dos lisse, auteur et titre dor\u00e9. Couvertures conserv\u00e9es. Dos insol\u00e9. D\u00e9dicace de l&#8217;auteur \u00e0 un ancien de l&#8217;Arm\u00e9e de l&#8217;air. Photo jointe avec Camille Labar, l&#8217;auteur et le sergent-chef Arrassus \u00e0 l&#8217;a\u00e9ro-club de France.<\/p>\n","protected":false},"excerpt":{"rendered":"<p>Concorde, essais et batailles. TURCAT (Andr\u00e9). 1977. D\u00e9dicac\u00e9 par l&#8217;auteur.<\/p>\n","protected":false},"featured_media":21335,"template":"","meta":[],"product_brand":[],"product_cat":[5115,5114],"product_tag":[959,10073,8576],"class_list":{"0":"post-21318","1":"product","2":"type-product","3":"status-publish","4":"has-post-thumbnail","6":"product_cat-sciences-et-techniques","7":"product_cat-livres","8":"product_tag-aviation","9":"product_tag-concorde","10":"product_tag-dedicace-dauteur","11":"product_shipping_class-cat-livraison-2","12":"pa_annee-de-publication-564","13":"pa_dimension-in-8","14":"pa_editeur-stock","15":"pa_etat-de-conservation-bon","16":"pa_langue-francais","17":"pa_signature-dedicace-dauteur","18":"pa_type-couverture-couverture-rigide","20":"first","21":"instock","22":"shipping-taxable","23":"purchasable","24":"product-type-simple"},"_links":{"self":[{"href":"https:\/\/limage-et-le-livre.com\/en\/wp-json\/wp\/v2\/product\/21318","targetHints":{"allow":["GET"]}}],"collection":[{"href":"https:\/\/limage-et-le-livre.com\/en\/wp-json\/wp\/v2\/product"}],"about":[{"href":"https:\/\/limage-et-le-livre.com\/en\/wp-json\/wp\/v2\/types\/product"}],"version-history":[{"count":1,"href":"https:\/\/limage-et-le-livre.com\/en\/wp-json\/wp\/v2\/product\/21318\/revisions"}],"predecessor-version":[{"id":21712,"href":"https:\/\/limage-et-le-livre.com\/en\/wp-json\/wp\/v2\/product\/21318\/revisions\/21712"}],"wp:featuredmedia":[{"embeddable":true,"href":"https:\/\/limage-et-le-livre.com\/en\/wp-json\/wp\/v2\/media\/21335"}],"wp:attachment":[{"href":"https:\/\/limage-et-le-livre.com\/en\/wp-json\/wp\/v2\/media?parent=21318"}],"wp:term":[{"taxonomy":"product_brand","embeddable":true,"href":"https:\/\/limage-et-le-livre.com\/en\/wp-json\/wp\/v2\/product_brand?post=21318"},{"taxonomy":"product_cat","embeddable":true,"href":"https:\/\/limage-et-le-livre.com\/en\/wp-json\/wp\/v2\/product_cat?post=21318"},{"taxonomy":"product_tag","embeddable":true,"href":"https:\/\/limage-et-le-livre.com\/en\/wp-json\/wp\/v2\/product_tag?post=21318"}],"curies":[{"name":"wp","href":"https:\/\/api.w.org\/{rel}","templated":true}]}}