{"id":21340,"date":"2025-05-07T16:40:36","date_gmt":"2025-05-07T14:40:36","guid":{"rendered":"https:\/\/limage-et-le-livre.com\/?post_type=product&#038;p=21340"},"modified":"2025-05-07T16:40:36","modified_gmt":"2025-05-07T14:40:36","slug":"abhandlung-von-troknen-knochen-des-menschlichen-korpers","status":"publish","type":"product","link":"https:\/\/limage-et-le-livre.com\/en\/livres\/medecine\/abhandlung-von-troknen-knochen-des-menschlichen-korpers\/","title":{"rendered":"Abhandlung von troknen Knochen des menschlichen..."},"content":{"rendered":"<p>Berlin, In der Langeschen Buchhandlung, 1789 ; in-12 de (5) ff. + 382 pp. + (11) ff.. Pleine basane marbr\u00e9e de l&#8217;\u00e9poque, dos lisse, pi\u00e8ce de titre,orn\u00e9 de fleurons et de lyres. Sans faux-titre, petit travail de vers sans incidence sur le motif des gravures, quelques annotations \u00e0 la plume. Troisi\u00e8me \u00e9dition bien compl\u00e8te des 6 gravures hors-texte.<\/p>\n","protected":false},"excerpt":{"rendered":"<p>Abhandlung von troknen Knochen des menschlichen K\u00f6rpers. WALTER (Johann Gottlieb). 1789.<\/p>\n","protected":false},"featured_media":21323,"template":"","meta":[],"product_brand":[],"product_cat":[5117],"product_tag":[8240,644,10076],"class_list":{"0":"post-21340","1":"product","2":"type-product","3":"status-publish","4":"has-post-thumbnail","6":"product_cat-medecine","7":"product_tag-anatomie","8":"product_tag-medecine","9":"product_tag-os","10":"product_shipping_class-cat-livraison-2","11":"pa_annee-de-publication-379","12":"pa_dimension-in-12","13":"pa_editeur-in-der-langeschen-buchhandlung","14":"pa_etat-de-conservation-assez-bon","15":"pa_langue-allemand","16":"pa_lieu-de-publication-berlin","17":"pa_type-couverture-couverture-rigide","19":"first","20":"instock","21":"shipping-taxable","22":"purchasable","23":"product-type-simple"},"_links":{"self":[{"href":"https:\/\/limage-et-le-livre.com\/en\/wp-json\/wp\/v2\/product\/21340","targetHints":{"allow":["GET"]}}],"collection":[{"href":"https:\/\/limage-et-le-livre.com\/en\/wp-json\/wp\/v2\/product"}],"about":[{"href":"https:\/\/limage-et-le-livre.com\/en\/wp-json\/wp\/v2\/types\/product"}],"version-history":[{"count":0,"href":"https:\/\/limage-et-le-livre.com\/en\/wp-json\/wp\/v2\/product\/21340\/revisions"}],"wp:featuredmedia":[{"embeddable":true,"href":"https:\/\/limage-et-le-livre.com\/en\/wp-json\/wp\/v2\/media\/21323"}],"wp:attachment":[{"href":"https:\/\/limage-et-le-livre.com\/en\/wp-json\/wp\/v2\/media?parent=21340"}],"wp:term":[{"taxonomy":"product_brand","embeddable":true,"href":"https:\/\/limage-et-le-livre.com\/en\/wp-json\/wp\/v2\/product_brand?post=21340"},{"taxonomy":"product_cat","embeddable":true,"href":"https:\/\/limage-et-le-livre.com\/en\/wp-json\/wp\/v2\/product_cat?post=21340"},{"taxonomy":"product_tag","embeddable":true,"href":"https:\/\/limage-et-le-livre.com\/en\/wp-json\/wp\/v2\/product_tag?post=21340"}],"curies":[{"name":"wp","href":"https:\/\/api.w.org\/{rel}","templated":true}]}}