{"id":21343,"date":"2025-05-07T16:56:12","date_gmt":"2025-05-07T14:56:12","guid":{"rendered":"https:\/\/limage-et-le-livre.com\/?post_type=product&#038;p=21343"},"modified":"2026-03-12T16:08:45","modified_gmt":"2026-03-12T15:08:45","slug":"dictionnaire-des-beaux-arts","status":"publish","type":"product","link":"https:\/\/limage-et-le-livre.com\/en\/livres\/beaux-arts\/dictionnaire-des-beaux-arts\/","title":{"rendered":"Dictionnaire des Beaux-Arts."},"content":{"rendered":"<p>Paris, Imprimerie de Crapelet, 1806 ; 3 volumes in-8 de VII + 819 + (2) ff. + 744 + (2) ff. + 826 pp. Demi-veau \u00e0 coins de l&#8217;\u00e9poque, dos orn\u00e9s \u00e0 faux nerfs, pi\u00e8ces de titre et de tomaison, plats en cartonnage racin\u00e9 de l&#8217;\u00e9poque, \u00e0 l&#8217;imitation du cuir. Coins et coiffes \u00e9mouss\u00e9s, mors l\u00e9g\u00e8rement fendus, quelques frottements. Edition originale, bien compl\u00e8te en trois volumes. Aubin Louis Millin (1759-1818), arch\u00e9ologue, numismate, naturaliste, fut conservateur et professeur \u00e0 la Biblioth\u00e8que nationale. Exemplaire issu de la vente Braunagel de 1959.<\/p>\n","protected":false},"excerpt":{"rendered":"<p>Dictionnaire des Beaux-Arts. MILLIN (Aubin-Louis). 1806.<\/p>\n","protected":false},"featured_media":21329,"template":"","meta":[],"product_brand":[],"product_cat":[5125,5114],"product_tag":[9211,768,8776],"class_list":{"0":"post-21343","1":"product","2":"type-product","3":"status-publish","4":"has-post-thumbnail","6":"product_cat-beaux-arts","7":"product_cat-livres","8":"product_tag-beaux-arts","9":"product_tag-edition-originale","10":"product_tag-histoire-de-lart","11":"product_shipping_class-cat-livraison-4","12":"pa_annee-de-publication-2668","13":"pa_dimension-in-8","14":"pa_editeur-imprimerie-de-crapelet","15":"pa_etat-de-conservation-assez-bon","16":"pa_langue-francais","17":"pa_lieu-de-publication-paris","18":"pa_type-couverture-couverture-rigide","19":"pa_volume-618","21":"first","22":"outofstock","23":"shipping-taxable","24":"purchasable","25":"product-type-simple"},"_links":{"self":[{"href":"https:\/\/limage-et-le-livre.com\/en\/wp-json\/wp\/v2\/product\/21343","targetHints":{"allow":["GET"]}}],"collection":[{"href":"https:\/\/limage-et-le-livre.com\/en\/wp-json\/wp\/v2\/product"}],"about":[{"href":"https:\/\/limage-et-le-livre.com\/en\/wp-json\/wp\/v2\/types\/product"}],"version-history":[{"count":1,"href":"https:\/\/limage-et-le-livre.com\/en\/wp-json\/wp\/v2\/product\/21343\/revisions"}],"predecessor-version":[{"id":21437,"href":"https:\/\/limage-et-le-livre.com\/en\/wp-json\/wp\/v2\/product\/21343\/revisions\/21437"}],"wp:featuredmedia":[{"embeddable":true,"href":"https:\/\/limage-et-le-livre.com\/en\/wp-json\/wp\/v2\/media\/21329"}],"wp:attachment":[{"href":"https:\/\/limage-et-le-livre.com\/en\/wp-json\/wp\/v2\/media?parent=21343"}],"wp:term":[{"taxonomy":"product_brand","embeddable":true,"href":"https:\/\/limage-et-le-livre.com\/en\/wp-json\/wp\/v2\/product_brand?post=21343"},{"taxonomy":"product_cat","embeddable":true,"href":"https:\/\/limage-et-le-livre.com\/en\/wp-json\/wp\/v2\/product_cat?post=21343"},{"taxonomy":"product_tag","embeddable":true,"href":"https:\/\/limage-et-le-livre.com\/en\/wp-json\/wp\/v2\/product_tag?post=21343"}],"curies":[{"name":"wp","href":"https:\/\/api.w.org\/{rel}","templated":true}]}}