{"id":21353,"date":"2025-06-03T14:16:49","date_gmt":"2025-06-03T12:16:49","guid":{"rendered":"https:\/\/limage-et-le-livre.com\/?post_type=product&#038;p=21353"},"modified":"2026-04-08T14:19:09","modified_gmt":"2026-04-08T12:19:09","slug":"la-chute-de-la-maison-usher-suivie-dautres-nouvelles-extraordinaires","status":"publish","type":"product","link":"https:\/\/limage-et-le-livre.com\/en\/books\/la-chute-de-la-maison-usher-suivie-dautres-nouvelles-extraordinaires\/","title":{"rendered":"La Chute de la maison Usher..."},"content":{"rendered":"<p><strong>Monte-Carlo, Aux \u00e9ditions du livre, 1948<\/strong><\/p>\n<p><p>Monte-Carlo, Aux \u00e9ditions du livre, 1948 ; in-8 de 202 pp. en feuilles, sous couverture imprim\u00e9e rempli\u00e9e, chemise et \u00e9tui de l&#8217;\u00e9diteur. Ouvrage non ouvert, en tr\u00e8s bel \u00e9tat. Traduction de Charles Baudelaire. Bien complet des 18 lithographies de Dubout tir\u00e9es sur les presses de Mourlot Fr\u00e8res. Tirage limit\u00e9 \u00e0 3 000 exemplaires num\u00e9rot\u00e9s sur grand v\u00e9lin blanc (n\u00b0 1716).<\/p>\n<\/p>\n<p><small>Le prix du port est calcule selon la destination et le poids du colis.<\/small><\/p>\n","protected":false},"excerpt":{"rendered":"<p>La Chute de la maison Usher suivie d&rsquo;autres nouvelles extraordinaires. Poe (Edgar Allan). Illustrations de Dubout. 1948.<\/p>\n","protected":false},"featured_media":23877,"template":"","meta":[],"product_brand":[],"product_cat":[5114],"product_tag":[10084,10082,8536,10083],"class_list":{"0":"post-21353","1":"product","2":"type-product","3":"status-publish","4":"has-post-thumbnail","6":"product_cat-livres","7":"product_tag-baudelaire","8":"product_tag-dubout","9":"product_tag-litterature-illustree","10":"product_tag-poe","11":"product_shipping_class-cat-livraison-3","12":"pa_annee-de-publication-435","13":"pa_editeur-aux-editions-du-livre","14":"pa_illustrateur-dubout","15":"pa_langue-francais","16":"pa_lieu-de-publication-monte-carlo","17":"pa_type-couverture-couverture-rigide","19":"first","20":"outofstock","21":"shipping-taxable","22":"purchasable","23":"product-type-simple"},"_links":{"self":[{"href":"https:\/\/limage-et-le-livre.com\/en\/wp-json\/wp\/v2\/product\/21353","targetHints":{"allow":["GET"]}}],"collection":[{"href":"https:\/\/limage-et-le-livre.com\/en\/wp-json\/wp\/v2\/product"}],"about":[{"href":"https:\/\/limage-et-le-livre.com\/en\/wp-json\/wp\/v2\/types\/product"}],"version-history":[{"count":3,"href":"https:\/\/limage-et-le-livre.com\/en\/wp-json\/wp\/v2\/product\/21353\/revisions"}],"predecessor-version":[{"id":23883,"href":"https:\/\/limage-et-le-livre.com\/en\/wp-json\/wp\/v2\/product\/21353\/revisions\/23883"}],"wp:featuredmedia":[{"embeddable":true,"href":"https:\/\/limage-et-le-livre.com\/en\/wp-json\/wp\/v2\/media\/23877"}],"wp:attachment":[{"href":"https:\/\/limage-et-le-livre.com\/en\/wp-json\/wp\/v2\/media?parent=21353"}],"wp:term":[{"taxonomy":"product_brand","embeddable":true,"href":"https:\/\/limage-et-le-livre.com\/en\/wp-json\/wp\/v2\/product_brand?post=21353"},{"taxonomy":"product_cat","embeddable":true,"href":"https:\/\/limage-et-le-livre.com\/en\/wp-json\/wp\/v2\/product_cat?post=21353"},{"taxonomy":"product_tag","embeddable":true,"href":"https:\/\/limage-et-le-livre.com\/en\/wp-json\/wp\/v2\/product_tag?post=21353"}],"curies":[{"name":"wp","href":"https:\/\/api.w.org\/{rel}","templated":true}]}}