{"id":21379,"date":"2025-06-03T14:39:09","date_gmt":"2025-06-03T12:39:09","guid":{"rendered":"https:\/\/limage-et-le-livre.com\/?post_type=product&#038;p=21379"},"modified":"2026-03-12T16:07:11","modified_gmt":"2026-03-12T15:07:11","slug":"contes-et-recits-nationaux","status":"publish","type":"product","link":"https:\/\/limage-et-le-livre.com\/en\/alsatique\/contes-et-recits-nationaux\/","title":{"rendered":"Contes et r\u00e9cits nationaux"},"content":{"rendered":"<p>Strasbourg, Imprimerie alsacienne anciennement Fischbach, 1908 ; fort in folio de 604 pp. + 1 f. de table des mati\u00e8res. Demi-chagrin \u00e0 coins, dos \u00e0 nerfs, titres et fleurons dor\u00e9s. L\u00e9gers frottements, notamment aux mors. Reliure sign\u00e9e Baczynski. R\u00e9cits de L\u00e9on Boll, Albert Carr\u00e9, Emile Clararc, Henry Ganier, Laurent Hartmann, Emile Hizelin, Fritz Holl, Fritz Kieffer, le Commandant Pardiellan, Adolphe Seyboth et l&#8217;Abb\u00e9 Emile Wetterl\u00e9 illustr\u00e9s par Lucien Blumer, Paul Kaufman, Henri Loux, Fr\u00e9d\u00e9ric R\u00e9gamey, L\u00e9o Schnug, Charles Spindler et Tanconville.<\/p>\n","protected":false},"excerpt":{"rendered":"<p>Contes et r\u00e9cits nationaux. Grande publication populaire alsacienne. Collectif. 1908.<\/p>\n","protected":false},"featured_media":21364,"template":"","meta":[],"product_brand":[],"product_cat":[10345,5114],"product_tag":[870,10091,10096,10095,8490,10097,10093,10092,10094,8544],"class_list":{"0":"post-21379","1":"product","2":"type-product","3":"status-publish","4":"has-post-thumbnail","6":"product_cat-alsatique","7":"product_cat-livres","8":"product_tag-alsatique","9":"product_tag-emile-hizelin","10":"product_tag-frederic-regamey","11":"product_tag-henri-loux","12":"product_tag-henry-ganier","13":"product_tag-leo-schnug","14":"product_tag-lucien-blumer","15":"product_tag-pardiellan","16":"product_tag-paul-kaufmann","17":"product_tag-seyboth","18":"product_shipping_class-cat-livraison-5","19":"pa_annee-de-publication-2822","20":"pa_dimension-in-folio","21":"pa_editeur-imprimerie-alsacienne-anciennement-fischbach","22":"pa_etat-de-conservation-bon","23":"pa_illustrateur-charles-spindler","24":"pa_illustrateur-leo-schnug","25":"pa_illustrateur-tanconville-paul-kauffmann-henry-ganier","26":"pa_langue-francais","27":"pa_lieu-de-publication-strasbourg","28":"pa_type-couverture-couverture-rigide","30":"first","31":"instock","32":"shipping-taxable","33":"purchasable","34":"product-type-simple"},"_links":{"self":[{"href":"https:\/\/limage-et-le-livre.com\/en\/wp-json\/wp\/v2\/product\/21379","targetHints":{"allow":["GET"]}}],"collection":[{"href":"https:\/\/limage-et-le-livre.com\/en\/wp-json\/wp\/v2\/product"}],"about":[{"href":"https:\/\/limage-et-le-livre.com\/en\/wp-json\/wp\/v2\/types\/product"}],"version-history":[{"count":2,"href":"https:\/\/limage-et-le-livre.com\/en\/wp-json\/wp\/v2\/product\/21379\/revisions"}],"predecessor-version":[{"id":21381,"href":"https:\/\/limage-et-le-livre.com\/en\/wp-json\/wp\/v2\/product\/21379\/revisions\/21381"}],"wp:featuredmedia":[{"embeddable":true,"href":"https:\/\/limage-et-le-livre.com\/en\/wp-json\/wp\/v2\/media\/21364"}],"wp:attachment":[{"href":"https:\/\/limage-et-le-livre.com\/en\/wp-json\/wp\/v2\/media?parent=21379"}],"wp:term":[{"taxonomy":"product_brand","embeddable":true,"href":"https:\/\/limage-et-le-livre.com\/en\/wp-json\/wp\/v2\/product_brand?post=21379"},{"taxonomy":"product_cat","embeddable":true,"href":"https:\/\/limage-et-le-livre.com\/en\/wp-json\/wp\/v2\/product_cat?post=21379"},{"taxonomy":"product_tag","embeddable":true,"href":"https:\/\/limage-et-le-livre.com\/en\/wp-json\/wp\/v2\/product_tag?post=21379"}],"curies":[{"name":"wp","href":"https:\/\/api.w.org\/{rel}","templated":true}]}}