{"id":21397,"date":"2025-06-12T17:09:42","date_gmt":"2025-06-12T15:09:42","guid":{"rendered":"https:\/\/limage-et-le-livre.com\/?post_type=product&#038;p=21397"},"modified":"2026-03-12T16:09:20","modified_gmt":"2026-03-12T15:09:20","slug":"zur-geschichte-der-strassburger-kapitulation-von-1681-historische-ruckblicke-eines-elsassers-auf-die-zeit-von-1648-bis-1697","status":"publish","type":"product","link":"https:\/\/limage-et-le-livre.com\/en\/alsatique\/zur-geschichte-der-strassburger-kapitulation-von-1681-historische-ruckblicke-eines-elsassers-auf-die-zeit-von-1648-bis-1697\/","title":{"rendered":"Zur Geschichte der Strassburger Kapitulation von..."},"content":{"rendered":"<p>Strasbourg, R. Schultz und Comp. Verlag, 1881 ; in-8 de IV + (1) ff. + 96 pp. Demi-basane, dos \u00e0 nerfs, auteur et titre dor\u00e9s, initiales en queue. L\u00e9gers frottements au dos. Couvertures conserv\u00e9es. De la biblioth\u00e8que de Fernand Heitz, avocat, batonnier au barreau de Colmar et grand bibliophile.<\/p>\n","protected":false},"excerpt":{"rendered":"<p>Zur Geschichte der Strassburger Kapitulation von 1681. Historische R\u00fcckblicke eines Els\u00e4ssers auf die Zeit von 1648 bis 1697. [RATHGEBER (Jules)]. 1881.<\/p>\n","protected":false},"featured_media":21412,"template":"","meta":[],"product_brand":[],"product_cat":[10345,5114],"product_tag":[870,652,9416,2350],"class_list":{"0":"post-21397","1":"product","2":"type-product","3":"status-publish","4":"has-post-thumbnail","6":"product_cat-alsatique","7":"product_cat-livres","8":"product_tag-alsatique","9":"product_tag-histoire","10":"product_tag-louis-xiv","11":"product_tag-strasbourg","12":"product_shipping_class-cat-livraison-2","13":"pa_annee-de-publication-343","14":"pa_dimension-in-8","15":"pa_editeur-r-schultz","16":"pa_etat-de-conservation-bon","17":"pa_langue-allemand","18":"pa_lieu-de-publication-strasbourg","19":"pa_type-couverture-couverture-rigide","21":"first","22":"instock","23":"shipping-taxable","24":"purchasable","25":"product-type-simple"},"_links":{"self":[{"href":"https:\/\/limage-et-le-livre.com\/en\/wp-json\/wp\/v2\/product\/21397","targetHints":{"allow":["GET"]}}],"collection":[{"href":"https:\/\/limage-et-le-livre.com\/en\/wp-json\/wp\/v2\/product"}],"about":[{"href":"https:\/\/limage-et-le-livre.com\/en\/wp-json\/wp\/v2\/types\/product"}],"version-history":[{"count":2,"href":"https:\/\/limage-et-le-livre.com\/en\/wp-json\/wp\/v2\/product\/21397\/revisions"}],"predecessor-version":[{"id":21399,"href":"https:\/\/limage-et-le-livre.com\/en\/wp-json\/wp\/v2\/product\/21397\/revisions\/21399"}],"wp:featuredmedia":[{"embeddable":true,"href":"https:\/\/limage-et-le-livre.com\/en\/wp-json\/wp\/v2\/media\/21412"}],"wp:attachment":[{"href":"https:\/\/limage-et-le-livre.com\/en\/wp-json\/wp\/v2\/media?parent=21397"}],"wp:term":[{"taxonomy":"product_brand","embeddable":true,"href":"https:\/\/limage-et-le-livre.com\/en\/wp-json\/wp\/v2\/product_brand?post=21397"},{"taxonomy":"product_cat","embeddable":true,"href":"https:\/\/limage-et-le-livre.com\/en\/wp-json\/wp\/v2\/product_cat?post=21397"},{"taxonomy":"product_tag","embeddable":true,"href":"https:\/\/limage-et-le-livre.com\/en\/wp-json\/wp\/v2\/product_tag?post=21397"}],"curies":[{"name":"wp","href":"https:\/\/api.w.org\/{rel}","templated":true}]}}