{"id":21401,"date":"2025-06-12T17:19:30","date_gmt":"2025-06-12T15:19:30","guid":{"rendered":"https:\/\/limage-et-le-livre.com\/?post_type=product&#038;p=21401"},"modified":"2026-03-12T16:08:18","modified_gmt":"2026-03-12T15:08:18","slug":"das-burger-hospital-von-strassburg-und-seine-umgestaltungen-in-der-zeit-von-1872-bis-1898-nach-amtlichen-quellen-bearbeitet-dur-oscar-gerval","status":"publish","type":"product","link":"https:\/\/limage-et-le-livre.com\/en\/alsatique\/das-burger-hospital-von-strassburg-und-seine-umgestaltungen-in-der-zeit-von-1872-bis-1898-nach-amtlichen-quellen-bearbeitet-dur-oscar-gerval\/","title":{"rendered":"Das B\u00fcrger-Hospital von Strassburg und seine..."},"content":{"rendered":"<p>Strasbourg, Els\u00e4ssische Druckerei und Verlagsanstalt vorm. G. Fischbach, 1898 ; in-8 de 83 pp. Demi-percaline rouge post\u00e9rieure, auteur et titre dor\u00e9s sur le premier plat. Bien complet du plan de l&#8217;h\u00f4pital en 1898 in-fine. Exemplaire bien reli\u00e9, avec ses couvertures d&#8217;origine conserv\u00e9es.<\/p>\n","protected":false},"excerpt":{"rendered":"<p>Das B\u00fcrger-Hospital von Strassburg und seine Umgestaltungen in der Zeit von 1872 bis 1898 nach amtlichen Quellen bearbeitet dur Oscar Gerval. GERVAL (Oscar). 1898.<\/p>\n","protected":false},"featured_media":21406,"template":"","meta":[],"product_brand":[],"product_cat":[10345,5114],"product_tag":[870,10101,2350],"class_list":{"0":"post-21401","1":"product","2":"type-product","3":"status-publish","4":"has-post-thumbnail","6":"product_cat-alsatique","7":"product_cat-livres","8":"product_tag-alsatique","9":"product_tag-hopital-civil","10":"product_tag-strasbourg","11":"product_shipping_class-cat-livraison-2","12":"pa_annee-de-publication-10099","13":"pa_dimension-in-8","14":"pa_editeur-fischbach","15":"pa_etat-de-conservation-tres-bon","16":"pa_langue-allemand","17":"pa_lieu-de-publication-strasbourg","18":"pa_type-couverture-couverture-rigide","20":"first","21":"outofstock","22":"shipping-taxable","23":"purchasable","24":"product-type-simple"},"_links":{"self":[{"href":"https:\/\/limage-et-le-livre.com\/en\/wp-json\/wp\/v2\/product\/21401","targetHints":{"allow":["GET"]}}],"collection":[{"href":"https:\/\/limage-et-le-livre.com\/en\/wp-json\/wp\/v2\/product"}],"about":[{"href":"https:\/\/limage-et-le-livre.com\/en\/wp-json\/wp\/v2\/types\/product"}],"version-history":[{"count":2,"href":"https:\/\/limage-et-le-livre.com\/en\/wp-json\/wp\/v2\/product\/21401\/revisions"}],"predecessor-version":[{"id":21403,"href":"https:\/\/limage-et-le-livre.com\/en\/wp-json\/wp\/v2\/product\/21401\/revisions\/21403"}],"wp:featuredmedia":[{"embeddable":true,"href":"https:\/\/limage-et-le-livre.com\/en\/wp-json\/wp\/v2\/media\/21406"}],"wp:attachment":[{"href":"https:\/\/limage-et-le-livre.com\/en\/wp-json\/wp\/v2\/media?parent=21401"}],"wp:term":[{"taxonomy":"product_brand","embeddable":true,"href":"https:\/\/limage-et-le-livre.com\/en\/wp-json\/wp\/v2\/product_brand?post=21401"},{"taxonomy":"product_cat","embeddable":true,"href":"https:\/\/limage-et-le-livre.com\/en\/wp-json\/wp\/v2\/product_cat?post=21401"},{"taxonomy":"product_tag","embeddable":true,"href":"https:\/\/limage-et-le-livre.com\/en\/wp-json\/wp\/v2\/product_tag?post=21401"}],"curies":[{"name":"wp","href":"https:\/\/api.w.org\/{rel}","templated":true}]}}