{"id":21427,"date":"2025-06-20T16:56:07","date_gmt":"2025-06-20T14:56:07","guid":{"rendered":"https:\/\/limage-et-le-livre.com\/?post_type=product&#038;p=21427"},"modified":"2026-03-12T16:07:33","modified_gmt":"2026-03-12T15:07:33","slug":"la-grande-et-magnifique-mosquee-bastie-par-le-grand-sultan-achmed-a-constantinople-lan-1610","status":"publish","type":"product","link":"https:\/\/limage-et-le-livre.com\/en\/prints-and-engravings\/prints\/cartography-and-travel\/europe-en-2\/turkey\/la-grande-et-magnifique-mosquee-bastie-par-le-grand-sultan-achmed-a-constantinople-lan-1610\/","title":{"rendered":"La grande et magnifique Mosqu\u00e9e bastie..."},"content":{"rendered":"<p>La grande et magnifique Mosqu\u00e9e bastie par le grand Sultan Achmed \u00e0 Constantinople l&#8217;An 1610. Gravure sur cuivre d&#8217;apr\u00e8s Johann Bernhard Fischer von Erlach. 1721. Plis verticaux, quelques rousseurs, essentiellement marginales. Dimension du feuillet : 378 x 489 mm. Dimension au coup de planche : 296 x 516 mm. Plan et vue de la mosqu\u00e9e bleue, l\u00e9gende en allemand et fran\u00e7ais. Planche issue d'&#8221;Entwurf einer historischen Architektur&#8221; de l&#8217;architecte autrichien Johann Bernhard Fischer von Erlach.<\/p>\n","protected":false},"excerpt":{"rendered":"<p>La grande et magnifique Mosqu\u00e9e bastie par le grand Sultan Achmed \u00e0 Constantinople l&#8217;An 1610. FISCHER VON ERLACH (Johann Bernhard). 1721.<\/p>\n","protected":false},"featured_media":21425,"template":"","meta":[],"product_brand":[],"product_cat":[5241,5160,5159,5135,5158,5272],"product_tag":[829,8431,10104,10105,8961],"class_list":{"0":"post-21427","1":"product","2":"type-product","3":"status-publish","4":"has-post-thumbnail","6":"product_cat-architecture","7":"product_cat-cartographie-et-voyage","8":"product_cat-estampes","9":"product_cat-europe","10":"product_cat-gravures-et-estampes","11":"product_cat-turquie","12":"product_tag-architecture","13":"product_tag-architecture-religieuse","14":"product_tag-istanbul","15":"product_tag-mosquee","16":"product_tag-turquie","17":"product_shipping_class-cat-livraison-3","18":"pa_annee-de-publication-10102","19":"pa_etat-de-conservation-assez-bon","20":"pa_langue-allemand","21":"pa_langue-francais","22":"pa_type-couverture-pas-de-couverture","24":"first","25":"instock","26":"shipping-taxable","27":"purchasable","28":"product-type-simple"},"_links":{"self":[{"href":"https:\/\/limage-et-le-livre.com\/en\/wp-json\/wp\/v2\/product\/21427","targetHints":{"allow":["GET"]}}],"collection":[{"href":"https:\/\/limage-et-le-livre.com\/en\/wp-json\/wp\/v2\/product"}],"about":[{"href":"https:\/\/limage-et-le-livre.com\/en\/wp-json\/wp\/v2\/types\/product"}],"version-history":[{"count":4,"href":"https:\/\/limage-et-le-livre.com\/en\/wp-json\/wp\/v2\/product\/21427\/revisions"}],"predecessor-version":[{"id":21434,"href":"https:\/\/limage-et-le-livre.com\/en\/wp-json\/wp\/v2\/product\/21427\/revisions\/21434"}],"wp:featuredmedia":[{"embeddable":true,"href":"https:\/\/limage-et-le-livre.com\/en\/wp-json\/wp\/v2\/media\/21425"}],"wp:attachment":[{"href":"https:\/\/limage-et-le-livre.com\/en\/wp-json\/wp\/v2\/media?parent=21427"}],"wp:term":[{"taxonomy":"product_brand","embeddable":true,"href":"https:\/\/limage-et-le-livre.com\/en\/wp-json\/wp\/v2\/product_brand?post=21427"},{"taxonomy":"product_cat","embeddable":true,"href":"https:\/\/limage-et-le-livre.com\/en\/wp-json\/wp\/v2\/product_cat?post=21427"},{"taxonomy":"product_tag","embeddable":true,"href":"https:\/\/limage-et-le-livre.com\/en\/wp-json\/wp\/v2\/product_tag?post=21427"}],"curies":[{"name":"wp","href":"https:\/\/api.w.org\/{rel}","templated":true}]}}