{"id":21465,"date":"2025-07-04T17:24:33","date_gmt":"2025-07-04T15:24:33","guid":{"rendered":"https:\/\/limage-et-le-livre.com\/?post_type=product&#038;p=21465"},"modified":"2026-03-12T16:09:10","modified_gmt":"2026-03-12T15:09:10","slug":"la-part-de-la-medecine-arabe-dans-levolution-de-la-medecine-francaise","status":"publish","type":"product","link":"https:\/\/limage-et-le-livre.com\/en\/livres\/medecine\/la-part-de-la-medecine-arabe-dans-levolution-de-la-medecine-francaise\/","title":{"rendered":"La Part de la m\u00e9decine arabe..."},"content":{"rendered":"<p>Imprimerie &#8220;Graphique&#8221;, Paris, 1922 ; in-8 de 163 pp. Reliure moderne en plein cuir maroquin\u00e9 noir, dos \u00e0 5 nerfs avec auteur et titre dor\u00e9s, caissons orn\u00e9s de fleurons, filets d&#8217;encadrement et \u00e9coin\u00e7ons dor\u00e9s sur les plats, sous \u00e9tui bord\u00e9. Papier uniform\u00e9ment jauni, soulignages au crayon. Les couvertures et le dos d&#8217;origine sont conserv\u00e9s. Th\u00e8se de doctorat sur l&#8217;histoire de la diffusion de la m\u00e9decine arabe et ses apports en France \u00e0 partir du Moyen-Age. De la biblioth\u00e8que du G\u00e9n\u00e9ral Edouard Br\u00e9mond (1868 -1948).<\/p>\n","protected":false},"excerpt":{"rendered":"<p>La Part de la m\u00e9decine arabe dans l&#8217;\u00e9volution de la m\u00e9decine fran\u00e7aise. HARIZ (Joseph). 1922.<\/p>\n","protected":false},"featured_media":21454,"template":"","meta":[],"product_brand":[],"product_cat":[5117,10346,5114,5115],"product_tag":[10115,10114,10116,10117,10118,10113,10119,9671],"class_list":{"0":"post-21465","1":"product","2":"type-product","3":"status-publish","4":"has-post-thumbnail","6":"product_cat-medecine","7":"product_cat-histoire","8":"product_cat-livres","9":"product_cat-sciences-et-techniques","10":"product_tag-constantin-lafricain","11":"product_tag-gerard-de-cremone","12":"product_tag-gerbert-daurillac","13":"product_tag-histoire-de-la-medecine","14":"product_tag-history-2","15":"product_tag-medecine-arabe","16":"product_tag-medicine-2","17":"product_tag-these-de-medecine","18":"product_shipping_class-cat-livraison-3","19":"pa_annee-de-publication-3722","20":"pa_dimension-in-8","21":"pa_editeur-imprimerie-graphique","22":"pa_etat-de-conservation-good-2","23":"pa_langue-french-2","24":"pa_lieu-de-publication-paris","25":"pa_type-couverture-hard-cover-2","27":"first","28":"instock","29":"shipping-taxable","30":"purchasable","31":"product-type-simple"},"_links":{"self":[{"href":"https:\/\/limage-et-le-livre.com\/en\/wp-json\/wp\/v2\/product\/21465","targetHints":{"allow":["GET"]}}],"collection":[{"href":"https:\/\/limage-et-le-livre.com\/en\/wp-json\/wp\/v2\/product"}],"about":[{"href":"https:\/\/limage-et-le-livre.com\/en\/wp-json\/wp\/v2\/types\/product"}],"version-history":[{"count":3,"href":"https:\/\/limage-et-le-livre.com\/en\/wp-json\/wp\/v2\/product\/21465\/revisions"}],"predecessor-version":[{"id":21469,"href":"https:\/\/limage-et-le-livre.com\/en\/wp-json\/wp\/v2\/product\/21465\/revisions\/21469"}],"wp:featuredmedia":[{"embeddable":true,"href":"https:\/\/limage-et-le-livre.com\/en\/wp-json\/wp\/v2\/media\/21454"}],"wp:attachment":[{"href":"https:\/\/limage-et-le-livre.com\/en\/wp-json\/wp\/v2\/media?parent=21465"}],"wp:term":[{"taxonomy":"product_brand","embeddable":true,"href":"https:\/\/limage-et-le-livre.com\/en\/wp-json\/wp\/v2\/product_brand?post=21465"},{"taxonomy":"product_cat","embeddable":true,"href":"https:\/\/limage-et-le-livre.com\/en\/wp-json\/wp\/v2\/product_cat?post=21465"},{"taxonomy":"product_tag","embeddable":true,"href":"https:\/\/limage-et-le-livre.com\/en\/wp-json\/wp\/v2\/product_tag?post=21465"}],"curies":[{"name":"wp","href":"https:\/\/api.w.org\/{rel}","templated":true}]}}