{"id":21482,"date":"2025-07-19T17:07:13","date_gmt":"2025-07-19T15:07:13","guid":{"rendered":"https:\/\/limage-et-le-livre.com\/?post_type=product&#038;p=21482"},"modified":"2026-03-12T16:08:00","modified_gmt":"2026-03-12T15:08:00","slug":"vue-du-fort-de-vellour","status":"publish","type":"product","link":"https:\/\/limage-et-le-livre.com\/en\/gravures-et-estampes\/estampes\/cartographie-et-voyage\/asie\/inde\/vue-du-fort-de-vellour\/","title":{"rendered":"Vue du fort de Vellour"},"content":{"rendered":"<p>Vue du fort de Vellour. Lithographie de Marlet. Circa 1830. Coloris main. Infimes rousseurs. Dimension du feuillet : 273 x 412 mm. Dimension du sujet : 186 x 275 mm. Planche issue de &#8220;L&#8217;Inde fran\u00e7aise ou Collection de dessins lithographi\u00e9s repr\u00e9sentant les divinit\u00e9s, temples, costumes, physionomies, meubles, armes, et ustensiles, des peuples Hindous qui habitent les possessions fran\u00e7aises de l&#8217;Inde, et en g\u00e9n\u00e9ral la c\u00f4te de Cormandel et le Malabar&#8221; d&#8217;Eug\u00e8ne Burnouf.<\/p>\n","protected":false},"excerpt":{"rendered":"<p>Vue du fort de Vellour. Lithographie de Marlet. Circa 1830.<\/p>\n","protected":false},"featured_media":21480,"template":"","meta":[],"product_brand":[],"product_cat":[5262,5165,5160,5159,5158],"product_tag":[10125,10126,8815,1156],"class_list":{"0":"post-21482","1":"product","2":"type-product","3":"status-publish","4":"has-post-thumbnail","6":"product_cat-inde","7":"product_cat-asie","8":"product_cat-cartographie-et-voyage","9":"product_cat-estampes","10":"product_cat-gravures-et-estampes","11":"product_tag-fortification","12":"product_tag-hindouisme","13":"product_tag-inde","14":"product_tag-paysage","15":"product_shipping_class-cat-livraison-3","16":"pa_annee-de-publication-10124","17":"pa_etat-de-conservation-bon","18":"pa_langue-francais","19":"pa_type-couverture-pas-de-couverture","21":"first","22":"instock","23":"shipping-taxable","24":"purchasable","25":"product-type-simple"},"_links":{"self":[{"href":"https:\/\/limage-et-le-livre.com\/en\/wp-json\/wp\/v2\/product\/21482","targetHints":{"allow":["GET"]}}],"collection":[{"href":"https:\/\/limage-et-le-livre.com\/en\/wp-json\/wp\/v2\/product"}],"about":[{"href":"https:\/\/limage-et-le-livre.com\/en\/wp-json\/wp\/v2\/types\/product"}],"version-history":[{"count":2,"href":"https:\/\/limage-et-le-livre.com\/en\/wp-json\/wp\/v2\/product\/21482\/revisions"}],"predecessor-version":[{"id":21484,"href":"https:\/\/limage-et-le-livre.com\/en\/wp-json\/wp\/v2\/product\/21482\/revisions\/21484"}],"wp:featuredmedia":[{"embeddable":true,"href":"https:\/\/limage-et-le-livre.com\/en\/wp-json\/wp\/v2\/media\/21480"}],"wp:attachment":[{"href":"https:\/\/limage-et-le-livre.com\/en\/wp-json\/wp\/v2\/media?parent=21482"}],"wp:term":[{"taxonomy":"product_brand","embeddable":true,"href":"https:\/\/limage-et-le-livre.com\/en\/wp-json\/wp\/v2\/product_brand?post=21482"},{"taxonomy":"product_cat","embeddable":true,"href":"https:\/\/limage-et-le-livre.com\/en\/wp-json\/wp\/v2\/product_cat?post=21482"},{"taxonomy":"product_tag","embeddable":true,"href":"https:\/\/limage-et-le-livre.com\/en\/wp-json\/wp\/v2\/product_tag?post=21482"}],"curies":[{"name":"wp","href":"https:\/\/api.w.org\/{rel}","templated":true}]}}