{"id":21485,"date":"2025-07-19T17:12:27","date_gmt":"2025-07-19T15:12:27","guid":{"rendered":"https:\/\/limage-et-le-livre.com\/?post_type=product&#038;p=21485"},"modified":"2026-03-12T16:07:18","modified_gmt":"2026-03-12T15:07:18","slug":"vue-prise-dans-le-tinnevely","status":"publish","type":"product","link":"https:\/\/limage-et-le-livre.com\/en\/gravures-et-estampes\/estampes\/cartographie-et-voyage\/asie\/inde\/vue-prise-dans-le-tinnevely\/","title":{"rendered":"Vue prise dans le Tinnevely"},"content":{"rendered":"<p>Vue prise dans le Tinnevely. Lithographie de Marlet d&#8217;apr\u00e8s Midy. Circa 1830. Coloris main. Tr\u00e8s l\u00e9g\u00e8res marques blanches. Dimension du feuillet : 262 x 391 mm. Dimension du sujet : 201 x 296 mm. Planche issue de &#8220;L&#8217;Inde fran\u00e7aise ou Collection de dessins lithographi\u00e9s repr\u00e9sentant les divinit\u00e9s, temples, costumes, physionomies, meubles, armes, et ustensiles, des peuples Hindous qui habitent les possessions fran\u00e7aises de l&#8217;Inde, et en g\u00e9n\u00e9ral la c\u00f4te de Cormandel et le Malabar&#8221; d&#8217;Eug\u00e8ne Burnouf.<\/p>\n","protected":false},"excerpt":{"rendered":"<p>Vue prise dans le Tinnevely. Lithographie de Marlet d&#8217;apr\u00e8s Midy. Circa 1830.<\/p>\n","protected":false},"featured_media":21478,"template":"","meta":[],"product_brand":[],"product_cat":[5262,5165,5160,5159,5158],"product_tag":[8763,10126,8815,1156,10128],"class_list":{"0":"post-21485","1":"product","2":"type-product","3":"status-publish","4":"has-post-thumbnail","6":"product_cat-inde","7":"product_cat-asie","8":"product_cat-cartographie-et-voyage","9":"product_cat-estampes","10":"product_cat-gravures-et-estampes","11":"product_tag-elephant","12":"product_tag-hindouisme","13":"product_tag-inde","14":"product_tag-paysage","15":"product_tag-temple","16":"product_shipping_class-cat-livraison-3","17":"pa_annee-de-publication-10124","18":"pa_etat-de-conservation-bon","19":"pa_illustrateur-midy","20":"pa_langue-francais","21":"pa_type-couverture-pas-de-couverture","23":"first","24":"instock","25":"shipping-taxable","26":"purchasable","27":"product-type-simple"},"_links":{"self":[{"href":"https:\/\/limage-et-le-livre.com\/en\/wp-json\/wp\/v2\/product\/21485","targetHints":{"allow":["GET"]}}],"collection":[{"href":"https:\/\/limage-et-le-livre.com\/en\/wp-json\/wp\/v2\/product"}],"about":[{"href":"https:\/\/limage-et-le-livre.com\/en\/wp-json\/wp\/v2\/types\/product"}],"version-history":[{"count":2,"href":"https:\/\/limage-et-le-livre.com\/en\/wp-json\/wp\/v2\/product\/21485\/revisions"}],"predecessor-version":[{"id":21487,"href":"https:\/\/limage-et-le-livre.com\/en\/wp-json\/wp\/v2\/product\/21485\/revisions\/21487"}],"wp:featuredmedia":[{"embeddable":true,"href":"https:\/\/limage-et-le-livre.com\/en\/wp-json\/wp\/v2\/media\/21478"}],"wp:attachment":[{"href":"https:\/\/limage-et-le-livre.com\/en\/wp-json\/wp\/v2\/media?parent=21485"}],"wp:term":[{"taxonomy":"product_brand","embeddable":true,"href":"https:\/\/limage-et-le-livre.com\/en\/wp-json\/wp\/v2\/product_brand?post=21485"},{"taxonomy":"product_cat","embeddable":true,"href":"https:\/\/limage-et-le-livre.com\/en\/wp-json\/wp\/v2\/product_cat?post=21485"},{"taxonomy":"product_tag","embeddable":true,"href":"https:\/\/limage-et-le-livre.com\/en\/wp-json\/wp\/v2\/product_tag?post=21485"}],"curies":[{"name":"wp","href":"https:\/\/api.w.org\/{rel}","templated":true}]}}