{"id":21515,"date":"2025-07-31T15:30:45","date_gmt":"2025-07-31T13:30:45","guid":{"rendered":"https:\/\/limage-et-le-livre.com\/?post_type=product&#038;p=21515"},"modified":"2026-03-12T16:08:18","modified_gmt":"2026-03-12T15:08:18","slug":"corinne-ou-litalie","status":"publish","type":"product","link":"https:\/\/limage-et-le-livre.com\/en\/livres\/litterature\/corinne-ou-litalie\/","title":{"rendered":"Corinne ou l&#8217;Italie"},"content":{"rendered":"<p>Paris, Chez Dauthereau, Libraire, 1827 ; 5 volumes in-18 de (2) ff. + 212 + (1) f. + (2) ff. + 205 + (1) + (2) ff. + 193 + (2) + (2) ff. + 199 + (1) + (2) ff. + 215 + (1). Plein veau glac\u00e9 vert olive, dos lisse orn\u00e9 de fleurons, pi\u00e8ces de titre et de tomaison, plats orn\u00e9s de filets dor\u00e9s et de frises \u00e0 froid. L\u00e9gers frottements, \u00e9pidermures au dos du 2\u00e8me tome. Bel exemplaire malgr\u00e9 les d\u00e9fauts signal\u00e9s, agr\u00e9ablement reli\u00e9.<\/p>\n","protected":false},"excerpt":{"rendered":"<p>Corinne ou l&#8217;Italie. STA\u00cbL-HOLSTEIN (Anne-Louise Germaine, Madame de). 1827.<\/p>\n","protected":false},"featured_media":21506,"template":"","meta":[],"product_brand":[],"product_cat":[5123,5114],"product_tag":[899],"class_list":{"0":"post-21515","1":"product","2":"type-product","3":"status-publish","4":"has-post-thumbnail","6":"product_cat-litterature","7":"product_cat-livres","8":"product_tag-litterature","9":"product_shipping_class-cat-livraison-2","10":"pa_annee-de-publication-210","11":"pa_dimension-in-18","12":"pa_editeur-dauthereau","13":"pa_etat-de-conservation-bon","14":"pa_langue-francais","15":"pa_lieu-de-publication-paris","16":"pa_type-couverture-couverture-rigide","17":"pa_volume-617","19":"first","20":"outofstock","21":"shipping-taxable","22":"purchasable","23":"product-type-simple"},"_links":{"self":[{"href":"https:\/\/limage-et-le-livre.com\/en\/wp-json\/wp\/v2\/product\/21515","targetHints":{"allow":["GET"]}}],"collection":[{"href":"https:\/\/limage-et-le-livre.com\/en\/wp-json\/wp\/v2\/product"}],"about":[{"href":"https:\/\/limage-et-le-livre.com\/en\/wp-json\/wp\/v2\/types\/product"}],"version-history":[{"count":2,"href":"https:\/\/limage-et-le-livre.com\/en\/wp-json\/wp\/v2\/product\/21515\/revisions"}],"predecessor-version":[{"id":21517,"href":"https:\/\/limage-et-le-livre.com\/en\/wp-json\/wp\/v2\/product\/21515\/revisions\/21517"}],"wp:featuredmedia":[{"embeddable":true,"href":"https:\/\/limage-et-le-livre.com\/en\/wp-json\/wp\/v2\/media\/21506"}],"wp:attachment":[{"href":"https:\/\/limage-et-le-livre.com\/en\/wp-json\/wp\/v2\/media?parent=21515"}],"wp:term":[{"taxonomy":"product_brand","embeddable":true,"href":"https:\/\/limage-et-le-livre.com\/en\/wp-json\/wp\/v2\/product_brand?post=21515"},{"taxonomy":"product_cat","embeddable":true,"href":"https:\/\/limage-et-le-livre.com\/en\/wp-json\/wp\/v2\/product_cat?post=21515"},{"taxonomy":"product_tag","embeddable":true,"href":"https:\/\/limage-et-le-livre.com\/en\/wp-json\/wp\/v2\/product_tag?post=21515"}],"curies":[{"name":"wp","href":"https:\/\/api.w.org\/{rel}","templated":true}]}}