{"id":21518,"date":"2025-07-31T15:31:53","date_gmt":"2025-07-31T13:31:53","guid":{"rendered":"https:\/\/limage-et-le-livre.com\/?post_type=product&#038;p=21518"},"modified":"2026-03-12T16:09:07","modified_gmt":"2026-03-12T15:09:07","slug":"girrendes-taublein-in-einem-gesang-buch-alter-neuer-lieder-welches-denen-evangelischen-kirchen-in-der-grafschafft-hanau-lichtenberg-ubergeben-worden","status":"publish","type":"product","link":"https:\/\/limage-et-le-livre.com\/en\/alsatique\/girrendes-taublein-in-einem-gesang-buch-alter-neuer-lieder-welches-denen-evangelischen-kirchen-in-der-grafschafft-hanau-lichtenberg-ubergeben-worden\/","title":{"rendered":"Girrendes T\u00e4ublein in einem Gesang-Buch alter..."},"content":{"rendered":"<p>Strasbourg, Jonas Lorenz, 1768 ; in-12 de (4) ff. + 963 + (26) + 65 + (9). Plein maroquin vert de l&#8217;\u00e9poque, dos \u00e0 nerfs, pi\u00e8ce de titre avec nom du propri\u00e9taire, caissons orn\u00e9s de fleurons dor\u00e9s, filets et roulettes d&#8217;encadrement sur les plats, tranches dor\u00e9es et guilloch\u00e9es, gardes de papier dominot\u00e9. Gesang-Buch pour le comt\u00e9 protestant de Hanau-Lichtenberg. Tr\u00e8s bel exemplaire.<\/p>\n","protected":false},"excerpt":{"rendered":"<p>Girrendes T\u00e4ublein in einem Gesang-Buch alter und neuer Geistreicher Lieder, welches auf hohen Obrigkeitlichen Besehl, zur Erweckung und Ubung in der Gottseligkeit, denen Evangelischen Kirchen in der Graffschaft Hanau-Lichtenberg \u00fcbergeben worden. Samt einem Gebetb\u00fcchlein auf die gemeinste Zuf\u00e4lle des menschlichen Lebens gerichtet. 1768.<\/p>\n","protected":false},"featured_media":21494,"template":"","meta":[],"product_brand":[],"product_cat":[10345,5114],"product_tag":[870,10136,10138,10137,8422,727],"class_list":{"0":"post-21518","1":"product","2":"type-product","3":"status-publish","4":"has-post-thumbnail","6":"product_cat-alsatique","7":"product_cat-livres","8":"product_tag-alsatique","9":"product_tag-gesang-buch","10":"product_tag-hanau","11":"product_tag-hanau-lichtenberg","12":"product_tag-protestantisme","13":"product_tag-religion","14":"product_shipping_class-cat-livraison-3","15":"pa_annee-de-publication-10134","16":"pa_dimension-in-12","17":"pa_editeur-jonas-lorenz","18":"pa_etat-de-conservation-tres-bon","19":"pa_langue-allemand","20":"pa_lieu-de-publication-strasbourg","21":"pa_type-couverture-couverture-rigide","23":"first","24":"outofstock","25":"shipping-taxable","26":"purchasable","27":"product-type-simple"},"_links":{"self":[{"href":"https:\/\/limage-et-le-livre.com\/en\/wp-json\/wp\/v2\/product\/21518","targetHints":{"allow":["GET"]}}],"collection":[{"href":"https:\/\/limage-et-le-livre.com\/en\/wp-json\/wp\/v2\/product"}],"about":[{"href":"https:\/\/limage-et-le-livre.com\/en\/wp-json\/wp\/v2\/types\/product"}],"version-history":[{"count":3,"href":"https:\/\/limage-et-le-livre.com\/en\/wp-json\/wp\/v2\/product\/21518\/revisions"}],"predecessor-version":[{"id":21521,"href":"https:\/\/limage-et-le-livre.com\/en\/wp-json\/wp\/v2\/product\/21518\/revisions\/21521"}],"wp:featuredmedia":[{"embeddable":true,"href":"https:\/\/limage-et-le-livre.com\/en\/wp-json\/wp\/v2\/media\/21494"}],"wp:attachment":[{"href":"https:\/\/limage-et-le-livre.com\/en\/wp-json\/wp\/v2\/media?parent=21518"}],"wp:term":[{"taxonomy":"product_brand","embeddable":true,"href":"https:\/\/limage-et-le-livre.com\/en\/wp-json\/wp\/v2\/product_brand?post=21518"},{"taxonomy":"product_cat","embeddable":true,"href":"https:\/\/limage-et-le-livre.com\/en\/wp-json\/wp\/v2\/product_cat?post=21518"},{"taxonomy":"product_tag","embeddable":true,"href":"https:\/\/limage-et-le-livre.com\/en\/wp-json\/wp\/v2\/product_tag?post=21518"}],"curies":[{"name":"wp","href":"https:\/\/api.w.org\/{rel}","templated":true}]}}