{"id":21555,"date":"2025-08-29T17:37:45","date_gmt":"2025-08-29T15:37:45","guid":{"rendered":"https:\/\/limage-et-le-livre.com\/?post_type=product&#038;p=21555"},"modified":"2026-03-12T16:09:08","modified_gmt":"2026-03-12T15:09:08","slug":"du-droit-a-loisivete-et-de-lorganisation-du-travail-servile-dans-les-republiques-grecques-et-romaine","status":"publish","type":"product","link":"https:\/\/limage-et-le-livre.com\/en\/livres\/droit\/du-droit-a-loisivete-et-de-lorganisation-du-travail-servile-dans-les-republiques-grecques-et-romaine\/","title":{"rendered":"Du droit \u00e0 l&#8217;oisivet\u00e9 et de..."},"content":{"rendered":"<p>Paris, Chez Guillaumin et Ce, Libraires, 1849 ; in-8 de V + 336 pp. Demi-toile, pi\u00e8ce de titre et filets dor\u00e9s au dos. L\u00e9gers frottements. Edition originale de cette \u00e9tude sur l&#8217;esclavage. Louis-Mathurin Moreau-Christophe (1799 &#8211; 1881) \u00e9tait avocat \u00e0 Loches et inspecteur g\u00e9n\u00e9ral des prisons.<\/p>\n","protected":false},"excerpt":{"rendered":"<p>Du droit \u00e0 l&#8217;oisivet\u00e9 et de l&#8217;organisation du travail servile dans les r\u00e9publiques grecques et romaine. MOREAU-CHRISTOPHE (Louis-Mathurin). 1849.<\/p>\n","protected":false},"featured_media":21543,"template":"","meta":[],"product_brand":[],"product_cat":[5144,5114],"product_tag":[1330,814,10145],"class_list":{"0":"post-21555","1":"product","2":"type-product","3":"status-publish","4":"has-post-thumbnail","6":"product_cat-droit","7":"product_cat-livres","8":"product_tag-antiquite","9":"product_tag-droit","10":"product_tag-esclavage","11":"product_shipping_class-cat-livraison-2","12":"pa_annee-de-publication-1309","13":"pa_dimension-in-8","14":"pa_editeur-guillaumin","15":"pa_etat-de-conservation-bon","16":"pa_langue-francais","17":"pa_lieu-de-publication-paris","18":"pa_type-couverture-couverture-rigide","20":"first","21":"instock","22":"featured","23":"shipping-taxable","24":"purchasable","25":"product-type-simple"},"_links":{"self":[{"href":"https:\/\/limage-et-le-livre.com\/en\/wp-json\/wp\/v2\/product\/21555","targetHints":{"allow":["GET"]}}],"collection":[{"href":"https:\/\/limage-et-le-livre.com\/en\/wp-json\/wp\/v2\/product"}],"about":[{"href":"https:\/\/limage-et-le-livre.com\/en\/wp-json\/wp\/v2\/types\/product"}],"version-history":[{"count":3,"href":"https:\/\/limage-et-le-livre.com\/en\/wp-json\/wp\/v2\/product\/21555\/revisions"}],"predecessor-version":[{"id":21558,"href":"https:\/\/limage-et-le-livre.com\/en\/wp-json\/wp\/v2\/product\/21555\/revisions\/21558"}],"wp:featuredmedia":[{"embeddable":true,"href":"https:\/\/limage-et-le-livre.com\/en\/wp-json\/wp\/v2\/media\/21543"}],"wp:attachment":[{"href":"https:\/\/limage-et-le-livre.com\/en\/wp-json\/wp\/v2\/media?parent=21555"}],"wp:term":[{"taxonomy":"product_brand","embeddable":true,"href":"https:\/\/limage-et-le-livre.com\/en\/wp-json\/wp\/v2\/product_brand?post=21555"},{"taxonomy":"product_cat","embeddable":true,"href":"https:\/\/limage-et-le-livre.com\/en\/wp-json\/wp\/v2\/product_cat?post=21555"},{"taxonomy":"product_tag","embeddable":true,"href":"https:\/\/limage-et-le-livre.com\/en\/wp-json\/wp\/v2\/product_tag?post=21555"}],"curies":[{"name":"wp","href":"https:\/\/api.w.org\/{rel}","templated":true}]}}