{"id":21589,"date":"2025-09-20T17:43:24","date_gmt":"2025-09-20T15:43:24","guid":{"rendered":"https:\/\/limage-et-le-livre.com\/?post_type=product&#038;p=21589"},"modified":"2026-03-12T16:07:55","modified_gmt":"2026-03-12T15:07:55","slug":"meaux-eglise-cathedrale","status":"publish","type":"product","link":"https:\/\/limage-et-le-livre.com\/en\/gravures-et-estampes\/estampes\/cartographie-et-voyage\/france-cartographie-et-voyage\/paris-et-ile-de-france\/meaux-eglise-cathedrale\/","title":{"rendered":"Meaux. Eglise Cath\u00e9drale."},"content":{"rendered":"<p>Meaux. Eglise Cath\u00e9drale. Lithographie en couleurs de Charles Fichot. 1858. Imprim\u00e9e \u00e0 Paris par Lemercier. Dimension du feuillet : 320 x 246 mm. Dimension du sujet : 207 x 147 mm. Planche de l&#8217;Album des chemins de fer de l&#8217;est, dessin\u00e9 et lithographi\u00e9 par Charles Fichot. Peu courant.<\/p>\n","protected":false},"excerpt":{"rendered":"<p>Meaux. Eglise Cath\u00e9drale. Lithographie en couleurs de Charles Fichot. 1858.<\/p>\n","protected":false},"featured_media":21576,"template":"","meta":[],"product_brand":[],"product_cat":[5280,5160,5159,5121,5158],"product_tag":[880,8439,10151],"class_list":{"0":"post-21589","1":"product","2":"type-product","3":"status-publish","4":"has-post-thumbnail","6":"product_cat-paris-et-ile-de-france","7":"product_cat-cartographie-et-voyage","8":"product_cat-estampes","9":"product_cat-france","10":"product_cat-gravures-et-estampes","11":"product_tag-cathedrale","12":"product_tag-chemin-de-fer","13":"product_tag-meaux","14":"product_shipping_class-cat-livraison-2","15":"pa_annee-de-publication-1219","16":"pa_etat-de-conservation-bon","17":"pa_langue-francais","18":"pa_type-couverture-pas-de-couverture","20":"first","21":"instock","22":"shipping-taxable","23":"purchasable","24":"product-type-simple"},"_links":{"self":[{"href":"https:\/\/limage-et-le-livre.com\/en\/wp-json\/wp\/v2\/product\/21589","targetHints":{"allow":["GET"]}}],"collection":[{"href":"https:\/\/limage-et-le-livre.com\/en\/wp-json\/wp\/v2\/product"}],"about":[{"href":"https:\/\/limage-et-le-livre.com\/en\/wp-json\/wp\/v2\/types\/product"}],"version-history":[{"count":2,"href":"https:\/\/limage-et-le-livre.com\/en\/wp-json\/wp\/v2\/product\/21589\/revisions"}],"predecessor-version":[{"id":21591,"href":"https:\/\/limage-et-le-livre.com\/en\/wp-json\/wp\/v2\/product\/21589\/revisions\/21591"}],"wp:featuredmedia":[{"embeddable":true,"href":"https:\/\/limage-et-le-livre.com\/en\/wp-json\/wp\/v2\/media\/21576"}],"wp:attachment":[{"href":"https:\/\/limage-et-le-livre.com\/en\/wp-json\/wp\/v2\/media?parent=21589"}],"wp:term":[{"taxonomy":"product_brand","embeddable":true,"href":"https:\/\/limage-et-le-livre.com\/en\/wp-json\/wp\/v2\/product_brand?post=21589"},{"taxonomy":"product_cat","embeddable":true,"href":"https:\/\/limage-et-le-livre.com\/en\/wp-json\/wp\/v2\/product_cat?post=21589"},{"taxonomy":"product_tag","embeddable":true,"href":"https:\/\/limage-et-le-livre.com\/en\/wp-json\/wp\/v2\/product_tag?post=21589"}],"curies":[{"name":"wp","href":"https:\/\/api.w.org\/{rel}","templated":true}]}}