{"id":21592,"date":"2025-09-20T17:43:01","date_gmt":"2025-09-20T15:43:01","guid":{"rendered":"https:\/\/limage-et-le-livre.com\/?post_type=product&#038;p=21592"},"modified":"2026-03-12T16:07:37","modified_gmt":"2026-03-12T15:07:37","slug":"l-association-des-douanes-allemandes-son-passe-son-avenir-ouvrage-augmente-du-tableau-des-tarifs-compares-de-lassociation-allemande-et-de-ceux-de-douanes-francaises-et-de-trois-cartes-indiqu","status":"publish","type":"product","link":"https:\/\/limage-et-le-livre.com\/en\/livres\/droit\/l-association-des-douanes-allemandes-son-passe-son-avenir-ouvrage-augmente-du-tableau-des-tarifs-compares-de-lassociation-allemande-et-de-ceux-de-douanes-francaises-et-de-trois-cartes-indiqu\/","title":{"rendered":"L&#8217; Association des douanes allemandes. Son..."},"content":{"rendered":"<p>Paris, Paulin, Libraire-Editeur, 1841 ; in-8 de IX + 211 pp.. Demi-veau glac\u00e9, dos lisse, titre et auteurs dor\u00e9s, frises et filets dor\u00e9s. Rousseurs \u00e9parses, ancien tampon. Exemplaire bien complet des 3 cartes d\u00e9pliantes lithographi\u00e9es hors-texte. Etude sur l&#8217;Union Douani\u00e8re Allemande ou Zollverein, \u00e9tablie en 1834.<\/p>\n","protected":false},"excerpt":{"rendered":"<p>L&#8217; Association des douanes allemandes. Son pass\u00e9, son avenir ; ouvrage augment\u00e9 du tableau des tarifs compar\u00e9s de l&#8217;Association allemande et de ceux de douanes fran\u00e7aises ; et de trois cartes indiquant l&#8217;\u00e9tat de l&#8217;Allemagne avant et apr\u00e8s l&#8217;association et celui de l&#8217;Europe sous le syst\u00e8me des unions douani\u00e8res. LA NOURAIS (Prosper-Alexis de), B\u00c9RES (Emile). 1841.<\/p>\n","protected":false},"featured_media":21578,"template":"","meta":[],"product_brand":[],"product_cat":[5144,5114],"product_tag":[834,9184,814],"class_list":{"0":"post-21592","1":"product","2":"type-product","3":"status-publish","4":"has-post-thumbnail","6":"product_cat-droit","7":"product_cat-livres","8":"product_tag-allemagne","9":"product_tag-douanes","10":"product_tag-droit","11":"product_shipping_class-cat-livraison-2","12":"pa_annee-de-publication-348","13":"pa_dimension-in-8","14":"pa_editeur-paulin","15":"pa_etat-de-conservation-bon","16":"pa_langue-francais","17":"pa_lieu-de-publication-paris","18":"pa_type-couverture-couverture-rigide","20":"first","21":"instock","22":"shipping-taxable","23":"purchasable","24":"product-type-simple"},"_links":{"self":[{"href":"https:\/\/limage-et-le-livre.com\/en\/wp-json\/wp\/v2\/product\/21592","targetHints":{"allow":["GET"]}}],"collection":[{"href":"https:\/\/limage-et-le-livre.com\/en\/wp-json\/wp\/v2\/product"}],"about":[{"href":"https:\/\/limage-et-le-livre.com\/en\/wp-json\/wp\/v2\/types\/product"}],"version-history":[{"count":2,"href":"https:\/\/limage-et-le-livre.com\/en\/wp-json\/wp\/v2\/product\/21592\/revisions"}],"predecessor-version":[{"id":21594,"href":"https:\/\/limage-et-le-livre.com\/en\/wp-json\/wp\/v2\/product\/21592\/revisions\/21594"}],"wp:featuredmedia":[{"embeddable":true,"href":"https:\/\/limage-et-le-livre.com\/en\/wp-json\/wp\/v2\/media\/21578"}],"wp:attachment":[{"href":"https:\/\/limage-et-le-livre.com\/en\/wp-json\/wp\/v2\/media?parent=21592"}],"wp:term":[{"taxonomy":"product_brand","embeddable":true,"href":"https:\/\/limage-et-le-livre.com\/en\/wp-json\/wp\/v2\/product_brand?post=21592"},{"taxonomy":"product_cat","embeddable":true,"href":"https:\/\/limage-et-le-livre.com\/en\/wp-json\/wp\/v2\/product_cat?post=21592"},{"taxonomy":"product_tag","embeddable":true,"href":"https:\/\/limage-et-le-livre.com\/en\/wp-json\/wp\/v2\/product_tag?post=21592"}],"curies":[{"name":"wp","href":"https:\/\/api.w.org\/{rel}","templated":true}]}}