{"id":21611,"date":"2025-09-27T15:50:58","date_gmt":"2025-09-27T13:50:58","guid":{"rendered":"https:\/\/limage-et-le-livre.com\/?post_type=product&#038;p=21611"},"modified":"2026-03-12T16:08:34","modified_gmt":"2026-03-12T15:08:34","slug":"aux-heroiques-poilus-de-verdun","status":"publish","type":"product","link":"https:\/\/limage-et-le-livre.com\/en\/varia-en\/aux-heroiques-poilus-de-verdun\/","title":{"rendered":"Aux h\u00e9ro\u00efques Poilus de Verdun"},"content":{"rendered":"<p>Aux h\u00e9ro\u00efques Poilus de Verdun. Lithographie originale de Victor Prouv\u00e9 (1858, Nancy &#8211; S\u00e9tif, 1943). 1916. Quelques marques noires horizontales et t\u00e2ches. Dimension du feuillet : 370 x 275 mm. Dimension du sujet : 300 x 236 mm.<\/p>\n","protected":false},"excerpt":{"rendered":"<p>Aux h\u00e9ro\u00efques Poilus de Verdun. Lithographie originale de Victor Prouv\u00e9. 1916.<\/p>\n","protected":false},"featured_media":21609,"template":"","meta":[],"product_brand":[],"product_cat":[5223],"product_tag":[8666,960,10156],"class_list":{"0":"post-21611","1":"product","2":"type-product","3":"status-publish","4":"has-post-thumbnail","6":"product_cat-varia","7":"product_tag-lithographie-originale","8":"product_tag-premiere-guerre-mondiale","9":"product_tag-victor-prouve","10":"product_shipping_class-cat-livraison-3","11":"pa_annee-de-publication-10154","12":"pa_etat-de-conservation-bon","13":"pa_langue-francais","14":"pa_type-couverture-pas-de-couverture","16":"first","17":"instock","18":"shipping-taxable","19":"purchasable","20":"product-type-simple"},"_links":{"self":[{"href":"https:\/\/limage-et-le-livre.com\/en\/wp-json\/wp\/v2\/product\/21611","targetHints":{"allow":["GET"]}}],"collection":[{"href":"https:\/\/limage-et-le-livre.com\/en\/wp-json\/wp\/v2\/product"}],"about":[{"href":"https:\/\/limage-et-le-livre.com\/en\/wp-json\/wp\/v2\/types\/product"}],"version-history":[{"count":5,"href":"https:\/\/limage-et-le-livre.com\/en\/wp-json\/wp\/v2\/product\/21611\/revisions"}],"predecessor-version":[{"id":21621,"href":"https:\/\/limage-et-le-livre.com\/en\/wp-json\/wp\/v2\/product\/21611\/revisions\/21621"}],"wp:featuredmedia":[{"embeddable":true,"href":"https:\/\/limage-et-le-livre.com\/en\/wp-json\/wp\/v2\/media\/21609"}],"wp:attachment":[{"href":"https:\/\/limage-et-le-livre.com\/en\/wp-json\/wp\/v2\/media?parent=21611"}],"wp:term":[{"taxonomy":"product_brand","embeddable":true,"href":"https:\/\/limage-et-le-livre.com\/en\/wp-json\/wp\/v2\/product_brand?post=21611"},{"taxonomy":"product_cat","embeddable":true,"href":"https:\/\/limage-et-le-livre.com\/en\/wp-json\/wp\/v2\/product_cat?post=21611"},{"taxonomy":"product_tag","embeddable":true,"href":"https:\/\/limage-et-le-livre.com\/en\/wp-json\/wp\/v2\/product_tag?post=21611"}],"curies":[{"name":"wp","href":"https:\/\/api.w.org\/{rel}","templated":true}]}}