{"id":21623,"date":"2025-10-08T17:00:47","date_gmt":"2025-10-08T15:00:47","guid":{"rendered":"https:\/\/limage-et-le-livre.com\/?post_type=product&#038;p=21623"},"modified":"2025-10-08T17:01:02","modified_gmt":"2025-10-08T15:01:02","slug":"le-magistrat-de-la-ville-de-strasbourg-les-stettmeisters-et-ammeisters-de-1674-a-1790-les-preteurs-royaux-de-1685-a-1790-and-notices-genealogiques-des-familles-de-lancienne-noblesse-dalsace-depu-2","status":"publish","type":"product","link":"https:\/\/limage-et-le-livre.com\/en\/books\/le-magistrat-de-la-ville-de-strasbourg-les-stettmeisters-et-ammeisters-de-1674-a-1790-les-preteurs-royaux-de-1685-a-1790-and-notices-genealogiques-des-familles-de-lancienne-noblesse-dalsace-depu-2\/","title":{"rendered":"Le Magistrat de la Ville de..."},"content":{"rendered":"<p>Strasbourg, Salomon, 1862; in-12, 270 pages. Tobacco half-chagrin, spine ribbed, gilt author, title and date on tail, gilt fillets. Scattered foxing. Muller continues the list of Stettmeisters and Ammeisters established by Bernegger in his chronicle. The second part is devoted to the history of Alsatian nobility. Bookplate of L\u00e9on Baumgartner by Louis Schoenhaupt. Binding signed Jung.       A good copy.<\/p>\n<div id=\"gtx-trans\" style=\"position: absolute; left: -67px; top: -10px;\">\n<div class=\"gtx-trans-icon\"><\/div>\n<\/div>\n","protected":false},"excerpt":{"rendered":"<p>Le Magistrat de la Ville de Strasbourg, les Stettmeisters et Ammeisters de 1674 \u00e0 1790, les pr\u00e9teurs royaux de 1685 \u00e0 1790 and Notices g\u00e9n\u00e9alogiques des familles de l&#8217;ancienne noblesse d&#8217;Alsace depuis la fin du XVIIe si\u00e8cle. Muller (E.). 1862. <\/p>\n","protected":false},"featured_media":13185,"template":"","meta":[],"product_brand":[],"product_cat":[5342],"product_tag":[5562,5561,5560],"class_list":{"0":"post-21623","1":"product","2":"type-product","3":"status-publish","4":"has-post-thumbnail","6":"product_cat-books","7":"product_tag-alsace-en","8":"product_tag-alsatique-en","9":"product_tag-history","10":"pa_annee-de-publication-1862-en","11":"pa_dimension-in-12-en","12":"pa_editeur-salomon-en","13":"pa_etat-de-conservation-very-good","14":"pa_langue-french","15":"pa_lieu-de-publication-strasbourg-en","16":"pa_type-couverture-hard-cover","18":"first","19":"outofstock","20":"purchasable","21":"product-type-simple"},"_links":{"self":[{"href":"https:\/\/limage-et-le-livre.com\/en\/wp-json\/wp\/v2\/product\/21623","targetHints":{"allow":["GET"]}}],"collection":[{"href":"https:\/\/limage-et-le-livre.com\/en\/wp-json\/wp\/v2\/product"}],"about":[{"href":"https:\/\/limage-et-le-livre.com\/en\/wp-json\/wp\/v2\/types\/product"}],"version-history":[{"count":1,"href":"https:\/\/limage-et-le-livre.com\/en\/wp-json\/wp\/v2\/product\/21623\/revisions"}],"predecessor-version":[{"id":21624,"href":"https:\/\/limage-et-le-livre.com\/en\/wp-json\/wp\/v2\/product\/21623\/revisions\/21624"}],"wp:featuredmedia":[{"embeddable":true,"href":"https:\/\/limage-et-le-livre.com\/en\/wp-json\/wp\/v2\/media\/13185"}],"wp:attachment":[{"href":"https:\/\/limage-et-le-livre.com\/en\/wp-json\/wp\/v2\/media?parent=21623"}],"wp:term":[{"taxonomy":"product_brand","embeddable":true,"href":"https:\/\/limage-et-le-livre.com\/en\/wp-json\/wp\/v2\/product_brand?post=21623"},{"taxonomy":"product_cat","embeddable":true,"href":"https:\/\/limage-et-le-livre.com\/en\/wp-json\/wp\/v2\/product_cat?post=21623"},{"taxonomy":"product_tag","embeddable":true,"href":"https:\/\/limage-et-le-livre.com\/en\/wp-json\/wp\/v2\/product_tag?post=21623"}],"curies":[{"name":"wp","href":"https:\/\/api.w.org\/{rel}","templated":true}]}}