{"id":21753,"date":"2025-11-06T11:08:23","date_gmt":"2025-11-06T10:08:23","guid":{"rendered":"https:\/\/limage-et-le-livre.com\/?post_type=product&#038;p=21753"},"modified":"2026-03-12T16:07:19","modified_gmt":"2026-03-12T15:07:19","slug":"illfurth-eglise-de-la-burnkirch","status":"publish","type":"product","link":"https:\/\/limage-et-le-livre.com\/en\/varia-en\/illfurth-eglise-de-la-burnkirch\/","title":{"rendered":"Illfurth (Eglise de la Burnkirch)"},"content":{"rendered":"<p>Illfurth (Eglise de la Burnkirch). Robert Kuven (Strasbourg, 1901 &#8211; 1983, Strasbourg). Aquarelle originale. Titr\u00e9e et sign\u00e9e en bas \u00e0 gauche. Format du feuillet : 328 x 250 mm.<\/p>\n","protected":false},"excerpt":{"rendered":"<p>Illfurth (Eglise de la Burnkirch). Robert Kuven. Aquarelle originale.<\/p>\n","protected":false},"featured_media":21749,"template":"","meta":[],"product_brand":[],"product_cat":[5223],"product_tag":[877,8733,8664,8523],"class_list":{"0":"post-21753","1":"product","2":"type-product","3":"status-publish","4":"has-post-thumbnail","6":"product_cat-varia","7":"product_tag-alsace","8":"product_tag-aquarelle","9":"product_tag-robert-kuven","10":"product_tag-sundgau","11":"product_shipping_class-cat-livraison-2","12":"pa_etat-de-conservation-tres-bon","13":"pa_signature-signe-par-lillustrateur","15":"first","16":"instock","17":"shipping-taxable","18":"purchasable","19":"product-type-simple"},"_links":{"self":[{"href":"https:\/\/limage-et-le-livre.com\/en\/wp-json\/wp\/v2\/product\/21753","targetHints":{"allow":["GET"]}}],"collection":[{"href":"https:\/\/limage-et-le-livre.com\/en\/wp-json\/wp\/v2\/product"}],"about":[{"href":"https:\/\/limage-et-le-livre.com\/en\/wp-json\/wp\/v2\/types\/product"}],"version-history":[{"count":2,"href":"https:\/\/limage-et-le-livre.com\/en\/wp-json\/wp\/v2\/product\/21753\/revisions"}],"predecessor-version":[{"id":21755,"href":"https:\/\/limage-et-le-livre.com\/en\/wp-json\/wp\/v2\/product\/21753\/revisions\/21755"}],"wp:featuredmedia":[{"embeddable":true,"href":"https:\/\/limage-et-le-livre.com\/en\/wp-json\/wp\/v2\/media\/21749"}],"wp:attachment":[{"href":"https:\/\/limage-et-le-livre.com\/en\/wp-json\/wp\/v2\/media?parent=21753"}],"wp:term":[{"taxonomy":"product_brand","embeddable":true,"href":"https:\/\/limage-et-le-livre.com\/en\/wp-json\/wp\/v2\/product_brand?post=21753"},{"taxonomy":"product_cat","embeddable":true,"href":"https:\/\/limage-et-le-livre.com\/en\/wp-json\/wp\/v2\/product_cat?post=21753"},{"taxonomy":"product_tag","embeddable":true,"href":"https:\/\/limage-et-le-livre.com\/en\/wp-json\/wp\/v2\/product_tag?post=21753"}],"curies":[{"name":"wp","href":"https:\/\/api.w.org\/{rel}","templated":true}]}}