{"id":21764,"date":"2025-11-06T11:50:19","date_gmt":"2025-11-06T10:50:19","guid":{"rendered":"https:\/\/limage-et-le-livre.com\/?post_type=product&#038;p=21764"},"modified":"2026-04-08T14:18:49","modified_gmt":"2026-04-08T12:18:49","slug":"labbaye-de-marmoutier-histoire-des-institutions-de-lordre-de-saint-benoit-du-diocese-de-strasbourg","status":"publish","type":"product","link":"https:\/\/limage-et-le-livre.com\/en\/books\/labbaye-de-marmoutier-histoire-des-institutions-de-lordre-de-saint-benoit-du-diocese-de-strasbourg\/","title":{"rendered":"L\u2019Abbaye de Marmoutier. Histoire des institutions..."},"content":{"rendered":"<p><strong>Paris, F. &#8211; X. Le Roux, 1899<\/strong><\/p>\n<p><p>Strasbourg &#8211; Paris, F. X. Le Roux &amp; Cie &#8211; Victor Retaux, 1899 ; in-8 de 348 pp.. Demi-toile grise post\u00e9rieure avec pi\u00e8ce de titre au dos. Le plat sup\u00e9rieur de couverture imprim\u00e9e est conserv\u00e9. Bien complet du frontispice. Etude sur l&#8217;abbaye de Marmoutier et l&#8217;histoire des institutions de l&#8217;Ordre de Saint Beno\u00eet du Dioc\u00e8se de Strasbourg par F\u00e9lix Jacques Sigrist, cur\u00e9 de Bitschhofen et historien. Le tome premier paru seul en 1899, la seconde partie \u00e9tant rest\u00e9e in\u00e9dite et retrouv\u00e9e \u00e0 la cure de Marmoutier dans les ann\u00e9es 2000 (Wolff J.-Cl., Nouveau Dictionnaire de Biographie alsacienne).<\/p>\n<\/p>\n<p><small>Le prix du port est calcule selon la destination et le poids du colis.<\/small><\/p>\n","protected":false},"excerpt":{"rendered":"<p>L\u2019Abbaye de Marmoutier. Histoire des institutions de l\u2019ordre de Saint-Beno\u00eet du Dioc\u00e8se de Strasbourg. Tome premier. SIGRIST (F\u00e9lix). 1899.<\/p>\n","protected":false},"featured_media":23834,"template":"","meta":[],"product_brand":[],"product_cat":[5114],"product_tag":[1215,877,870,652,8658],"class_list":{"0":"post-21764","1":"product","2":"type-product","3":"status-publish","4":"has-post-thumbnail","6":"product_cat-livres","7":"product_tag-abbaye","8":"product_tag-alsace","9":"product_tag-alsatique","10":"product_tag-histoire","11":"product_tag-marmoutier","12":"product_shipping_class-cat-livraison-2","13":"pa_annee-de-publication-4937","14":"pa_editeur-f-x-le-roux","15":"pa_etat-de-conservation-bon","16":"pa_langue-francais","17":"pa_lieu-de-publication-paris","18":"pa_type-couverture-couverture-rigide","20":"first","21":"outofstock","22":"shipping-taxable","23":"purchasable","24":"product-type-simple"},"_links":{"self":[{"href":"https:\/\/limage-et-le-livre.com\/en\/wp-json\/wp\/v2\/product\/21764","targetHints":{"allow":["GET"]}}],"collection":[{"href":"https:\/\/limage-et-le-livre.com\/en\/wp-json\/wp\/v2\/product"}],"about":[{"href":"https:\/\/limage-et-le-livre.com\/en\/wp-json\/wp\/v2\/types\/product"}],"version-history":[{"count":3,"href":"https:\/\/limage-et-le-livre.com\/en\/wp-json\/wp\/v2\/product\/21764\/revisions"}],"predecessor-version":[{"id":23842,"href":"https:\/\/limage-et-le-livre.com\/en\/wp-json\/wp\/v2\/product\/21764\/revisions\/23842"}],"wp:featuredmedia":[{"embeddable":true,"href":"https:\/\/limage-et-le-livre.com\/en\/wp-json\/wp\/v2\/media\/23834"}],"wp:attachment":[{"href":"https:\/\/limage-et-le-livre.com\/en\/wp-json\/wp\/v2\/media?parent=21764"}],"wp:term":[{"taxonomy":"product_brand","embeddable":true,"href":"https:\/\/limage-et-le-livre.com\/en\/wp-json\/wp\/v2\/product_brand?post=21764"},{"taxonomy":"product_cat","embeddable":true,"href":"https:\/\/limage-et-le-livre.com\/en\/wp-json\/wp\/v2\/product_cat?post=21764"},{"taxonomy":"product_tag","embeddable":true,"href":"https:\/\/limage-et-le-livre.com\/en\/wp-json\/wp\/v2\/product_tag?post=21764"}],"curies":[{"name":"wp","href":"https:\/\/api.w.org\/{rel}","templated":true}]}}