{"id":21803,"date":"2025-11-13T16:37:35","date_gmt":"2025-11-13T15:37:35","guid":{"rendered":"https:\/\/limage-et-le-livre.com\/?post_type=product&#038;p=21803"},"modified":"2026-03-12T16:07:23","modified_gmt":"2026-03-12T15:07:23","slug":"berengarii-fernandi-i-v-doctoris-eximii-et-in-academia-tolosana-regentis-lucubrationum-libri-quinque-antehac-in-lucem-editi-recens-vero-ab-eodemendati-et-multo-locupletiores-redditi-quibus-sext","status":"publish","type":"product","link":"https:\/\/limage-et-le-livre.com\/en\/livres\/droit\/berengarii-fernandi-i-v-doctoris-eximii-et-in-academia-tolosana-regentis-lucubrationum-libri-quinque-antehac-in-lucem-editi-recens-vero-ab-eodemendati-et-multo-locupletiores-redditi-quibus-sext\/","title":{"rendered":"Berengarii Fernandi .I.V. doctoris eximii et..."},"content":{"rendered":"<p>Toulouse, Louis Yvernage, Jean Jagourt, Jacques Colomiez, 1552. In-quarto de [24] + 519 pp. Pleine basane post\u00e9rieure, dos \u00e0 nerfs avec l\u2019auteur en lettres dor\u00e9s. Avec des annotations \u00e0 la plume, quelques restaurations, travaux de vers et mouillures. Le privil\u00e8ge du roy et le colophon sont manquants. Professeur de droit \u00e0 l\u2019Universit\u00e9 de Toulouse, Fernand Berenger (15..-1567) y occupa la chaire de droit civil \u00e0 partir de 1547. Il traite ici du droit des successions. L\u2019ouvrage est agr\u00e9ment\u00e9 de belles lettrines et complet des 7 arbres g\u00e9n\u00e9alogiques grav\u00e9s sur bois en pleine page. Notre exemplaire est truff\u00e9 d\u2019un ensemble de quatre feuillets manuscrits.<\/p>\n","protected":false},"excerpt":{"rendered":"<p>Berengarii Fernandi .I.V. doctoris eximii et in academia Tolosana regentis Lucubrationum. Libri quinque antehac in lucem editi : recens vero ab eodemendati et multo locupletiores redditi : Quibus sextum de futura conventionali successione pacta complexum adjuxit, opera crede, jurisprudentiae studiosis cum utilia, tum maxim\u00e8 jucunda. BERENGER (Fernand). 1552.<\/p>\n","protected":false},"featured_media":21804,"template":"","meta":[],"product_brand":[],"product_cat":[5144,5223],"product_tag":[10190,814,9170,10191],"class_list":{"0":"post-21803","1":"product","2":"type-product","3":"status-publish","4":"has-post-thumbnail","6":"product_cat-droit","7":"product_cat-varia","8":"product_tag-arbre-genealogique","9":"product_tag-droit","10":"product_tag-droit-civil","11":"product_tag-universite-de-toulouse","12":"product_shipping_class-cat-livraison-3","13":"pa_annee-de-publication-10184","14":"pa_dimension-in-4","15":"pa_editeur-jacques-colomiez","16":"pa_editeur-jean-jagourt","17":"pa_editeur-louis-yvernage","18":"pa_etat-de-conservation-satisfaisant","19":"pa_langue-latin","20":"pa_lieu-de-publication-toulouse","21":"pa_type-couverture-couverture-rigide","23":"first","24":"instock","25":"shipping-taxable","26":"purchasable","27":"product-type-simple"},"_links":{"self":[{"href":"https:\/\/limage-et-le-livre.com\/en\/wp-json\/wp\/v2\/product\/21803","targetHints":{"allow":["GET"]}}],"collection":[{"href":"https:\/\/limage-et-le-livre.com\/en\/wp-json\/wp\/v2\/product"}],"about":[{"href":"https:\/\/limage-et-le-livre.com\/en\/wp-json\/wp\/v2\/types\/product"}],"version-history":[{"count":1,"href":"https:\/\/limage-et-le-livre.com\/en\/wp-json\/wp\/v2\/product\/21803\/revisions"}],"predecessor-version":[{"id":21812,"href":"https:\/\/limage-et-le-livre.com\/en\/wp-json\/wp\/v2\/product\/21803\/revisions\/21812"}],"wp:featuredmedia":[{"embeddable":true,"href":"https:\/\/limage-et-le-livre.com\/en\/wp-json\/wp\/v2\/media\/21804"}],"wp:attachment":[{"href":"https:\/\/limage-et-le-livre.com\/en\/wp-json\/wp\/v2\/media?parent=21803"}],"wp:term":[{"taxonomy":"product_brand","embeddable":true,"href":"https:\/\/limage-et-le-livre.com\/en\/wp-json\/wp\/v2\/product_brand?post=21803"},{"taxonomy":"product_cat","embeddable":true,"href":"https:\/\/limage-et-le-livre.com\/en\/wp-json\/wp\/v2\/product_cat?post=21803"},{"taxonomy":"product_tag","embeddable":true,"href":"https:\/\/limage-et-le-livre.com\/en\/wp-json\/wp\/v2\/product_tag?post=21803"}],"curies":[{"name":"wp","href":"https:\/\/api.w.org\/{rel}","templated":true}]}}