{"id":21813,"date":"2025-11-13T17:07:57","date_gmt":"2025-11-13T16:07:57","guid":{"rendered":"https:\/\/limage-et-le-livre.com\/?post_type=product&#038;p=21813"},"modified":"2026-03-12T16:07:23","modified_gmt":"2026-03-12T15:07:23","slug":"les-trophees","status":"publish","type":"product","link":"https:\/\/limage-et-le-livre.com\/en\/books\/literature\/poetry\/les-trophees\/","title":{"rendered":"Les Troph\u00e9es"},"content":{"rendered":"<p>Paris, A. Ferroud, F. Ferroud succ., 1914 ; in folio de (4) ff. + 239 pp. + (1). Demi-chagrin noir \u00e0 coins, dos \u00e0 nerfs orn\u00e9 de fleurons, auteur et titre dor\u00e9s, initiales D.L. en queue. Quelques frottements \u00e0 la reliure, l\u00e9g\u00e8res oxydations, deux pliures page 87. Les couvertures illustr\u00e9es et le dos sont conserv\u00e9s. Exemplaire num\u00e9rot\u00e9 sur v\u00e9lin teint\u00e9 d&#8217;Arches, n\u00b0171 sur 330. Edition illustr\u00e9e de 33 compositions de Georges Rochegrosse grav\u00e9es \u00e0 l&#8217;eau-forte par Eug\u00e8ne Decisy, les hors-texte sont sous serpente et le texte est encadr\u00e9 d&#8217;ornements en noir. Cette \u00e9dition contient quatre sonnets in\u00e9dits.<\/p>\n","protected":false},"excerpt":{"rendered":"<p>Les Troph\u00e9es. HEREDIA (Jos\u00e9-Maria, de). Compositions de Georges Rochegrosse. 1914.<\/p>\n","protected":false},"featured_media":21783,"template":"","meta":[],"product_brand":[],"product_cat":[5139,5223],"product_tag":[9566,8536,10196,699],"class_list":{"0":"post-21813","1":"product","2":"type-product","3":"status-publish","4":"has-post-thumbnail","6":"product_cat-poesie","7":"product_cat-varia","8":"product_tag-litterature-francaise","9":"product_tag-litterature-illustree","10":"product_tag-parnasse","11":"product_tag-poesie","12":"product_shipping_class-cat-livraison-4","13":"pa_annee-de-publication-3758","14":"pa_dimension-in-folio","15":"pa_editeur-a-ferroud","16":"pa_editeur-f-ferroud-successeur","17":"pa_etat-de-conservation-bon","18":"pa_illustrateur-georges-rochegrosse","19":"pa_langue-francais","20":"pa_lieu-de-publication-paris","21":"pa_type-couverture-couverture-rigide","23":"first","24":"instock","25":"shipping-taxable","26":"purchasable","27":"product-type-simple"},"_links":{"self":[{"href":"https:\/\/limage-et-le-livre.com\/en\/wp-json\/wp\/v2\/product\/21813","targetHints":{"allow":["GET"]}}],"collection":[{"href":"https:\/\/limage-et-le-livre.com\/en\/wp-json\/wp\/v2\/product"}],"about":[{"href":"https:\/\/limage-et-le-livre.com\/en\/wp-json\/wp\/v2\/types\/product"}],"version-history":[{"count":2,"href":"https:\/\/limage-et-le-livre.com\/en\/wp-json\/wp\/v2\/product\/21813\/revisions"}],"predecessor-version":[{"id":21815,"href":"https:\/\/limage-et-le-livre.com\/en\/wp-json\/wp\/v2\/product\/21813\/revisions\/21815"}],"wp:featuredmedia":[{"embeddable":true,"href":"https:\/\/limage-et-le-livre.com\/en\/wp-json\/wp\/v2\/media\/21783"}],"wp:attachment":[{"href":"https:\/\/limage-et-le-livre.com\/en\/wp-json\/wp\/v2\/media?parent=21813"}],"wp:term":[{"taxonomy":"product_brand","embeddable":true,"href":"https:\/\/limage-et-le-livre.com\/en\/wp-json\/wp\/v2\/product_brand?post=21813"},{"taxonomy":"product_cat","embeddable":true,"href":"https:\/\/limage-et-le-livre.com\/en\/wp-json\/wp\/v2\/product_cat?post=21813"},{"taxonomy":"product_tag","embeddable":true,"href":"https:\/\/limage-et-le-livre.com\/en\/wp-json\/wp\/v2\/product_tag?post=21813"}],"curies":[{"name":"wp","href":"https:\/\/api.w.org\/{rel}","templated":true}]}}