{"id":21830,"date":"2025-11-18T17:19:56","date_gmt":"2025-11-18T16:19:56","guid":{"rendered":"https:\/\/limage-et-le-livre.com\/?post_type=product&#038;p=21830"},"modified":"2026-04-08T14:10:49","modified_gmt":"2026-04-08T12:10:49","slug":"la-voix-du-silence","status":"publish","type":"product","link":"https:\/\/limage-et-le-livre.com\/en\/livres\/poesie\/la-voix-du-silence\/","title":{"rendered":"La Voix du silence"},"content":{"rendered":"<p><strong>Bruxelles, Chez l&#8217;auteur, 1951<\/strong><\/p>\n<p><p>Bruxelles, (chez l&#8217;auteur), 14 avenue Nellie Melba, 1951 ; in-12 broch\u00e9 de 43 pp. Premier plat et dos imprim\u00e9s. Pliures angulaires. Edition originale tir\u00e9e \u00e0 775 exemplaires num\u00e9rot\u00e9s, notre exemplaire est le n\u00b0 597\/750 sur v\u00e9lin. Tr\u00e8s belle d\u00e9dicace autographe de l&#8217;auteur \u00e0 Janine Queneau (Paris, 1903 &#8211; Neuilly, 1972), \u00e9pouse de Raymond Queneau et soeur de la galeriste Simone Kahn, premi\u00e8re \u00e9pouse d&#8217;Andr\u00e9 Breton.<\/p>\n<\/p>\n<p><small>Le prix du port est calcule selon la destination et le poids du colis.<\/small><\/p>\n","protected":false},"excerpt":{"rendered":"<p>La Voix du silence. Avec un portrait de sa m\u00e8re par l&rsquo;auteur.CAR\u00caME (Maurice). 1951. D\u00e9dicace autographe de l&rsquo;auteur \u00e0 Janine Queneau.<\/p>\n","protected":false},"featured_media":23654,"template":"","meta":[],"product_brand":[],"product_cat":[5139,5114],"product_tag":[8576,768,10200,699,9667,10199],"class_list":{"0":"post-21830","1":"product","2":"type-product","3":"status-publish","4":"has-post-thumbnail","6":"product_cat-poesie","7":"product_cat-livres","8":"product_tag-dedicace-dauteur","9":"product_tag-edition-originale","10":"product_tag-janine-queneau","11":"product_tag-poesie","12":"product_tag-raymond-queneau","13":"product_tag-simone-kahn","14":"product_shipping_class-cat-livraison-1","15":"pa_annee-de-publication-573","16":"pa_editeur-chez-lauteur","17":"pa_etat-de-conservation-bon","18":"pa_illustrateur-careme-maurice","19":"pa_langue-francais","20":"pa_lieu-de-publication-bruxelles","21":"pa_type-couverture-couverture-souple","23":"first","24":"instock","25":"shipping-taxable","26":"purchasable","27":"product-type-simple"},"_links":{"self":[{"href":"https:\/\/limage-et-le-livre.com\/en\/wp-json\/wp\/v2\/product\/21830","targetHints":{"allow":["GET"]}}],"collection":[{"href":"https:\/\/limage-et-le-livre.com\/en\/wp-json\/wp\/v2\/product"}],"about":[{"href":"https:\/\/limage-et-le-livre.com\/en\/wp-json\/wp\/v2\/types\/product"}],"version-history":[{"count":3,"href":"https:\/\/limage-et-le-livre.com\/en\/wp-json\/wp\/v2\/product\/21830\/revisions"}],"predecessor-version":[{"id":23660,"href":"https:\/\/limage-et-le-livre.com\/en\/wp-json\/wp\/v2\/product\/21830\/revisions\/23660"}],"wp:featuredmedia":[{"embeddable":true,"href":"https:\/\/limage-et-le-livre.com\/en\/wp-json\/wp\/v2\/media\/23654"}],"wp:attachment":[{"href":"https:\/\/limage-et-le-livre.com\/en\/wp-json\/wp\/v2\/media?parent=21830"}],"wp:term":[{"taxonomy":"product_brand","embeddable":true,"href":"https:\/\/limage-et-le-livre.com\/en\/wp-json\/wp\/v2\/product_brand?post=21830"},{"taxonomy":"product_cat","embeddable":true,"href":"https:\/\/limage-et-le-livre.com\/en\/wp-json\/wp\/v2\/product_cat?post=21830"},{"taxonomy":"product_tag","embeddable":true,"href":"https:\/\/limage-et-le-livre.com\/en\/wp-json\/wp\/v2\/product_tag?post=21830"}],"curies":[{"name":"wp","href":"https:\/\/api.w.org\/{rel}","templated":true}]}}