{"id":21870,"date":"2025-11-20T18:01:25","date_gmt":"2025-11-20T17:01:25","guid":{"rendered":"https:\/\/limage-et-le-livre.com\/?post_type=product&#038;p=21870"},"modified":"2026-03-12T16:08:02","modified_gmt":"2026-03-12T15:08:02","slug":"feux-dartifices-illumination-maison-j-ricard-cie","status":"publish","type":"product","link":"https:\/\/limage-et-le-livre.com\/en\/varia-en\/feux-dartifices-illumination-maison-j-ricard-cie\/","title":{"rendered":"Feux d&#8217;artifices, Illumination &#8211; Maison J...."},"content":{"rendered":"<p>Bruxelles, Imprimerie Sips-Catoir, s.d. (vers 1911) ; in-4 broch\u00e9 de 32 pp.. Couvertures imprim\u00e9es et illustr\u00e9es. Traces de manipulation et usures sur la couverture, int\u00e9rieur frais. Catalogue de feux d&#8217;artifice, illuminations, d\u00e9corations g\u00e9n\u00e9rales, cort\u00e8ges aux lumi\u00e8res, corso fleuris, f\u00eates cin\u00e9matographiques, feux d&#8217;eau, feux japonais, f\u00eates a\u00e9rostatiques de la Maison J. Ricard de Bruxelles, artificiers-d\u00e9corateurs du Gouvernement et de la Ville de Bruxelles. Catalogue d\u00e9taill\u00e9 des articles et prix de la Maison J. Ricard, certains prix ayant \u00e9t\u00e9 actualis\u00e9s en rouge. Belle double planche d&#8217;illustration centrale pr\u00e9sentant une s\u00e9lection de lanternes, ballons, tonkinoises&#8230; La couverture lithographi\u00e9e est sign\u00e9e H. Cambier. Tampon sur le premier plat avec la mention &#8220;Artificiers de l&#8217;Exposition de Charleroi&#8221; laissant penser une \u00e9dition contemporaine de l&#8217;Exposition universelle de Charleroi de 1911.<\/p>\n","protected":false},"excerpt":{"rendered":"<p>Feux d&#8217;artifices, illuminations, d\u00e9corations g\u00e9n\u00e9rales, cort\u00e8ges aux lumi\u00e8res, corso fleuris, f\u00eates cin\u00e9matographiques, feux d&#8217;eau, feux japonais, f\u00eates a\u00e9rostatiques de la Maison J. Ricard de Bruxelles, artificiers-d\u00e9corateurs du Gouvernement et de la Ville de Bruxelles. C. 1911.<\/p>\n","protected":false},"featured_media":21877,"template":"","meta":[],"product_brand":[],"product_cat":[5223],"product_tag":[10204,10205,10203],"class_list":{"0":"post-21870","1":"product","2":"type-product","3":"status-publish","4":"has-post-thumbnail","6":"product_cat-varia","7":"product_tag-artificier","8":"product_tag-catalogue-dobjet","9":"product_tag-feu-dartifice","10":"product_shipping_class-cat-livraison-1","11":"pa_dimension-in-4","12":"pa_editeur-imprimerie-sips-catoir","13":"pa_etat-de-conservation-bon","14":"pa_illustrateur-h-cambier","15":"pa_langue-francais","16":"pa_lieu-de-publication-bruxelles","17":"pa_type-couverture-couverture-souple","19":"first","20":"outofstock","21":"shipping-taxable","22":"purchasable","23":"product-type-simple"},"_links":{"self":[{"href":"https:\/\/limage-et-le-livre.com\/en\/wp-json\/wp\/v2\/product\/21870","targetHints":{"allow":["GET"]}}],"collection":[{"href":"https:\/\/limage-et-le-livre.com\/en\/wp-json\/wp\/v2\/product"}],"about":[{"href":"https:\/\/limage-et-le-livre.com\/en\/wp-json\/wp\/v2\/types\/product"}],"version-history":[{"count":2,"href":"https:\/\/limage-et-le-livre.com\/en\/wp-json\/wp\/v2\/product\/21870\/revisions"}],"predecessor-version":[{"id":21872,"href":"https:\/\/limage-et-le-livre.com\/en\/wp-json\/wp\/v2\/product\/21870\/revisions\/21872"}],"wp:featuredmedia":[{"embeddable":true,"href":"https:\/\/limage-et-le-livre.com\/en\/wp-json\/wp\/v2\/media\/21877"}],"wp:attachment":[{"href":"https:\/\/limage-et-le-livre.com\/en\/wp-json\/wp\/v2\/media?parent=21870"}],"wp:term":[{"taxonomy":"product_brand","embeddable":true,"href":"https:\/\/limage-et-le-livre.com\/en\/wp-json\/wp\/v2\/product_brand?post=21870"},{"taxonomy":"product_cat","embeddable":true,"href":"https:\/\/limage-et-le-livre.com\/en\/wp-json\/wp\/v2\/product_cat?post=21870"},{"taxonomy":"product_tag","embeddable":true,"href":"https:\/\/limage-et-le-livre.com\/en\/wp-json\/wp\/v2\/product_tag?post=21870"}],"curies":[{"name":"wp","href":"https:\/\/api.w.org\/{rel}","templated":true}]}}