{"id":21879,"date":"2025-11-20T18:27:09","date_gmt":"2025-11-20T17:27:09","guid":{"rendered":"https:\/\/limage-et-le-livre.com\/?post_type=product&#038;p=21879"},"modified":"2026-03-12T16:09:20","modified_gmt":"2026-03-12T15:09:20","slug":"hambourg-hamburg","status":"publish","type":"product","link":"https:\/\/limage-et-le-livre.com\/en\/varia-en\/hambourg-hamburg\/","title":{"rendered":"Hambourg. Hamburg."},"content":{"rendered":"<p>Hambourg. Hamburg. Hamburgo. Anburgo. Lithographie imprim\u00e9e chez Charles Burckardt apr\u00e8s 1880 \u00e0 Wissembourg. Coloris main. Dimension du feuillet : 490 x 635 mm. Dimension du sujet : 328 x 472 mm. Tr\u00e8s belle \u00e9preuve issue des ateliers d&#8217;imagerie populaire de Wissembourg.<\/p>\n","protected":false},"excerpt":{"rendered":"<p>Hambourg. Hamburg. Hamburgo. Anburgo. Lithographie. Charles Burckardt, Wissembourg. Apr\u00e8s 1880.<\/p>\n","protected":false},"featured_media":21864,"template":"","meta":[],"product_brand":[],"product_cat":[5223],"product_tag":[8299,4264,8297,963,8298],"class_list":{"0":"post-21879","1":"product","2":"type-product","3":"status-publish","4":"has-post-thumbnail","6":"product_cat-varia","7":"product_tag-burckardt","8":"product_tag-imagerie-populaire","9":"product_tag-lithographie-wentzel","10":"product_tag-vue-de-ville","11":"product_tag-wissembourg","12":"product_shipping_class-cat-livraison-3","13":"pa_editeur-charles-burckardt","14":"pa_etat-de-conservation-tres-bon","15":"pa_lieu-de-publication-wissembourg","16":"pa_type-couverture-pas-de-couverture","18":"first","19":"instock","20":"shipping-taxable","21":"purchasable","22":"product-type-simple"},"_links":{"self":[{"href":"https:\/\/limage-et-le-livre.com\/en\/wp-json\/wp\/v2\/product\/21879","targetHints":{"allow":["GET"]}}],"collection":[{"href":"https:\/\/limage-et-le-livre.com\/en\/wp-json\/wp\/v2\/product"}],"about":[{"href":"https:\/\/limage-et-le-livre.com\/en\/wp-json\/wp\/v2\/types\/product"}],"version-history":[{"count":3,"href":"https:\/\/limage-et-le-livre.com\/en\/wp-json\/wp\/v2\/product\/21879\/revisions"}],"predecessor-version":[{"id":21882,"href":"https:\/\/limage-et-le-livre.com\/en\/wp-json\/wp\/v2\/product\/21879\/revisions\/21882"}],"wp:featuredmedia":[{"embeddable":true,"href":"https:\/\/limage-et-le-livre.com\/en\/wp-json\/wp\/v2\/media\/21864"}],"wp:attachment":[{"href":"https:\/\/limage-et-le-livre.com\/en\/wp-json\/wp\/v2\/media?parent=21879"}],"wp:term":[{"taxonomy":"product_brand","embeddable":true,"href":"https:\/\/limage-et-le-livre.com\/en\/wp-json\/wp\/v2\/product_brand?post=21879"},{"taxonomy":"product_cat","embeddable":true,"href":"https:\/\/limage-et-le-livre.com\/en\/wp-json\/wp\/v2\/product_cat?post=21879"},{"taxonomy":"product_tag","embeddable":true,"href":"https:\/\/limage-et-le-livre.com\/en\/wp-json\/wp\/v2\/product_tag?post=21879"}],"curies":[{"name":"wp","href":"https:\/\/api.w.org\/{rel}","templated":true}]}}