{"id":21886,"date":"2025-11-21T14:56:11","date_gmt":"2025-11-21T13:56:11","guid":{"rendered":"https:\/\/limage-et-le-livre.com\/?post_type=product&#038;p=21886"},"modified":"2026-03-12T16:09:17","modified_gmt":"2026-03-12T15:09:17","slug":"vienne-vue-prise-du-jardin-du-belvedere","status":"publish","type":"product","link":"https:\/\/limage-et-le-livre.com\/en\/varia-en\/vienne-vue-prise-du-jardin-du-belvedere\/","title":{"rendered":"Vienne. Vue prise du jardin du..."},"content":{"rendered":"<p>Vienne. Vue prise du jardin du Belv\u00e9d\u00e8re. Lithographie de Philippe Benoist et d&#8217;Eug\u00e8ne Ciceri d&#8217;apr\u00e8s Chapuy. 19\u00e8me. Coloris main. Tr\u00e8s l\u00e9g\u00e8rement empoussi\u00e9r\u00e9e. Dimension du feuillet : 385 x 488 mm. Dimension du sujet : 255 x 390 mm. Belle \u00e9preuve sur v\u00e9lin, imprim\u00e9e par Lemercier, des jardins du Palais du Belv\u00e9d\u00e8re de Vienne.<\/p>\n","protected":false},"excerpt":{"rendered":"<p>Vienne. Vue prise du jardin du Belv\u00e9d\u00e8re. Lithographie de Philippe Benoist et d&#8217;Eug\u00e8ne Ciceri d&#8217;apr\u00e8s Chapuy. 19\u00e8me.<\/p>\n","protected":false},"featured_media":21868,"template":"","meta":[],"product_brand":[],"product_cat":[5223],"product_tag":[1257,10208,8914,963],"class_list":{"0":"post-21886","1":"product","2":"type-product","3":"status-publish","4":"has-post-thumbnail","6":"product_cat-varia","7":"product_tag-autriche","8":"product_tag-palais-du-belvedere","9":"product_tag-vienne","10":"product_tag-vue-de-ville","11":"product_shipping_class-cat-livraison-3","12":"pa_etat-de-conservation-bon","13":"pa_illustrateur-nicolas-chapuy","14":"pa_type-couverture-pas-de-couverture","16":"first","17":"instock","18":"shipping-taxable","19":"purchasable","20":"product-type-simple"},"_links":{"self":[{"href":"https:\/\/limage-et-le-livre.com\/en\/wp-json\/wp\/v2\/product\/21886","targetHints":{"allow":["GET"]}}],"collection":[{"href":"https:\/\/limage-et-le-livre.com\/en\/wp-json\/wp\/v2\/product"}],"about":[{"href":"https:\/\/limage-et-le-livre.com\/en\/wp-json\/wp\/v2\/types\/product"}],"version-history":[{"count":2,"href":"https:\/\/limage-et-le-livre.com\/en\/wp-json\/wp\/v2\/product\/21886\/revisions"}],"predecessor-version":[{"id":21888,"href":"https:\/\/limage-et-le-livre.com\/en\/wp-json\/wp\/v2\/product\/21886\/revisions\/21888"}],"wp:featuredmedia":[{"embeddable":true,"href":"https:\/\/limage-et-le-livre.com\/en\/wp-json\/wp\/v2\/media\/21868"}],"wp:attachment":[{"href":"https:\/\/limage-et-le-livre.com\/en\/wp-json\/wp\/v2\/media?parent=21886"}],"wp:term":[{"taxonomy":"product_brand","embeddable":true,"href":"https:\/\/limage-et-le-livre.com\/en\/wp-json\/wp\/v2\/product_brand?post=21886"},{"taxonomy":"product_cat","embeddable":true,"href":"https:\/\/limage-et-le-livre.com\/en\/wp-json\/wp\/v2\/product_cat?post=21886"},{"taxonomy":"product_tag","embeddable":true,"href":"https:\/\/limage-et-le-livre.com\/en\/wp-json\/wp\/v2\/product_tag?post=21886"}],"curies":[{"name":"wp","href":"https:\/\/api.w.org\/{rel}","templated":true}]}}