{"id":21889,"date":"2025-11-21T15:11:03","date_gmt":"2025-11-21T14:11:03","guid":{"rendered":"https:\/\/limage-et-le-livre.com\/?post_type=product&#038;p=21889"},"modified":"2026-03-12T16:09:17","modified_gmt":"2026-03-12T15:09:17","slug":"abbaye-de-weissenau-minor-augia-minderau-vulgo-weissenau","status":"publish","type":"product","link":"https:\/\/limage-et-le-livre.com\/en\/varia-en\/abbaye-de-weissenau-minor-augia-minderau-vulgo-weissenau\/","title":{"rendered":"[Abbaye de Weissenau] Minor-Augia, Minderau vulgo..."},"content":{"rendered":"<p>[Abbaye de Weissenau] Minor-Augia, Minderau vulgo Weissenau. Gravure sur cuivre de Johann Matthias Steidlin. 1734. Plis central et vertical, l\u00e9g\u00e8re aur\u00e9ole centrale, indication \u00e0 la plume de pagination. Dimension du feuillet : 460 x 625 mm. Dimension au coup de planche : 375 x 485 mm. Vue de l&#8217;ouest de l&#8217;abbaye de Weissenau dans le Bade-Wurtemberg, \u00e0 Ratisbonne, l\u00e9gend\u00e9e en latin. Belle grande \u00e9preuve sur papier verg\u00e9.<\/p>\n","protected":false},"excerpt":{"rendered":"<p>[Abbaye de Weissenau] Minor-Augia, Minderau vulgo Weissenau. Johann Matthias Steidlin. 1734.<\/p>\n","protected":false},"featured_media":21860,"template":"","meta":[],"product_brand":[],"product_cat":[5223],"product_tag":[1215,834,10211],"class_list":{"0":"post-21889","1":"product","2":"type-product","3":"status-publish","4":"has-post-thumbnail","6":"product_cat-varia","7":"product_tag-abbaye","8":"product_tag-allemagne","9":"product_tag-bade-wurtemberg","10":"product_shipping_class-cat-livraison-3","11":"pa_annee-de-publication-10209","12":"pa_etat-de-conservation-bon","13":"pa_langue-latin","14":"pa_type-couverture-pas-de-couverture","16":"first","17":"instock","18":"shipping-taxable","19":"purchasable","20":"product-type-simple"},"_links":{"self":[{"href":"https:\/\/limage-et-le-livre.com\/en\/wp-json\/wp\/v2\/product\/21889","targetHints":{"allow":["GET"]}}],"collection":[{"href":"https:\/\/limage-et-le-livre.com\/en\/wp-json\/wp\/v2\/product"}],"about":[{"href":"https:\/\/limage-et-le-livre.com\/en\/wp-json\/wp\/v2\/types\/product"}],"version-history":[{"count":2,"href":"https:\/\/limage-et-le-livre.com\/en\/wp-json\/wp\/v2\/product\/21889\/revisions"}],"predecessor-version":[{"id":21891,"href":"https:\/\/limage-et-le-livre.com\/en\/wp-json\/wp\/v2\/product\/21889\/revisions\/21891"}],"wp:featuredmedia":[{"embeddable":true,"href":"https:\/\/limage-et-le-livre.com\/en\/wp-json\/wp\/v2\/media\/21860"}],"wp:attachment":[{"href":"https:\/\/limage-et-le-livre.com\/en\/wp-json\/wp\/v2\/media?parent=21889"}],"wp:term":[{"taxonomy":"product_brand","embeddable":true,"href":"https:\/\/limage-et-le-livre.com\/en\/wp-json\/wp\/v2\/product_brand?post=21889"},{"taxonomy":"product_cat","embeddable":true,"href":"https:\/\/limage-et-le-livre.com\/en\/wp-json\/wp\/v2\/product_cat?post=21889"},{"taxonomy":"product_tag","embeddable":true,"href":"https:\/\/limage-et-le-livre.com\/en\/wp-json\/wp\/v2\/product_tag?post=21889"}],"curies":[{"name":"wp","href":"https:\/\/api.w.org\/{rel}","templated":true}]}}