{"id":21899,"date":"2025-11-26T18:13:36","date_gmt":"2025-11-26T17:13:36","guid":{"rendered":"https:\/\/limage-et-le-livre.com\/?post_type=product&#038;p=21899"},"modified":"2026-03-12T16:08:31","modified_gmt":"2026-03-12T15:08:31","slug":"aqila-aigle","status":"publish","type":"product","link":"https:\/\/limage-et-le-livre.com\/en\/varia-en\/aqila-aigle\/","title":{"rendered":"Aqila (aigle)"},"content":{"rendered":"<p>Aqila (aigle). Anton Seder. Chromolithographie. 1903. Edit\u00e9e par Gerlach et Wiedling \u00e0 Vienne. Insolation et petites restaurations marginales. Format du sujet : 39,5 x 28,8 cm. Format du feuillet : 56,6 x 43 cm. Planche 21 issue d&#8217;un des portfolios &#8220;Das Tier in der Dekorativen Kunst&#8221; d&#8217;Anton Seder (Munich, 1850 &#8211; Strasbourg, 1916), peintre et directeur de l&#8217;\u00c9cole des arts d\u00e9coratifs de Strasbourg (Kunstgewerbeschule) de 1890 \u00e0 1915.<\/p>\n","protected":false},"excerpt":{"rendered":"<p>Aqila (aigle). Anton Seder. 1903.<\/p>\n","protected":false},"featured_media":21895,"template":"","meta":[],"product_brand":[],"product_cat":[5223],"product_tag":[870,10215,771],"class_list":{"0":"post-21899","1":"product","2":"type-product","3":"status-publish","4":"has-post-thumbnail","6":"product_cat-varia","7":"product_tag-alsatique","8":"product_tag-anton-seder","9":"product_tag-oiseaux","10":"product_shipping_class-cat-livraison-3","11":"pa_editeur-gerlach","12":"pa_editeur-wiedling","13":"pa_etat-de-conservation-bon","14":"pa_type-couverture-pas-de-couverture","16":"first","17":"instock","18":"shipping-taxable","19":"purchasable","20":"product-type-simple"},"_links":{"self":[{"href":"https:\/\/limage-et-le-livre.com\/en\/wp-json\/wp\/v2\/product\/21899","targetHints":{"allow":["GET"]}}],"collection":[{"href":"https:\/\/limage-et-le-livre.com\/en\/wp-json\/wp\/v2\/product"}],"about":[{"href":"https:\/\/limage-et-le-livre.com\/en\/wp-json\/wp\/v2\/types\/product"}],"version-history":[{"count":2,"href":"https:\/\/limage-et-le-livre.com\/en\/wp-json\/wp\/v2\/product\/21899\/revisions"}],"predecessor-version":[{"id":21901,"href":"https:\/\/limage-et-le-livre.com\/en\/wp-json\/wp\/v2\/product\/21899\/revisions\/21901"}],"wp:featuredmedia":[{"embeddable":true,"href":"https:\/\/limage-et-le-livre.com\/en\/wp-json\/wp\/v2\/media\/21895"}],"wp:attachment":[{"href":"https:\/\/limage-et-le-livre.com\/en\/wp-json\/wp\/v2\/media?parent=21899"}],"wp:term":[{"taxonomy":"product_brand","embeddable":true,"href":"https:\/\/limage-et-le-livre.com\/en\/wp-json\/wp\/v2\/product_brand?post=21899"},{"taxonomy":"product_cat","embeddable":true,"href":"https:\/\/limage-et-le-livre.com\/en\/wp-json\/wp\/v2\/product_cat?post=21899"},{"taxonomy":"product_tag","embeddable":true,"href":"https:\/\/limage-et-le-livre.com\/en\/wp-json\/wp\/v2\/product_tag?post=21899"}],"curies":[{"name":"wp","href":"https:\/\/api.w.org\/{rel}","templated":true}]}}