{"id":21918,"date":"2025-11-27T16:33:32","date_gmt":"2025-11-27T15:33:32","guid":{"rendered":"https:\/\/limage-et-le-livre.com\/?post_type=product&#038;p=21918"},"modified":"2026-03-12T16:07:22","modified_gmt":"2026-03-12T15:07:22","slug":"la-mariee","status":"publish","type":"product","link":"https:\/\/limage-et-le-livre.com\/en\/varia-en\/la-mariee\/","title":{"rendered":"La mari\u00e9e"},"content":{"rendered":"<p>La mari\u00e9e. Jean Patou. Pochoir aquarell\u00e9 \u00e0 la main, rehauts dor\u00e9s. 1923. Edit\u00e9e \u00e0 Paris par Albert, Godde, Bedin et cie. Pliures marginales. Format du feuillet : 24,8 x 24,1 cm. Format au coup de planche : 16,4 x 17,8 cm. Planche pour la revue de luxe mensuelle Art Go\u00fbt Beaut\u00e9 de juillet 1923.<\/p>\n","protected":false},"excerpt":{"rendered":"<p>La mari\u00e9e. Jean Patou. 1923.<\/p>\n","protected":false},"featured_media":21893,"template":"","meta":[],"product_brand":[],"product_cat":[5223],"product_tag":[9692,9695,681,9697],"class_list":{"0":"post-21918","1":"product","2":"type-product","3":"status-publish","4":"has-post-thumbnail","6":"product_cat-varia","7":"product_tag-annees-20","8":"product_tag-annees-folles","9":"product_tag-mode","10":"product_tag-pochoir","11":"product_shipping_class-cat-livraison-2","12":"pa_annee-de-publication-1241","13":"pa_editeur-albert-godde-bedin-et-cie","14":"pa_etat-de-conservation-bon","15":"pa_type-couverture-pas-de-couverture","17":"first","18":"instock","19":"shipping-taxable","20":"purchasable","21":"product-type-simple"},"_links":{"self":[{"href":"https:\/\/limage-et-le-livre.com\/en\/wp-json\/wp\/v2\/product\/21918","targetHints":{"allow":["GET"]}}],"collection":[{"href":"https:\/\/limage-et-le-livre.com\/en\/wp-json\/wp\/v2\/product"}],"about":[{"href":"https:\/\/limage-et-le-livre.com\/en\/wp-json\/wp\/v2\/types\/product"}],"version-history":[{"count":2,"href":"https:\/\/limage-et-le-livre.com\/en\/wp-json\/wp\/v2\/product\/21918\/revisions"}],"predecessor-version":[{"id":21920,"href":"https:\/\/limage-et-le-livre.com\/en\/wp-json\/wp\/v2\/product\/21918\/revisions\/21920"}],"wp:featuredmedia":[{"embeddable":true,"href":"https:\/\/limage-et-le-livre.com\/en\/wp-json\/wp\/v2\/media\/21893"}],"wp:attachment":[{"href":"https:\/\/limage-et-le-livre.com\/en\/wp-json\/wp\/v2\/media?parent=21918"}],"wp:term":[{"taxonomy":"product_brand","embeddable":true,"href":"https:\/\/limage-et-le-livre.com\/en\/wp-json\/wp\/v2\/product_brand?post=21918"},{"taxonomy":"product_cat","embeddable":true,"href":"https:\/\/limage-et-le-livre.com\/en\/wp-json\/wp\/v2\/product_cat?post=21918"},{"taxonomy":"product_tag","embeddable":true,"href":"https:\/\/limage-et-le-livre.com\/en\/wp-json\/wp\/v2\/product_tag?post=21918"}],"curies":[{"name":"wp","href":"https:\/\/api.w.org\/{rel}","templated":true}]}}