{"id":21921,"date":"2025-11-27T16:51:35","date_gmt":"2025-11-27T15:51:35","guid":{"rendered":"https:\/\/limage-et-le-livre.com\/?post_type=product&#038;p=21921"},"modified":"2026-04-08T14:10:55","modified_gmt":"2026-04-08T12:10:55","slug":"rituale-argentinense-autoritate-eminentissimi-et-serenissimi-principis-armandi-gastonis-cardinalis-de-rohan-episcopi-et-principis-argentinensis","status":"publish","type":"product","link":"https:\/\/limage-et-le-livre.com\/en\/livres\/religion\/rituale-argentinense-autoritate-eminentissimi-et-serenissimi-principis-armandi-gastonis-cardinalis-de-rohan-episcopi-et-principis-argentinensis\/","title":{"rendered":"Rituale Argentinense, autoritate eminentissimi et serenissimi..."},"content":{"rendered":"<p><strong>Strasbourg, Le Roux, 1742<\/strong><\/p>\n<p><p>Strasbourg, Le Roux, 1742 ; in-4 de (16) ff. + 426 pp. + (7) ff. Plein veau d&#8217;\u00e9poque, dos \u00e0 nerfs, pi\u00e8ce de titre, caissons orn\u00e9s de fleurons dor\u00e9s. Reliure usag\u00e9e aux coiffes et mors aras\u00e9s avec quelques travaux de restauration, mouillures en d\u00e9but d&#8217;ouvrage, quelques rousseurs. Exemplaire bien complet des 2 planches hors-texte et des dix vignettes grav\u00e9es par Jean Striedbeck d&#8217;apr\u00e8s Parrocel.<\/p>\n<\/p>\n<p><small>Le prix du port est calcule selon la destination et le poids du colis.<\/small><\/p>\n","protected":false},"excerpt":{"rendered":"<p>Rituale Argentinense, autoritate eminentissimi et serenissimi principis Armandi Gastonis Cardinalis de Rohan, episcopi et principis Argentinensis. 1742.<\/p>\n","protected":false},"featured_media":23661,"template":"","meta":[],"product_brand":[],"product_cat":[5134,5114],"product_tag":[877,2362,652,727],"class_list":{"0":"post-21921","1":"product","2":"type-product","3":"status-publish","4":"has-post-thumbnail","6":"product_cat-religion","7":"product_cat-livres","8":"product_tag-alsace","9":"product_tag-clerge","10":"product_tag-histoire","11":"product_tag-religion","12":"product_shipping_class-cat-livraison-3","13":"pa_annee-de-publication-4367","14":"pa_editeur-le-roux","15":"pa_etat-de-conservation-satisfaisant","16":"pa_illustrateur-jean-striedbeck","17":"pa_langue-allemand","18":"pa_lieu-de-publication-strasbourg","19":"pa_type-couverture-couverture-rigide","21":"first","22":"instock","23":"shipping-taxable","24":"purchasable","25":"product-type-simple"},"_links":{"self":[{"href":"https:\/\/limage-et-le-livre.com\/en\/wp-json\/wp\/v2\/product\/21921","targetHints":{"allow":["GET"]}}],"collection":[{"href":"https:\/\/limage-et-le-livre.com\/en\/wp-json\/wp\/v2\/product"}],"about":[{"href":"https:\/\/limage-et-le-livre.com\/en\/wp-json\/wp\/v2\/types\/product"}],"version-history":[{"count":4,"href":"https:\/\/limage-et-le-livre.com\/en\/wp-json\/wp\/v2\/product\/21921\/revisions"}],"predecessor-version":[{"id":23671,"href":"https:\/\/limage-et-le-livre.com\/en\/wp-json\/wp\/v2\/product\/21921\/revisions\/23671"}],"wp:featuredmedia":[{"embeddable":true,"href":"https:\/\/limage-et-le-livre.com\/en\/wp-json\/wp\/v2\/media\/23661"}],"wp:attachment":[{"href":"https:\/\/limage-et-le-livre.com\/en\/wp-json\/wp\/v2\/media?parent=21921"}],"wp:term":[{"taxonomy":"product_brand","embeddable":true,"href":"https:\/\/limage-et-le-livre.com\/en\/wp-json\/wp\/v2\/product_brand?post=21921"},{"taxonomy":"product_cat","embeddable":true,"href":"https:\/\/limage-et-le-livre.com\/en\/wp-json\/wp\/v2\/product_cat?post=21921"},{"taxonomy":"product_tag","embeddable":true,"href":"https:\/\/limage-et-le-livre.com\/en\/wp-json\/wp\/v2\/product_tag?post=21921"}],"curies":[{"name":"wp","href":"https:\/\/api.w.org\/{rel}","templated":true}]}}