{"id":21926,"date":"2025-11-27T17:30:07","date_gmt":"2025-11-27T16:30:07","guid":{"rendered":"https:\/\/limage-et-le-livre.com\/?post_type=product&#038;p=21926"},"modified":"2026-04-08T14:18:53","modified_gmt":"2026-04-08T12:18:53","slug":"les-graveurs-contemporains-en-alsace","status":"publish","type":"product","link":"https:\/\/limage-et-le-livre.com\/en\/books\/les-graveurs-contemporains-en-alsace\/","title":{"rendered":"Les graveurs contemporains en Alsace"},"content":{"rendered":"<p><strong>Colmar, Alsatia, 1948<\/strong><\/p>\n<p><p>Colmar et Paris, \u00c9ditions Alsatia, 1948 ; in-8 de 158 pp. Demi skyvertex rouge, auteur et titre au dos. Couverture conserv\u00e9e illustr\u00e9e par Brunck de Frendeck. Tirage courant de l&#8217;\u00e9dition originale. Notices et reproductions d&#8217;\u0153uvres de Maurice Achener, Ren\u00e9 Allenbach, Richard Brunck de Freundeck, Auguste Dubois, Georges Ritleng, Hansi, L\u00e9o Schnug, Sabine Hackenschmidt, etc&#8230;. Ex-libris de l&#8217;artiste Louis-Ren\u00e9 Becker.<\/p>\n<\/p>\n<p><small>Le prix du port est calcule selon la destination et le poids du colis.<\/small><\/p>\n","protected":false},"excerpt":{"rendered":"<p>Les graveurs contemporains en Alsace. Taille-douce \/ eau-forte \/ burin. ANDR\u00c8S (Aloyse). 1948.<\/p>\n","protected":false},"featured_media":23843,"template":"","meta":[],"product_brand":[],"product_cat":[5114],"product_tag":[870,9126,9080,8264,10097,8645],"class_list":{"0":"post-21926","1":"product","2":"type-product","3":"status-publish","4":"has-post-thumbnail","6":"product_cat-livres","7":"product_tag-alsatique","8":"product_tag-artiste-alsacien","9":"product_tag-gravure","10":"product_tag-hansi","11":"product_tag-leo-schnug","12":"product_tag-richard-brunck-de-freundeck","13":"product_shipping_class-cat-livraison-2","14":"pa_annee-de-publication-435","15":"pa_editeur-alsatia","16":"pa_langue-francais","17":"pa_lieu-de-publication-colmar","18":"pa_type-couverture-couverture-rigide","20":"first","21":"instock","22":"shipping-taxable","23":"purchasable","24":"product-type-simple"},"_links":{"self":[{"href":"https:\/\/limage-et-le-livre.com\/en\/wp-json\/wp\/v2\/product\/21926","targetHints":{"allow":["GET"]}}],"collection":[{"href":"https:\/\/limage-et-le-livre.com\/en\/wp-json\/wp\/v2\/product"}],"about":[{"href":"https:\/\/limage-et-le-livre.com\/en\/wp-json\/wp\/v2\/types\/product"}],"version-history":[{"count":3,"href":"https:\/\/limage-et-le-livre.com\/en\/wp-json\/wp\/v2\/product\/21926\/revisions"}],"predecessor-version":[{"id":23849,"href":"https:\/\/limage-et-le-livre.com\/en\/wp-json\/wp\/v2\/product\/21926\/revisions\/23849"}],"wp:featuredmedia":[{"embeddable":true,"href":"https:\/\/limage-et-le-livre.com\/en\/wp-json\/wp\/v2\/media\/23843"}],"wp:attachment":[{"href":"https:\/\/limage-et-le-livre.com\/en\/wp-json\/wp\/v2\/media?parent=21926"}],"wp:term":[{"taxonomy":"product_brand","embeddable":true,"href":"https:\/\/limage-et-le-livre.com\/en\/wp-json\/wp\/v2\/product_brand?post=21926"},{"taxonomy":"product_cat","embeddable":true,"href":"https:\/\/limage-et-le-livre.com\/en\/wp-json\/wp\/v2\/product_cat?post=21926"},{"taxonomy":"product_tag","embeddable":true,"href":"https:\/\/limage-et-le-livre.com\/en\/wp-json\/wp\/v2\/product_tag?post=21926"}],"curies":[{"name":"wp","href":"https:\/\/api.w.org\/{rel}","templated":true}]}}